{"id":1740,"date":"2025-08-02T14:44:49","date_gmt":"2025-08-02T14:44:49","guid":{"rendered":"https:\/\/seamlessview.shop\/?page_id=1740"},"modified":"2025-08-02T14:45:33","modified_gmt":"2025-08-02T14:45:33","slug":"about-us","status":"publish","type":"page","link":"https:\/\/seamlessview.shop\/es\/about-us\/","title":{"rendered":"Qui\u00e9nes somos"},"content":{"rendered":"<div data-elementor-type=\"wp-page\" data-elementor-id=\"1740\" class=\"elementor elementor-1740\" data-elementor-post-type=\"page\">\n\t\t\t\t<div class=\"elementor-element elementor-element-13acc191 e-flex e-con-boxed e-con e-parent\" data-id=\"13acc191\" data-element_type=\"container\" data-settings=\"{&quot;ekit_has_onepagescroll_dot&quot;:&quot;yes&quot;}\">\n\t\t\t\t\t<div class=\"e-con-inner\">\n\t\t\t\t<div class=\"elementor-element elementor-element-6d2d94cb elementor-widget elementor-widget-text-editor\" data-id=\"6d2d94cb\" data-element_type=\"widget\" data-settings=\"{&quot;ekit_we_effect_on&quot;:&quot;none&quot;}\" data-widget_type=\"text-editor.default\">\n\t\t\t\t<div class=\"elementor-widget-container\">\n\t\t\t\t\t\t\t\t\t\n<p data-start=\"45\" data-end=\"256\">Creemos que comprar debe ser sencillo, agradable y fiable.<br data-start=\"125\" data-end=\"128\" \/>Reunimos en un solo lugar una amplia variedad de art\u00edculos de uso cotidiano cuidadosamente seleccionados, desde productos b\u00e1sicos hasta hallazgos especiales.<\/p>\n<p data-start=\"258\" data-end=\"508\">Nuestro objetivo es hacer la vida m\u00e1s c\u00f3moda ofreciendo art\u00edculos de calidad, un servicio constante y un espacio en el que los clientes se sientan bienvenidos y valorados. Tanto si navega por la tienda como si lo hace por Internet, nuestro objetivo es que su experiencia sea fluida, eficiente y gratificante.<\/p>\n<p data-start=\"510\" data-end=\"649\">Nos adaptamos constantemente a las tendencias, las necesidades de los clientes y los cambios estacionales para garantizar que lo que ofrecemos sea siempre relevante, fresco y fiable.<\/p>\n<p data-start=\"651\" data-end=\"669\"><strong data-start=\"651\" data-end=\"669\">Lo que valoramos:<\/strong><\/p>\n<ul data-start=\"671\" data-end=\"926\">\n<li data-start=\"671\" data-end=\"740\">\n<p data-start=\"673\" data-end=\"740\"><strong data-start=\"673\" data-end=\"684\">Calidad<\/strong> - Productos que cumplen las normas y expectativas diarias<\/p>\n<\/li>\n<li data-start=\"741\" data-end=\"796\">\n<p data-start=\"743\" data-end=\"796\"><strong data-start=\"743\" data-end=\"754\">Variedad<\/strong> - Opciones para todos los gustos y estilos de vida<\/p>\n<\/li>\n<li data-start=\"797\" data-end=\"858\">\n<p data-start=\"799\" data-end=\"858\"><strong data-start=\"799\" data-end=\"816\">Accesibilidad<\/strong> - Informaci\u00f3n clara y navegaci\u00f3n sencilla<\/p>\n<\/li>\n<li data-start=\"859\" data-end=\"926\">\n<p data-start=\"861\" data-end=\"926\"><strong data-start=\"861\" data-end=\"872\">Servicio<\/strong> - Asistencia amable y receptiva siempre que la necesite<\/p>\n<\/li>\n<\/ul>\n<p data-start=\"928\" data-end=\"986\">Somos m\u00e1s que una tienda: formamos parte de tu ritmo diario.<\/p>\n\t\t\t\t\t\t\t\t<\/div>\n\t\t\t\t<\/div>\n\t\t\t\t\t<\/div>\n\t\t\t\t<\/div>\n\t\t\t\t<\/div>","protected":false},"excerpt":{"rendered":"<p>At our core, we believe that shopping should be simple, enjoyable, and reliable.We bring together a wide variety of carefully selected everyday goods \u2014 from essentials to specialty finds \u2014 all in one place. Our goal is to make life more convenient by offering quality items, consistent service, and a space where customers feel welcomed [&hellip;]<\/p>","protected":false},"author":1,"featured_media":0,"parent":0,"menu_order":0,"comment_status":"closed","ping_status":"closed","template":"","meta":{"_acf_changed":false,"footnotes":""},"class_list":["post-1740","page","type-page","status-publish","hentry"],"acf":[],"_hostinger_reach_plugin_has_subscription_block":false,"_hostinger_reach_plugin_is_elementor":false,"_links":{"self":[{"href":"https:\/\/seamlessview.shop\/es\/wp-json\/wp\/v2\/pages\/1740","targetHints":{"allow":["GET"]}}],"collection":[{"href":"https:\/\/seamlessview.shop\/es\/wp-json\/wp\/v2\/pages"}],"about":[{"href":"https:\/\/seamlessview.shop\/es\/wp-json\/wp\/v2\/types\/page"}],"author":[{"embeddable":true,"href":"https:\/\/seamlessview.shop\/es\/wp-json\/wp\/v2\/users\/1"}],"replies":[{"embeddable":true,"href":"https:\/\/seamlessview.shop\/es\/wp-json\/wp\/v2\/comments?post=1740"}],"version-history":[{"count":5,"href":"https:\/\/seamlessview.shop\/es\/wp-json\/wp\/v2\/pages\/1740\/revisions"}],"predecessor-version":[{"id":1745,"href":"https:\/\/seamlessview.shop\/es\/wp-json\/wp\/v2\/pages\/1740\/revisions\/1745"}],"wp:attachment":[{"href":"https:\/\/seamlessview.shop\/es\/wp-json\/wp\/v2\/media?parent=1740"}],"curies":[{"name":"wp","href":"https:\/\/api.w.org\/{rel}","templated":true}]}}