{"id":1755,"date":"2025-08-02T14:48:37","date_gmt":"2025-08-02T14:48:37","guid":{"rendered":"https:\/\/seamlessview.shop\/?page_id=1755"},"modified":"2025-08-02T14:49:12","modified_gmt":"2025-08-02T14:49:12","slug":"popular-items","status":"publish","type":"page","link":"https:\/\/seamlessview.shop\/es\/popular-items\/","title":{"rendered":"Art\u00edculos populares"},"content":{"rendered":"<div data-elementor-type=\"wp-page\" data-elementor-id=\"1755\" class=\"elementor elementor-1755\" data-elementor-post-type=\"page\">\n\t\t\t\t<div class=\"elementor-element elementor-element-0becccb e-flex e-con-boxed e-con e-parent\" data-id=\"0becccb\" data-element_type=\"container\" data-settings=\"{&quot;ekit_has_onepagescroll_dot&quot;:&quot;yes&quot;}\">\n\t\t\t\t\t<div class=\"e-con-inner\">\n\t\t\t\t<div class=\"elementor-element elementor-element-4df593a elementor-widget elementor-widget-text-editor\" data-id=\"4df593a\" data-element_type=\"widget\" data-settings=\"{&quot;ekit_we_effect_on&quot;:&quot;none&quot;}\" data-widget_type=\"text-editor.default\">\n\t\t\t\t<div class=\"elementor-widget-container\">\n\t\t\t\t\t\t\t\t\t<p data-start=\"1563\" data-end=\"1655\">Esto es lo que los clientes adoran ahora mismo: una mezcla de productos favoritos de cada d\u00eda y de tendencias:<\/p><h3 data-start=\"1657\" data-end=\"1692\">\u00a0Elegidos con frecuencia por los compradores<\/h3><ul data-start=\"1693\" data-end=\"1858\"><li data-start=\"1693\" data-end=\"1750\"><p data-start=\"1695\" data-end=\"1750\">Art\u00edculos conocidos por su fiabilidad, calidad y valor<\/p><\/li><li data-start=\"1751\" data-end=\"1808\"><p data-start=\"1753\" data-end=\"1808\">Productos de uso diario que se reponen constantemente<\/p><\/li><li data-start=\"1809\" data-end=\"1858\"><p data-start=\"1811\" data-end=\"1858\">Superventas de temporada y ofertas limitadas en el tiempo<\/p><\/li><\/ul><h3 data-start=\"1860\" data-end=\"1886\">\u00a0Destacados con regularidad:<\/h3><ul data-start=\"1887\" data-end=\"2029\"><li data-start=\"1887\" data-end=\"1929\"><p data-start=\"1889\" data-end=\"1929\">Ediciones especiales o colecciones tem\u00e1ticas<\/p><\/li><li data-start=\"1930\" data-end=\"1977\"><p data-start=\"1932\" data-end=\"1977\">C\u00f3modos formatos multiuso o de tama\u00f1o familiar<\/p><\/li><li data-start=\"1978\" data-end=\"2029\"><p data-start=\"1980\" data-end=\"2029\">Art\u00edculos con buenas opiniones y valoraciones de los clientes<\/p><\/li><\/ul><p data-start=\"2031\" data-end=\"2198\">\u00bfQuieres estar al d\u00eda de las tendencias?<br data-start=\"2071\" data-end=\"2074\" \/>Visite nuestro <strong data-start=\"2084\" data-end=\"2106\">Secci\u00f3n Destacados<\/strong> en la tienda o consulte el <strong data-start=\"2129\" data-end=\"2146\">Selecciones populares<\/strong> categor\u00eda en l\u00ednea. La disponibilidad puede variar seg\u00fan el lugar.<\/p>\t\t\t\t\t\t\t\t<\/div>\n\t\t\t\t<\/div>\n\t\t\t\t\t<\/div>\n\t\t\t\t<\/div>\n\t\t\t\t<\/div>","protected":false},"excerpt":{"rendered":"<p>Here\u2019s what customers are loving right now \u2014 a mix of everyday favorites and trending picks: \u00a0Frequently Chosen by Shoppers Items known for their reliability, quality, and value Everyday-use products that are consistently restocked Seasonal best-sellers and time-limited offers \u00a0Regularly Featured: Special editions or themed collections Convenient multi-use or family-size formats Items with strong customer [&hellip;]<\/p>","protected":false},"author":1,"featured_media":0,"parent":0,"menu_order":0,"comment_status":"closed","ping_status":"closed","template":"","meta":{"_acf_changed":false,"footnotes":""},"class_list":["post-1755","page","type-page","status-publish","hentry"],"acf":[],"_hostinger_reach_plugin_has_subscription_block":false,"_hostinger_reach_plugin_is_elementor":false,"_links":{"self":[{"href":"https:\/\/seamlessview.shop\/es\/wp-json\/wp\/v2\/pages\/1755","targetHints":{"allow":["GET"]}}],"collection":[{"href":"https:\/\/seamlessview.shop\/es\/wp-json\/wp\/v2\/pages"}],"about":[{"href":"https:\/\/seamlessview.shop\/es\/wp-json\/wp\/v2\/types\/page"}],"author":[{"embeddable":true,"href":"https:\/\/seamlessview.shop\/es\/wp-json\/wp\/v2\/users\/1"}],"replies":[{"embeddable":true,"href":"https:\/\/seamlessview.shop\/es\/wp-json\/wp\/v2\/comments?post=1755"}],"version-history":[{"count":4,"href":"https:\/\/seamlessview.shop\/es\/wp-json\/wp\/v2\/pages\/1755\/revisions"}],"predecessor-version":[{"id":1759,"href":"https:\/\/seamlessview.shop\/es\/wp-json\/wp\/v2\/pages\/1755\/revisions\/1759"}],"wp:attachment":[{"href":"https:\/\/seamlessview.shop\/es\/wp-json\/wp\/v2\/media?parent=1755"}],"curies":[{"name":"wp","href":"https:\/\/api.w.org\/{rel}","templated":true}]}}