{"id":1762,"date":"2025-08-02T15:21:16","date_gmt":"2025-08-02T15:21:16","guid":{"rendered":"https:\/\/seamlessview.shop\/?page_id=1762"},"modified":"2025-08-02T15:22:40","modified_gmt":"2025-08-02T15:22:40","slug":"help-center","status":"publish","type":"page","link":"https:\/\/seamlessview.shop\/es\/help-center\/","title":{"rendered":"Centro de ayuda"},"content":{"rendered":"<div data-elementor-type=\"wp-page\" data-elementor-id=\"1762\" class=\"elementor elementor-1762\" data-elementor-post-type=\"page\">\n\t\t\t\t<div class=\"elementor-element elementor-element-d750f6c e-flex e-con-boxed e-con e-parent\" data-id=\"d750f6c\" data-element_type=\"container\" data-settings=\"{&quot;ekit_has_onepagescroll_dot&quot;:&quot;yes&quot;}\">\n\t\t\t\t\t<div class=\"e-con-inner\">\n\t\t\t\t<div class=\"elementor-element elementor-element-8bc4f96 elementor-widget elementor-widget-text-editor\" data-id=\"8bc4f96\" data-element_type=\"widget\" data-settings=\"{&quot;ekit_we_effect_on&quot;:&quot;none&quot;}\" data-widget_type=\"text-editor.default\">\n\t\t\t\t<div class=\"elementor-widget-container\">\n\t\t\t\t\t\t\t\t\t<h2 data-start=\"131\" data-end=\"148\">Centro de ayuda<\/h2><p data-start=\"150\" data-end=\"339\">Bienvenido al Centro de ayuda: su recurso para obtener respuestas r\u00e1pidas y asistencia.<br data-start=\"229\" data-end=\"232\" \/>Si busca informaci\u00f3n, tiene un problema o simplemente necesita orientaci\u00f3n, estamos aqu\u00ed para ayudarle.<\/p><h3 data-start=\"341\" data-end=\"370\">Esto es lo que puedes encontrar:<\/h3><ul data-start=\"371\" data-end=\"676\"><li data-start=\"371\" data-end=\"454\"><p data-start=\"373\" data-end=\"454\"><strong data-start=\"376\" data-end=\"384\">Preguntas frecuentes<\/strong> - Respuestas a preguntas frecuentes sobre compras, entregas y servicios<\/p><\/li><li data-start=\"455\" data-end=\"534\"><p data-start=\"457\" data-end=\"534\"><strong data-start=\"460\" data-end=\"483\">Informaci\u00f3n sobre pedidos y devoluciones<\/strong> - Conozca los procesos, plazos y pol\u00edticas<\/p><\/li><li data-start=\"535\" data-end=\"608\"><p data-start=\"537\" data-end=\"608\"><strong data-start=\"540\" data-end=\"564\">Consejos para solucionar problemas<\/strong> - Ayuda paso a paso para situaciones habituales<\/p><\/li><li data-start=\"609\" data-end=\"676\"><p data-start=\"611\" data-end=\"676\"><strong data-start=\"614\" data-end=\"635\">Gu\u00edas y pol\u00edticas<\/strong> - Explicaciones claras sobre nuestro funcionamiento<\/p><\/li><\/ul><p data-start=\"678\" data-end=\"803\">Hemos dise\u00f1ado nuestro Centro de ayuda para que sea f\u00e1cil de navegar y est\u00e9 disponible 24 horas al d\u00eda, 7 d\u00edas a la semana.<br data-start=\"751\" data-end=\"754\" \/>\u00bfNecesita ayuda? Nuestro equipo est\u00e1 a solo un mensaje de distancia.<\/p>\t\t\t\t\t\t\t\t<\/div>\n\t\t\t\t<\/div>\n\t\t\t\t\t<\/div>\n\t\t\t\t<\/div>\n\t\t\t\t<\/div>","protected":false},"excerpt":{"rendered":"<p>Centro de Ayuda Bienvenido al Centro de Ayuda, su recurso de referencia para obtener respuestas r\u00e1pidas y ayuda. Tanto si busca informaci\u00f3n como si tiene un problema o simplemente necesita orientaci\u00f3n, estamos aqu\u00ed para ayudarle. Esto es lo que puede encontrar: Preguntas m\u00e1s frecuentes - Respuestas a preguntas habituales sobre compras, entregas y servicios Informaci\u00f3n sobre pedidos y devoluciones - M\u00e1s informaci\u00f3n sobre procesos, [...]<\/p>","protected":false},"author":1,"featured_media":0,"parent":0,"menu_order":0,"comment_status":"closed","ping_status":"closed","template":"","meta":{"_acf_changed":false,"footnotes":""},"class_list":["post-1762","page","type-page","status-publish","hentry"],"acf":[],"_hostinger_reach_plugin_has_subscription_block":false,"_hostinger_reach_plugin_is_elementor":false,"_links":{"self":[{"href":"https:\/\/seamlessview.shop\/es\/wp-json\/wp\/v2\/pages\/1762","targetHints":{"allow":["GET"]}}],"collection":[{"href":"https:\/\/seamlessview.shop\/es\/wp-json\/wp\/v2\/pages"}],"about":[{"href":"https:\/\/seamlessview.shop\/es\/wp-json\/wp\/v2\/types\/page"}],"author":[{"embeddable":true,"href":"https:\/\/seamlessview.shop\/es\/wp-json\/wp\/v2\/users\/1"}],"replies":[{"embeddable":true,"href":"https:\/\/seamlessview.shop\/es\/wp-json\/wp\/v2\/comments?post=1762"}],"version-history":[{"count":4,"href":"https:\/\/seamlessview.shop\/es\/wp-json\/wp\/v2\/pages\/1762\/revisions"}],"predecessor-version":[{"id":1766,"href":"https:\/\/seamlessview.shop\/es\/wp-json\/wp\/v2\/pages\/1762\/revisions\/1766"}],"wp:attachment":[{"href":"https:\/\/seamlessview.shop\/es\/wp-json\/wp\/v2\/media?parent=1762"}],"curies":[{"name":"wp","href":"https:\/\/api.w.org\/{rel}","templated":true}]}}