{"id":1767,"date":"2025-08-02T15:23:19","date_gmt":"2025-08-02T15:23:19","guid":{"rendered":"https:\/\/seamlessview.shop\/?page_id=1767"},"modified":"2025-08-02T15:24:19","modified_gmt":"2025-08-02T15:24:19","slug":"live-chat","status":"publish","type":"page","link":"https:\/\/seamlessview.shop\/es\/live-chat\/","title":{"rendered":"Chat en directo"},"content":{"rendered":"<div data-elementor-type=\"wp-page\" data-elementor-id=\"1767\" class=\"elementor elementor-1767\" data-elementor-post-type=\"page\">\n\t\t\t\t<div class=\"elementor-element elementor-element-2ea479b e-flex e-con-boxed e-con e-parent\" data-id=\"2ea479b\" data-element_type=\"container\" data-settings=\"{&quot;ekit_has_onepagescroll_dot&quot;:&quot;yes&quot;}\">\n\t\t\t\t\t<div class=\"e-con-inner\">\n\t\t\t\t<div class=\"elementor-element elementor-element-dc3085e elementor-widget elementor-widget-text-editor\" data-id=\"dc3085e\" data-element_type=\"widget\" data-settings=\"{&quot;ekit_we_effect_on&quot;:&quot;none&quot;}\" data-widget_type=\"text-editor.default\">\n\t\t\t\t<div class=\"elementor-widget-container\">\n\t\t\t\t\t\t\t\t\t<p data-start=\"827\" data-end=\"903\">\u00bfNecesita ayuda r\u00e1pida? Nuestra <strong data-start=\"854\" data-end=\"867\">Chat en directo<\/strong> est\u00e1 preparado para ayudarle en tiempo real.<\/p><h3 data-start=\"905\" data-end=\"939\">Qu\u00e9 puede hacer a trav\u00e9s del chat en directo:<\/h3><ul data-start=\"940\" data-end=\"1113\"><li data-start=\"940\" data-end=\"997\"><p data-start=\"942\" data-end=\"997\">Hacer preguntas sobre productos, servicios o procedimientos<\/p><\/li><li data-start=\"998\" data-end=\"1045\"><p data-start=\"1000\" data-end=\"1045\">Obtener asistencia para pedidos o problemas t\u00e9cnicos<\/p><\/li><li data-start=\"1046\" data-end=\"1084\"><p data-start=\"1048\" data-end=\"1084\">Recibir recomendaciones o actualizaciones<\/p><\/li><li data-start=\"1085\" data-end=\"1113\"><p data-start=\"1087\" data-end=\"1113\">Compartir opiniones al instante<\/p><\/li><\/ul><p data-start=\"1115\" data-end=\"1191\"><strong data-start=\"1115\" data-end=\"1132\">Disponibilidad:<\/strong><br data-start=\"1132\" data-end=\"1135\" \/>De lunes a viernes<br data-start=\"1154\" data-end=\"1157\" \/>\u23f0 9:00 - 18:00 (hora local)<\/p><p data-start=\"1193\" data-end=\"1290\">Cuando nuestros agentes no est\u00e9n conectados, puede dejar un mensaje y le responderemos lo antes posible.<\/p><p data-start=\"1292\" data-end=\"1364\">Estamos aqu\u00ed para hacer que su experiencia sea m\u00e1s f\u00e1cil, fluida y agradable.<\/p>\t\t\t\t\t\t\t\t<\/div>\n\t\t\t\t<\/div>\n\t\t\t\t\t<\/div>\n\t\t\t\t<\/div>\n\t\t\t\t<\/div>","protected":false},"excerpt":{"rendered":"<p>\u00bfNecesita ayuda r\u00e1pida? Nuestro equipo de Live Chat est\u00e1 preparado para ayudarle en tiempo real. Qu\u00e9 puede hacer a trav\u00e9s del Chat en vivo: Hacer preguntas sobre productos, servicios o procedimientos Obtener ayuda con pedidos o problemas t\u00e9cnicos Recibir recomendaciones o actualizaciones Compartir comentarios al instante Disponibilidad:\ud83d\udd50 Lunes a viernes\u23f0 9:00 AM - 6:00 PM (hora local) Cuando nuestros agentes [...]<\/p>","protected":false},"author":1,"featured_media":0,"parent":0,"menu_order":0,"comment_status":"closed","ping_status":"closed","template":"","meta":{"_acf_changed":false,"footnotes":""},"class_list":["post-1767","page","type-page","status-publish","hentry"],"acf":[],"_hostinger_reach_plugin_has_subscription_block":false,"_hostinger_reach_plugin_is_elementor":false,"_links":{"self":[{"href":"https:\/\/seamlessview.shop\/es\/wp-json\/wp\/v2\/pages\/1767","targetHints":{"allow":["GET"]}}],"collection":[{"href":"https:\/\/seamlessview.shop\/es\/wp-json\/wp\/v2\/pages"}],"about":[{"href":"https:\/\/seamlessview.shop\/es\/wp-json\/wp\/v2\/types\/page"}],"author":[{"embeddable":true,"href":"https:\/\/seamlessview.shop\/es\/wp-json\/wp\/v2\/users\/1"}],"replies":[{"embeddable":true,"href":"https:\/\/seamlessview.shop\/es\/wp-json\/wp\/v2\/comments?post=1767"}],"version-history":[{"count":4,"href":"https:\/\/seamlessview.shop\/es\/wp-json\/wp\/v2\/pages\/1767\/revisions"}],"predecessor-version":[{"id":1771,"href":"https:\/\/seamlessview.shop\/es\/wp-json\/wp\/v2\/pages\/1767\/revisions\/1771"}],"wp:attachment":[{"href":"https:\/\/seamlessview.shop\/es\/wp-json\/wp\/v2\/media?parent=1767"}],"curies":[{"name":"wp","href":"https:\/\/api.w.org\/{rel}","templated":true}]}}