{"id":1842,"date":"2025-09-30T08:34:44","date_gmt":"2025-09-30T08:34:44","guid":{"rendered":"https:\/\/seamlessview.shop\/?page_id=1842"},"modified":"2025-10-02T13:50:31","modified_gmt":"2025-10-02T13:50:31","slug":"checkout","status":"publish","type":"page","link":"https:\/\/seamlessview.shop\/es\/checkout\/","title":{"rendered":"Pedido"},"content":{"rendered":"<div data-elementor-type=\"wp-page\" data-elementor-id=\"1842\" class=\"elementor elementor-1842\" data-elementor-post-type=\"page\">\n\t\t\t\t<div class=\"elementor-element elementor-element-5be5b9c e-flex e-con-boxed e-con e-parent\" data-id=\"5be5b9c\" data-element_type=\"container\" data-settings=\"{&quot;ekit_has_onepagescroll_dot&quot;:&quot;yes&quot;}\">\n\t\t\t\t\t<div class=\"e-con-inner\">\n\t\t\t\t<div class=\"elementor-element elementor-element-b00e22d e-checkout-layout-two-column elementor-widget elementor-widget-woocommerce-checkout-page\" data-id=\"b00e22d\" data-element_type=\"widget\" data-settings=\"{&quot;ekit_we_effect_on&quot;:&quot;none&quot;}\" data-widget_type=\"woocommerce-checkout-page.default\">\n\t\t\t\t<div class=\"elementor-widget-container\">\n\t\t\t\t\t<div class=\"woocommerce\"><\/div>\t\t\t\t<\/div>\n\t\t\t\t<\/div>\n\t\t\t\t\t<\/div>\n\t\t\t\t<\/div>\n\t\t<div class=\"elementor-element elementor-element-8ba41e2 e-grid e-con-boxed e-con e-parent\" data-id=\"8ba41e2\" data-element_type=\"container\" data-settings=\"{&quot;ekit_has_onepagescroll_dot&quot;:&quot;yes&quot;}\">\n\t\t\t\t\t<div class=\"e-con-inner\">\n\t\t\t\t<div class=\"elementor-element elementor-element-b583e72 elementor-widget elementor-widget-image\" data-id=\"b583e72\" data-element_type=\"widget\" data-settings=\"{&quot;ekit_we_effect_on&quot;:&quot;none&quot;}\" data-widget_type=\"image.default\">\n\t\t\t\t<div class=\"elementor-widget-container\">\n\t\t\t\t\t\t\t\t\t\t\t\t\t\t\t<img fetchpriority=\"high\" decoding=\"async\" width=\"800\" height=\"435\" src=\"https:\/\/seamlessview.shop\/wp-content\/uploads\/2025\/09\/ChatGPT-Image-2025\u5e749\u670830\u65e5-02_08_03_\u526f\u672c-1024x557.webp\" class=\"attachment-large size-large wp-image-1871 wvs-archive-product-image\" alt=\"\" srcset=\"https:\/\/seamlessview.shop\/wp-content\/uploads\/2025\/09\/ChatGPT-Image-2025\u5e749\u670830\u65e5-02_08_03_\u526f\u672c-1024x557.webp 1024w, https:\/\/seamlessview.shop\/wp-content\/uploads\/2025\/09\/ChatGPT-Image-2025\u5e749\u670830\u65e5-02_08_03_\u526f\u672c-300x163.webp 300w, https:\/\/seamlessview.shop\/wp-content\/uploads\/2025\/09\/ChatGPT-Image-2025\u5e749\u670830\u65e5-02_08_03_\u526f\u672c-768x418.webp 768w, https:\/\/seamlessview.shop\/wp-content\/uploads\/2025\/09\/ChatGPT-Image-2025\u5e749\u670830\u65e5-02_08_03_\u526f\u672c-600x326.webp 600w, https:\/\/seamlessview.shop\/wp-content\/uploads\/2025\/09\/ChatGPT-Image-2025\u5e749\u670830\u65e5-02_08_03_\u526f\u672c.webp 1248w\" sizes=\"(max-width: 800px) 100vw, 800px\" \/>\t\t\t\t\t\t\t\t\t\t\t\t\t\t\t<\/div>\n\t\t\t\t<\/div>\n\t\t\t\t<div class=\"elementor-element elementor-element-a0eb834 elementor-widget elementor-widget-image\" data-id=\"a0eb834\" data-element_type=\"widget\" data-settings=\"{&quot;ekit_we_effect_on&quot;:&quot;none&quot;}\" data-widget_type=\"image.default\">\n\t\t\t\t<div class=\"elementor-widget-container\">\n\t\t\t\t\t\t\t\t\t\t\t\t\t\t\t<img decoding=\"async\" width=\"300\" height=\"123\" src=\"https:\/\/seamlessview.shop\/wp-content\/uploads\/2025\/09\/\u672a\u6807\u9898-1-300x123.webp\" class=\"attachment-medium size-medium wp-image-1848 wvs-archive-product-image\" alt=\"\" srcset=\"https:\/\/seamlessview.shop\/wp-content\/uploads\/2025\/09\/\u672a\u6807\u9898-1-300x123.webp 300w, https:\/\/seamlessview.shop\/wp-content\/uploads\/2025\/09\/\u672a\u6807\u9898-1-1024x419.webp 1024w, https:\/\/seamlessview.shop\/wp-content\/uploads\/2025\/09\/\u672a\u6807\u9898-1-768x314.webp 768w, https:\/\/seamlessview.shop\/wp-content\/uploads\/2025\/09\/\u672a\u6807\u9898-1-110x45.webp 110w, https:\/\/seamlessview.shop\/wp-content\/uploads\/2025\/09\/\u672a\u6807\u9898-1-60x25.webp 60w, https:\/\/seamlessview.shop\/wp-content\/uploads\/2025\/09\/\u672a\u6807\u9898-1-600x245.webp 600w, https:\/\/seamlessview.shop\/wp-content\/uploads\/2025\/09\/\u672a\u6807\u9898-1.webp 1030w\" sizes=\"(max-width: 300px) 100vw, 300px\" \/>\t\t\t\t\t\t\t\t\t\t\t\t\t\t\t<\/div>\n\t\t\t\t<\/div>\n\t\t\t\t\t<\/div>\n\t\t\t\t<\/div>\n\t\t\t\t<\/div>","protected":false},"excerpt":{"rendered":"<p>Datos de facturaci\u00f3n Nombre * Apellidos * Pa\u00eds\/Regi\u00f3n *Seleccione un pa\u00eds \/ regi\u00f3n...Afganist\u00e1n\u00c5land IslandsAlbaniaAlgeriaAmerican SamoaAndorraAngolaAnguillaAntarcticaAntigua y BarbudaArgentinaArmeniaArubaAustraliaAzerbaijanBahamasBahrainBangladeshBarbadosBelarusBelauBelgiumBelizeBeninBermudaBhutanBoliviaBonaire, San Eustaquio y SabaBosnia y HerzegovinaBotsuanaIsla BouvetBrasilTerritorio Brit\u00e1nico del Oc\u00e9ano \u00cdndicoBruneiBulgariaBurkina FasoBurundiCamboyaCamer\u00fanCanad\u00e1Cabo VerdeIslas Caim\u00e1nRep\u00fablica CentroafricanaChadChileChinaIsla ChristmasIslas Cocos (Keeling)ColombiaComorasCongo (Brazzaville)Congo (Kinshasa)Islas CookCosta RicaCroaciaCubaCura\u00e7aoChipreRep\u00fablica ChecaDinamarcaDjiboutiDominicaRep\u00fablica DominicanaEcuadorEgiptoEl SalvadorGuinea EcuatorialEritreaEstoniaEswatiniEtiop\u00edaIslas MalvinasFeroe Islas FeroeFijiFinlandiaFranciaGuayana FrancesaPolinesia FrancesaTerritorios Australes FrancesesGab\u00f3nGambiaGeorgiaAlemaniaGhanaGibraltarGreciaGranadaGuadalupeGuamGuatemalaGuernseyGuineaGuinea-BissauGuyanaHait\u00edIsla del Coraz\u00f3n e Islas McDonaldHondurasHong KongHungr\u00edaIslandiaIndiaIndonesiaIr\u00e1nIraqIrlandaIsla de ManIsraelItaliaIvory Costa de MarfilJamaicaJap\u00f3nJerseyJordaniaKazajst\u00e1nKeniaKiribatiKuwaitKirguist\u00e1nLaosLetoniaL\u00edbanoLesothoLiberiaLibiaLiechtensteinLituaniaLuxemburgoMacaoMadagascarMalawiMalasiaMaldivasMaliMaltaMarshall [...]<\/p>","protected":false},"author":1,"featured_media":0,"parent":0,"menu_order":0,"comment_status":"closed","ping_status":"closed","template":"","meta":{"_acf_changed":false,"footnotes":""},"class_list":["post-1842","page","type-page","status-publish","hentry"],"acf":[],"_hostinger_reach_plugin_has_subscription_block":false,"_hostinger_reach_plugin_is_elementor":false,"_links":{"self":[{"href":"https:\/\/seamlessview.shop\/es\/wp-json\/wp\/v2\/pages\/1842","targetHints":{"allow":["GET"]}}],"collection":[{"href":"https:\/\/seamlessview.shop\/es\/wp-json\/wp\/v2\/pages"}],"about":[{"href":"https:\/\/seamlessview.shop\/es\/wp-json\/wp\/v2\/types\/page"}],"author":[{"embeddable":true,"href":"https:\/\/seamlessview.shop\/es\/wp-json\/wp\/v2\/users\/1"}],"replies":[{"embeddable":true,"href":"https:\/\/seamlessview.shop\/es\/wp-json\/wp\/v2\/comments?post=1842"}],"version-history":[{"count":113,"href":"https:\/\/seamlessview.shop\/es\/wp-json\/wp\/v2\/pages\/1842\/revisions"}],"predecessor-version":[{"id":2001,"href":"https:\/\/seamlessview.shop\/es\/wp-json\/wp\/v2\/pages\/1842\/revisions\/2001"}],"wp:attachment":[{"href":"https:\/\/seamlessview.shop\/es\/wp-json\/wp\/v2\/media?parent=1842"}],"curies":[{"name":"wp","href":"https:\/\/api.w.org\/{rel}","templated":true}]}}