{"id":659,"date":"2025-05-11T15:35:11","date_gmt":"2025-05-11T15:35:11","guid":{"rendered":"https:\/\/seamlessview.shop\/?page_id=659"},"modified":"2025-05-14T11:59:26","modified_gmt":"2025-05-14T11:59:26","slug":"terms-conditions-trytre","status":"publish","type":"page","link":"https:\/\/seamlessview.shop\/es\/terms-conditions-trytre\/","title":{"rendered":"T\u00e9rminos y condiciones trytre"},"content":{"rendered":"<div data-elementor-type=\"wp-page\" data-elementor-id=\"659\" class=\"elementor elementor-659\" data-elementor-post-type=\"page\">\n\t\t\t\t<div class=\"elementor-element elementor-element-3966f8a e-flex e-con-boxed e-con e-parent\" data-id=\"3966f8a\" data-element_type=\"container\" data-settings=\"{&quot;ekit_has_onepagescroll_dot&quot;:&quot;yes&quot;}\">\n\t\t\t\t\t<div class=\"e-con-inner\">\n\t\t\t\t<div class=\"elementor-element elementor-element-7f7834b elementor-widget elementor-widget-html\" data-id=\"7f7834b\" data-element_type=\"widget\" data-settings=\"{&quot;ekit_we_effect_on&quot;:&quot;none&quot;}\" data-widget_type=\"html.default\">\n\t\t\t\t<div class=\"elementor-widget-container\">\n\t\t\t\t\t<style>\r\n  .terms-container {\r\n  font-family: 'Segoe UI', 'Helvetica Neue', Arial, sans-serif;\r\n  color: #2c2c2c;\r\n  max-width: 960px;\r\n  margin: 0 auto;\r\n  padding: 60px 30px;\r\n  background-color: #ffffff;\r\n  border-radius: 16px;\r\n  box-shadow: 0 10px 30px rgba(0, 0, 0, 0.05);\r\n  line-height: 1.8;\r\n  font-size: 17px;\r\n}\r\n\r\n.terms-container h1 {\r\n  font-size: 36px;\r\n  text-align: center;\r\n  color: #111;\r\n  margin-bottom: 40px;\r\n  font-weight: 700;\r\n}\r\n\r\n.terms-container h2 {\r\n  font-size: 26px;\r\n  color: #333;\r\n  border-left: 5px solid #257FFB;\r\n  padding-left: 15px;\r\n  margin-top: 40px;\r\n  margin-bottom: 20px;\r\n  font-weight: 600;\r\n}\r\n\r\n.terms-container h3 {\r\n  font-size: 22px;\r\n  color: #444;\r\n  margin-top: 30px;\r\n  margin-bottom: 15px;\r\n  font-weight: 600;\r\n}\r\n\r\n.terms-container p {\r\n  margin-bottom: 18px;\r\n}\r\n\r\n.terms-container ul,\r\n.terms-container ol {\r\n  margin: 15px 0 25px 30px;\r\n}\r\n\r\n.terms-container li {\r\n  margin-bottom: 12px;\r\n}\r\n\r\n.terms-container code {\r\n  background: #f3f3f3;\r\n  padding: 3px 6px;\r\n  border-radius: 4px;\r\n  font-family: monospace;\r\n}\r\n\r\n.terms-container a {\r\n  color: #0073e6;\r\n  text-decoration: none;\r\n  font-weight: 500;\r\n}\r\n\r\n.terms-container a:hover {\r\n  text-decoration: underline;\r\n}\r\n\r\n\/* Responsive for mobile *\/\r\n@media (max-width: 768px) {\r\n  .terms-container {\r\n    padding: 40px 20px;\r\n    font-size: 16px;\r\n  }\r\n\r\n  .terms-container h1 {\r\n    font-size: 28px;\r\n  }\r\n\r\n  .terms-container h2 {\r\n    font-size: 22px;\r\n  }\r\n\r\n  .terms-container h3 {\r\n    font-size: 20px;\r\n  }\r\n}\r\n\r\n<\/style>\r\n\r\n<div class=\"terms-container\">\r\n  <h1>Condiciones generales<\/h1>\r\n\r\n  <p>Bienvenido a www.TryTreats.com. Este sitio web es propiedad y est\u00e1 gestionado por www.TryTreats.com. Al visitar nuestro sitio web y acceder a la informaci\u00f3n, recursos, servicios, productos y herramientas que ofrecemos, usted entiende y se compromete a aceptar y adherirse a los siguientes t\u00e9rminos y condiciones establecidos en esta pol\u00edtica (en lo sucesivo, \"Acuerdo de usuario\"), junto con los t\u00e9rminos y condiciones establecidos en nuestra Pol\u00edtica de privacidad (consulte la secci\u00f3n Pol\u00edtica de privacidad a continuaci\u00f3n para obtener m\u00e1s informaci\u00f3n).<\/p>\r\n\r\n  <p>Este acuerdo est\u00e1 en vigor desde el 31 de julio de 2015.<\/p>\r\n\r\n  <p>Nos reservamos el derecho a modificar este Acuerdo de Usuario de vez en cuando sin previo aviso. Usted reconoce y acepta que es su responsabilidad revisar este Acuerdo de Usuario peri\u00f3dicamente para familiarizarse con cualquier modificaci\u00f3n. Su uso continuado de este sitio despu\u00e9s de tales modificaciones constituir\u00e1 el reconocimiento y acuerdo de los t\u00e9rminos y condiciones modificados.<\/p>\r\n\r\n  <h2>Uso y conducta responsables<\/h2>\r\n  <p>Al visitar nuestro sitio web y acceder a la informaci\u00f3n, los recursos, los servicios, los productos y las herramientas que ponemos a su disposici\u00f3n, ya sea directa o indirectamente (en lo sucesivo, \"Recursos\"), usted se compromete a utilizar estos Recursos \u00fanicamente para los fines previstos seg\u00fan lo permitido por (a) los t\u00e9rminos de este Acuerdo de usuario, y (b) las leyes, reglamentos y pr\u00e1cticas o directrices en l\u00ednea generalmente aceptadas aplicables.<\/p>\r\n\r\n  <p>En donde, usted entiende que:<\/p>\r\n  <ol>\r\n    <li>Para acceder a nuestros Recursos, es posible que se le solicite cierta informaci\u00f3n sobre usted (como identificaci\u00f3n, datos de contacto, etc.) como parte del proceso de registro, o como parte de su capacidad para utilizar los Recursos. Usted se compromete a que toda la informaci\u00f3n que facilite sea siempre exacta, correcta y actualizada.<\/li>\r\n    <li>Usted es responsable de mantener la confidencialidad de cualquier informaci\u00f3n de inicio de sesi\u00f3n asociada a cualquier cuenta que utilice para acceder a nuestros Recursos. En consecuencia, usted es responsable de todas las actividades que se produzcan en su(s) cuenta(s).<\/li>\r\n    <li>Queda estrictamente prohibido acceder (o intentar acceder) a cualquiera de nuestros Recursos por cualquier medio distinto de los que proporcionamos. Usted se compromete espec\u00edficamente a no acceder (o intentar acceder) a cualquiera de nuestros Recursos a trav\u00e9s de cualquier medio automatizado, no \u00e9tico o no convencional.<\/li>\r\n    <li>Queda estrictamente prohibido participar en cualquier actividad que interrumpa o interfiera con nuestros Recursos, incluidos los servidores y\/o redes a los que est\u00e1n ubicados o conectados nuestros Recursos.<\/li>\r\n    <li>Queda terminantemente prohibido intentar copiar, duplicar, reproducir, vender, intercambiar o revender nuestros Recursos.<\/li>\r\n    <li>Usted es el \u00fanico responsable de cualquier consecuencia, p\u00e9rdida o da\u00f1o en que podamos incurrir o sufrir directa o indirectamente debido a cualquier actividad no autorizada llevada a cabo por usted, como se ha explicado anteriormente, y puede incurrir en responsabilidad penal o civil.<\/li>\r\n    <li>Podemos proporcionar varias herramientas de comunicaci\u00f3n abiertas en nuestro sitio web, como comentarios en el blog, publicaciones en el blog, chat p\u00fablico, foros, tablones de mensajes, grupos de noticias, valoraciones y rese\u00f1as de productos, varios servicios de redes sociales, etc. Usted entiende que, por lo general, no preseleccionamos ni supervisamos el contenido publicado por los usuarios de estas herramientas de comunicaci\u00f3n...<\/li>\r\n  <\/ol>\r\n\r\n  <p>Al publicar informaci\u00f3n o utilizar de otro modo cualquiera de las herramientas de comunicaci\u00f3n abiertas mencionadas, usted acepta que no cargar\u00e1, publicar\u00e1, compartir\u00e1 ni distribuir\u00e1 de otro modo ning\u00fan contenido que:<\/p>\r\n\r\n  <ol type=\"i\">\r\n    <li>Sea ilegal, amenazador, difamatorio, abusivo, acosador, degradante, intimidatorio, fraudulento, enga\u00f1oso, invasivo, racista o contenga cualquier tipo de lenguaje sugerente, inapropiado o expl\u00edcito;<\/li>\r\n    <li>Infrinja cualquier marca comercial, patente, secreto comercial, copyright u otro derecho de propiedad de cualquier parte;<\/li>\r\n    <li>Contenga cualquier tipo de publicidad no autorizada o no solicitada;<\/li>\r\n    <li>Suplante a cualquier persona o entidad, incluidos los empleados o representantes de www.TryTreats.com.<\/li>\r\n  <\/ol>\r\n\r\n  <p>\r\n      Tenemos el derecho, a nuestra entera discreci\u00f3n, de eliminar cualquier contenido que, a nuestro juicio, no cumpla con este Acuerdo de Usuario, junto con cualquier contenido que consideremos ofensivo, da\u00f1ino, objetable, inexacto o que viole los derechos de autor o marcas registradas de terceros. No nos hacemos responsables de ning\u00fan retraso o fallo en la eliminaci\u00f3n de dichos contenidos. Si usted publica contenidos que nosotros decidimos retirar, usted consiente por la presente en dicha retirada, y consiente en renunciar a cualquier reclamaci\u00f3n contra nosotros.\r\n<\/p>\r\n<p>\r\n    h. No asumimos ninguna responsabilidad por los contenidos publicados por usted o por terceros usuarios de nuestro sitio web. Sin embargo, cualquier contenido publicado por usted a trav\u00e9s de cualquier herramienta de comunicaci\u00f3n abierta de nuestro sitio web, siempre que no viole o infrinja los derechos de autor o marcas registradas de terceros, se convierte en propiedad de www.TryTreats.com, y como tal, nos otorga una licencia perpetua, irrevocable, mundial, libre de regal\u00edas y exclusiva para reproducir, modificar, adaptar, traducir, publicar, mostrar p\u00fablicamente y\/o distribuir como mejor nos parezca. Esto s\u00f3lo se refiere y aplica al contenido publicado a trav\u00e9s de las herramientas de comunicaci\u00f3n abiertas descritas, y no se refiere a la informaci\u00f3n que se proporciona como parte del proceso de registro, necesario para utilizar nuestros Recursos. Toda la informaci\u00f3n proporcionada como parte de nuestro proceso de registro est\u00e1 cubierta por nuestra pol\u00edtica de privacidad.\r\n<\/p>\r\n<p>i. Usted acepta indemnizar y mantener indemne a www.TryTreats.com y a su empresa matriz y filiales, as\u00ed como a sus directores, directivos, gerentes, empleados, donantes, agentes y licenciantes, frente a todas las p\u00e9rdidas, gastos, da\u00f1os y costes, incluidos los honorarios razonables de abogados, derivados de cualquier infracci\u00f3n de este Acuerdo de usuario o del incumplimiento de cualquier obligaci\u00f3n relacionada con su cuenta en la que incurra usted o cualquier otra persona que utilice su cuenta. Nos reservamos el derecho a asumir la defensa exclusiva de cualquier reclamaci\u00f3n por la que tengamos derecho a indemnizaci\u00f3n en virtud del presente Acuerdo de Usuario. En tal caso, usted deber\u00e1 proporcionarnos la cooperaci\u00f3n que le solicitemos razonablemente.\r\n<\/p>\r\n\r\n  <h2>Privacidad<\/h2>\r\n  <p>Su privacidad es muy importante para nosotros, por lo que hemos creado una Pol\u00edtica de privacidad independiente para explicarle detalladamente c\u00f3mo recopilamos, gestionamos, procesamos, protegemos y almacenamos su informaci\u00f3n privada. Nuestra pol\u00edtica de privacidad se incluye en el \u00e1mbito de este Acuerdo de usuario. Para leer nuestra pol\u00edtica de privacidad en su totalidad, <\/p>\r\n\r\n  <h2>Pol\u00edtica de cancelaci\u00f3n y reembolso<\/h2>\r\n  <p>Los clientes que renueven su suscripci\u00f3n a Treats pueden solicitar la cancelaci\u00f3n de su env\u00edo de Treats hasta las 11:59 pm PST del primer d\u00eda del mes siguiente, mediante comunicaci\u00f3n por correo electr\u00f3nico. Cualquier cancelaci\u00f3n de renovaci\u00f3n de suscripci\u00f3n posterior no podr\u00e1 ser procesada, ya que la caja del cliente habr\u00e1 sido enviada en ese momento. Las cancelaciones deben tramitarse antes del env\u00edo; una vez enviado, no se efectuar\u00e1n reembolsos ni se devolver\u00e1n los cargos.<\/p>\r\n<p>\r\nPor defecto, Treats no ofrece reembolsos porque los productos enviados son perecederos. Sin embargo, Treats puede conceder reembolsos en funci\u00f3n de cada caso. Ofrecemos un reembolso por el valor al por menor de cualquier art\u00edculo de su caja que llegue da\u00f1ado o faltante. Tambi\u00e9n ofrecemos el reembolso \u00edntegro de las cajas que se hayan perdido durante la entrega. Si se aprueba el reembolso al cliente, el cr\u00e9dito se aplicar\u00e1 autom\u00e1ticamente a la tarjeta de cr\u00e9dito registrada o al m\u00e9todo de pago original en un plazo de 5 a 10 d\u00edas laborables. El cliente debe ponerse en contacto con hello@trytreats.com para solicitar el reembolso.<\/p>\r\n\r\n  <h2>Limitaci\u00f3n de responsabilidad<\/h2>\r\n  <p>Junto con la Limitaci\u00f3n de Garant\u00edas explicada anteriormente, usted entiende y acepta expresamente que cualquier reclamaci\u00f3n contra nosotros se limitar\u00e1 al importe que usted haya pagado, en su caso, por el uso de productos y\/o servicios. www.TryTreats.com no ser\u00e1 responsable de ninguna p\u00e9rdida o da\u00f1o directo, indirecto, incidental, consecuente o ejemplar en el que usted pueda incurrir como resultado del uso de nuestros Recursos, o como resultado de cualquier cambio, p\u00e9rdida o corrupci\u00f3n de datos, cancelaci\u00f3n, p\u00e9rdida de acceso o tiempo de inactividad en la medida en que se apliquen las leyes aplicables de limitaci\u00f3n de responsabilidad.<\/p>\r\n<p>\r\nPodemos, sin previo aviso, cambiar el Servicio; dejar de proporcionar el Servicio o caracter\u00edsticas del Servicio, a usted o a los usuarios en general; o crear l\u00edmites de uso para el Servicio.  Podemos terminar o suspender de forma permanente o temporal su acceso al Servicio sin previo aviso y sin responsabilidad por cualquier motivo, incluyendo si en nuestra \u00fanica determinaci\u00f3n usted viola cualquier disposici\u00f3n de este Acuerdo, o sin ninguna raz\u00f3n.  Tras la rescisi\u00f3n por cualquier motivo o sin motivo alguno, usted seguir\u00e1 estando vinculado por el presente Acuerdo.<\/p>\r\n<p>\r\nUsted es el \u00fanico responsable de sus interacciones con otros Usuarios de Treats. Nos reservamos el derecho, pero no tenemos ninguna obligaci\u00f3n, de supervisar las disputas entre usted y otros Usuarios.  Treats no tendr\u00e1 ninguna responsabilidad por sus interacciones con otros Usuarios, o por la acci\u00f3n o inacci\u00f3n de cualquier Usuario.<\/p>\r\n\r\n  <h2>Contenido del usuario<\/h2>\r\n  <p>Algunas \u00e1reas del Servicio permiten a los Usuarios publicar contenidos tales como informaci\u00f3n de perfil, comentarios, preguntas y otros contenidos o informaci\u00f3n (cualquier material de este tipo que un Usuario env\u00ede, publique, muestre o ponga a disposici\u00f3n de otro modo en el Servicio \"Contenido de Usuario\").  Usted conserva la propiedad de su Contenido de Usuario.<\/p>\r\n\r\n  <h2>Derechos de autor\/marcas registradas<\/h2>\r\n  <p>Todos los contenidos y materiales disponibles en www.TryTreats.com, incluyendo pero no limitado a textos, gr\u00e1ficos, nombre del sitio web, c\u00f3digo, im\u00e1genes y logotipos, son propiedad intelectual de www.TryTreats.com, y est\u00e1n protegidos por las leyes aplicables sobre derechos de autor y marcas registradas. Cualquier uso inapropiado, incluyendo pero no limitado a la reproducci\u00f3n, distribuci\u00f3n, exhibici\u00f3n o transmisi\u00f3n de cualquier contenido de este sitio est\u00e1 estrictamente prohibido, salvo autorizaci\u00f3n expresa de www.TryTreats.com.<\/p>\r\n\r\n  <h2>Finalizaci\u00f3n del uso<\/h2>\r\n  <p>Usted acepta que podemos, a nuestra entera discreci\u00f3n, suspender o cancelar su acceso a la totalidad o parte de nuestro sitio web y Recursos con o sin previo aviso y por cualquier motivo, incluyendo, sin limitaci\u00f3n, el incumplimiento de este Acuerdo de Usuario. Cualquier sospecha de actividad ilegal, fraudulenta o abusiva puede ser motivo para poner fin a su relaci\u00f3n y puede ser remitida a las autoridades policiales apropiadas. En caso de suspensi\u00f3n o rescisi\u00f3n, cesar\u00e1 inmediatamente su derecho a utilizar los Recursos que proporcionamos, y nos reservamos el derecho a eliminar o borrar cualquier informaci\u00f3n que pueda tener archivada con nosotros, incluida cualquier cuenta o informaci\u00f3n de inicio de sesi\u00f3n.<\/p>\r\n\r\n  <h2>Derecho aplicable<\/h2>\r\n  <p>Este sitio web est\u00e1 controlado por www.TryTreats.com. Se puede acceder a \u00e9l desde la mayor\u00eda de los pa\u00edses del mundo. Al acceder a nuestro sitio web, usted acepta que los estatutos y leyes de nuestro estado, sin tener en cuenta el conflicto de leyes y la Convenci\u00f3n de las Naciones Unidas sobre los Contratos de Compraventa Internacional de Mercader\u00edas, se aplicar\u00e1n a todos los asuntos relacionados con el uso de este sitio web y la compra de cualquier producto o servicio a trav\u00e9s de este sitio.<\/p>\r\n <p>\r\nAdem\u00e1s, cualquier acci\u00f3n para hacer cumplir este Acuerdo de Usuario se presentar\u00e1 en los tribunales federales o estatales. Por la presente, usted acepta la jurisdicci\u00f3n personal de dichos tribunales y renuncia a cualquier objeci\u00f3n jurisdiccional, de lugar o de foro inconveniente a dichos tribunales.<\/p>\r\n\r\n  <h2>Garant\u00eda<\/h2>\r\n  <p>A menos que se exprese lo contrario, www.TryTreats.com rechaza expresamente todas las garant\u00edas y condiciones de cualquier tipo, ya sean expresas o impl\u00edcitas, incluidas, entre otras, las garant\u00edas y condiciones impl\u00edcitas de comerciabilidad, idoneidad para un fin determinado y no infracci\u00f3n.<\/p>\r\n\r\n  <h2>Informaci\u00f3n de contacto<\/h2>\r\n  <p>Si tiene alguna pregunta o comentario sobre estas Condiciones de servicio, puede ponerse en contacto con nosotros en la direcci\u00f3n <a href=\"mailto:hello@trytreats.com\">hello@trytreats.com<\/a><\/p>\r\n<\/div>\r\n\t\t\t\t<\/div>\n\t\t\t\t<\/div>\n\t\t\t\t\t<\/div>\n\t\t\t\t<\/div>\n\t\t\t\t<\/div>","protected":false},"excerpt":{"rendered":"<p>Terms and Conditions Welcome to www.TryTreats.com. This website is owned and operated by www.TryTreats.com. By visiting our website and accessing the information, resources, services, products, and tools we provide, you understand and agree to accept and adhere to the following terms and conditions as stated in this policy (hereafter referred to as &#8216;User Agreement&#8217;), along [&hellip;]<\/p>","protected":false},"author":1,"featured_media":0,"parent":0,"menu_order":0,"comment_status":"closed","ping_status":"closed","template":"","meta":{"_acf_changed":false,"footnotes":""},"class_list":["post-659","page","type-page","status-publish","hentry"],"acf":[],"_hostinger_reach_plugin_has_subscription_block":false,"_hostinger_reach_plugin_is_elementor":false,"_links":{"self":[{"href":"https:\/\/seamlessview.shop\/es\/wp-json\/wp\/v2\/pages\/659","targetHints":{"allow":["GET"]}}],"collection":[{"href":"https:\/\/seamlessview.shop\/es\/wp-json\/wp\/v2\/pages"}],"about":[{"href":"https:\/\/seamlessview.shop\/es\/wp-json\/wp\/v2\/types\/page"}],"author":[{"embeddable":true,"href":"https:\/\/seamlessview.shop\/es\/wp-json\/wp\/v2\/users\/1"}],"replies":[{"embeddable":true,"href":"https:\/\/seamlessview.shop\/es\/wp-json\/wp\/v2\/comments?post=659"}],"version-history":[{"count":22,"href":"https:\/\/seamlessview.shop\/es\/wp-json\/wp\/v2\/pages\/659\/revisions"}],"predecessor-version":[{"id":1213,"href":"https:\/\/seamlessview.shop\/es\/wp-json\/wp\/v2\/pages\/659\/revisions\/1213"}],"wp:attachment":[{"href":"https:\/\/seamlessview.shop\/es\/wp-json\/wp\/v2\/media?parent=659"}],"curies":[{"name":"wp","href":"https:\/\/api.w.org\/{rel}","templated":true}]}}