{"id":678,"date":"2025-05-11T15:54:08","date_gmt":"2025-05-11T15:54:08","guid":{"rendered":"https:\/\/seamlessview.shop\/?page_id=678"},"modified":"2025-05-14T11:53:23","modified_gmt":"2025-05-14T11:53:23","slug":"privacy-policy","status":"publish","type":"page","link":"https:\/\/seamlessview.shop\/es\/privacy-policy\/","title":{"rendered":"Pol\u00edtica de privacidad"},"content":{"rendered":"<div data-elementor-type=\"wp-page\" data-elementor-id=\"678\" class=\"elementor elementor-678\" data-elementor-post-type=\"page\">\n\t\t\t\t<div class=\"elementor-element elementor-element-b1e7ae1 e-flex e-con-boxed e-con e-parent\" data-id=\"b1e7ae1\" data-element_type=\"container\" data-settings=\"{&quot;ekit_has_onepagescroll_dot&quot;:&quot;yes&quot;}\">\n\t\t\t\t\t<div class=\"e-con-inner\">\n\t\t\t\t<div class=\"elementor-element elementor-element-b269214 elementor-widget elementor-widget-html\" data-id=\"b269214\" data-element_type=\"widget\" data-settings=\"{&quot;ekit_we_effect_on&quot;:&quot;none&quot;}\" data-widget_type=\"html.default\">\n\t\t\t\t<div class=\"elementor-widget-container\">\n\t\t\t\t\t<div class=\"privacy-container\">\r\n  <p class=\"privacy-title\"><strong>Pol\u00edtica de privacidad<\/strong><\/p>\r\n\r\n  <p>Esta pol\u00edtica de privacidad se ha elaborado para servir mejor a quienes se preocupan por el uso que se hace en l\u00ednea de su \"informaci\u00f3n personal identificable\" (IPI). La IIP, tal y como se utiliza en la legislaci\u00f3n estadounidense sobre privacidad y seguridad de la informaci\u00f3n, es informaci\u00f3n que puede utilizarse por s\u00ed sola o con otros datos para identificar, contactar o localizar a una persona, o para identificar a un individuo en su contexto. Le rogamos que lea atentamente nuestra pol\u00edtica de privacidad para comprender claramente c\u00f3mo recopilamos, utilizamos, protegemos o tratamos de cualquier otro modo su Informaci\u00f3n de Identificaci\u00f3n Personal de acuerdo con nuestro sitio web.<\/p>\r\n\r\n  <h2>\u00bfQu\u00e9 informaci\u00f3n personal recopilamos?<\/h2>\r\n  <p>Al realizar un pedido o registrarse en nuestro sitio, seg\u00fan proceda, es posible que se le pida que introduzca su nombre, direcci\u00f3n de correo electr\u00f3nico, direcci\u00f3n postal, informaci\u00f3n sobre su tarjeta de cr\u00e9dito u otros datos que le ayuden en su experiencia.<\/p>\r\n\r\n  <h2>\u00bfCu\u00e1ndo recopilamos informaci\u00f3n?<\/h2>\r\n  <p>Recopilamos informaci\u00f3n sobre usted cuando se registra en nuestro sitio, realiza un pedido, se suscribe a un bolet\u00edn de noticias o introduce informaci\u00f3n en nuestro sitio.<\/p>\r\n\r\n  <h2>\u00bfC\u00f3mo utilizamos su informaci\u00f3n?<\/h2>\r\n  <ul>\r\n    <li>Para personalizar la experiencia del usuario y permitirnos ofrecerle el tipo de contenidos y productos que m\u00e1s le interesan.<\/li>\r\n    <li>Mejorar nuestro sitio web para ofrecerle un mejor servicio.<\/li>\r\n    <li>Para administrar un concurso, promoci\u00f3n, encuesta u otra funci\u00f3n del sitio.<\/li>\r\n    <li>Para procesar r\u00e1pidamente sus transacciones.<\/li>\r\n    <li>Para enviar correos electr\u00f3nicos peri\u00f3dicos sobre su pedido u otros productos y servicios.<\/li>\r\n  <\/ul>\r\n\r\n  <h2>\u00bfC\u00f3mo protegemos la informaci\u00f3n de los visitantes?<\/h2>\r\n  <p>Nuestro sitio web es escaneado peri\u00f3dicamente en busca de agujeros de seguridad y vulnerabilidades conocidas para que su visita a nuestro sitio sea lo m\u00e1s segura posible.<\/p>\r\n\r\n<p>Realizamos an\u00e1lisis peri\u00f3dicos de malware.<\/p>\r\n\r\n<p>Sus datos personales se almacenan en redes seguras a las que s\u00f3lo puede acceder un n\u00famero limitado de personas que tienen derechos especiales de acceso a dichos sistemas y est\u00e1n obligadas a mantener la confidencialidad de la informaci\u00f3n. Adem\u00e1s, toda la informaci\u00f3n confidencial o crediticia que nos facilite se encripta mediante la tecnolog\u00eda SSL (Secure Socket Layer).<\/p>\r\n\r\n<p>Aplicamos diversas medidas de seguridad cuando un usuario realiza un pedido, introduce, env\u00eda o accede a sus datos para mantener la seguridad de su informaci\u00f3n personal.<\/p>\r\n\r\n<p>Todas las transacciones se procesan a trav\u00e9s de un proveedor de pasarela y no se almacenan ni procesan en nuestros servidores.<\/p>\r\n\r\n  <h2>\u00bfUtilizamos \"cookies\"?<\/h2>\r\n  <p>S\u00ed. Las cookies son peque\u00f1os archivos que un sitio o su proveedor de servicios transfiere al disco duro de su ordenador a trav\u00e9s de su navegador web (si usted lo permite) y que permiten a los sistemas del sitio o del proveedor de servicios reconocer su navegador y capturar y recordar determinada informaci\u00f3n. Por ejemplo, utilizamos cookies para ayudarnos a recordar y procesar los art\u00edculos de su cesta de la compra. Tambi\u00e9n se utilizan para ayudarnos a entender sus preferencias basadas en la actividad previa o actual del sitio, lo que nos permite ofrecerle servicios mejorados. Tambi\u00e9n utilizamos cookies para recopilar datos agregados sobre el tr\u00e1fico y la interacci\u00f3n en el sitio, de modo que podamos ofrecer mejores experiencias y herramientas en el futuro.<\/p>\r\n  <ul>\r\n    <li>Recordar art\u00edculos en la cesta de la compra.<\/li>\r\n    <li>Comprender y guardar las preferencias.<\/li>\r\n    <li>Anuncios en las v\u00edas.<\/li>\r\n    <li>Recopilar datos agregados.<\/li>\r\n  <\/ul>\r\n\r\n  <h2>Divulgaci\u00f3n a terceros<\/h2>\r\n  <p>No vendemos, intercambiamos ni transferimos a terceros sus datos personales a menos que se lo notifiquemos con antelaci\u00f3n. Esto no incluye a los socios de alojamiento de sitios web y otras partes que nos ayudan a operar nuestro sitio web, llevar a cabo nuestro negocio o prestarle servicios, siempre que dichas partes se comprometan a mantener la confidencialidad de esta informaci\u00f3n. Tambi\u00e9n podemos divulgar su informaci\u00f3n cuando creamos que es apropiado para cumplir la ley, hacer cumplir las pol\u00edticas de nuestro sitio o proteger nuestros derechos, propiedad o seguridad o los de otros.<\/p>\r\n\r\n<p>No obstante, la informaci\u00f3n no personal de los visitantes puede facilitarse a terceros para fines de marketing, publicidad u otros usos.<\/p>\r\n\r\n  <h2>Enlaces de terceros<\/h2>\r\n  <p>Ocasionalmente, a nuestra discreci\u00f3n, podemos incluir u ofrecer productos o servicios de terceros en nuestro sitio web. Estos sitios de terceros tienen pol\u00edticas de privacidad separadas e independientes. Por lo tanto, no tenemos responsabilidad alguna por el contenido y las actividades de estos sitios enlazados. No obstante, tratamos de proteger la integridad de nuestro sitio y agradecemos cualquier comentario sobre estos sitios.<\/p>\r\n\r\n  <h2>Google<\/h2>\r\n  <p>Los requisitos publicitarios de Google pueden resumirse en los Principios publicitarios de Google. Su objetivo es ofrecer una experiencia positiva a los usuarios. https:\/\/support.google.com\/adwordspolicy\/answer\/1316548?hl=en<\/p>\r\n\r\n<p>Utilizamos publicidad de Google AdSense en nuestro sitio web.<\/p>\r\n\r\n<p>Google, como proveedor de terceros, utiliza cookies para publicar anuncios en nuestro sitio. El uso de la cookie de DART por parte de Google le permite publicar anuncios a nuestros usuarios en funci\u00f3n de su visita a nuestro sitio y a otros sitios de Internet. Los usuarios pueden inhabilitar el uso de la cookie de DART visitando la pol\u00edtica de privacidad de la red de anuncios y contenidos de Google.<\/p>\r\n\r\n  <h2>Ley de Protecci\u00f3n de la Privacidad en L\u00ednea de California (CalOPPA)<\/h2>\r\n  <p>CalOPPA es la primera ley estatal del pa\u00eds que obliga a los sitios web comerciales y a los servicios en l\u00ednea a publicar una pol\u00edtica de privacidad. El alcance de la ley se extiende m\u00e1s all\u00e1 de California para exigir a cualquier persona o empresa de Estados Unidos (y posiblemente del mundo) que gestione sitios web que recopilen informaci\u00f3n personal identificable de consumidores californianos que publique en su sitio web una pol\u00edtica de privacidad bien visible en la que se indique exactamente la informaci\u00f3n que se recopila y las personas con las que se comparte, y que cumpla dicha pol\u00edtica. - M\u00e1s informaci\u00f3n en: http:\/\/consumercal.org\/california-online-privacy-protection-act-caloppa\/#sthash.0FdRbT51.dpuf<\/p>\r\n\r\n  <h2>Se\u00f1ales Do Not Track<\/h2>\r\n  <p>Honramos las se\u00f1ales de no rastreo y no rastreamos, plantamos cookies ni utilizamos publicidad cuando existe un mecanismo de no rastreo (DNT) en el navegador.<\/p>\r\n\r\n  <h2>COPPA<\/h2>\r\n  <p>Cuando se trata de recopilar informaci\u00f3n personal de ni\u00f1os menores de 13 a\u00f1os, la Ley de Protecci\u00f3n de la Privacidad Infantil en Internet (COPPA) pone a los padres al mando. La Comisi\u00f3n Federal de Comercio, la agencia nacional de protecci\u00f3n del consumidor, hace cumplir la norma COPPA, que especifica lo que deben hacer los operadores de sitios web y servicios en l\u00ednea para proteger la privacidad y la seguridad de los ni\u00f1os en l\u00ednea.<\/p>\r\n<p>No comercializamos espec\u00edficamente con ni\u00f1os menores de 13 a\u00f1os.<\/p>\r\n\r\n  <h2>Pr\u00e1cticas informativas justas<\/h2>\r\n  <p>Los Principios de Pr\u00e1cticas Leales de Informaci\u00f3n constituyen la columna vertebral de la legislaci\u00f3n sobre privacidad en Estados Unidos y los conceptos que incluyen han desempe\u00f1ado un papel importante en el desarrollo de leyes de protecci\u00f3n de datos en todo el mundo. Comprender los Principios de Pr\u00e1cticas Leales de Informaci\u00f3n y c\u00f3mo deben aplicarse es fundamental para cumplir las distintas leyes de privacidad que protegen la informaci\u00f3n personal.<\/p>\r\n\r\n  <h2>Ley CAN-SPAM<\/h2>\r\n  <p>La Ley CAN-SPAM establece las normas para el correo electr\u00f3nico comercial, fija los requisitos que deben cumplir los mensajes comerciales, otorga a los destinatarios el derecho a impedir que se les env\u00eden correos electr\u00f3nicos y prev\u00e9 duras sanciones en caso de infracci\u00f3n.<\/p>\r\n\r\n  <h2>Contacto<\/h2>\r\n  <p>Si tiene alguna pregunta sobre esta pol\u00edtica, p\u00f3ngase en contacto con nosotros:<\/p>\r\n  <p>\r\n    <a href=\"https:\/\/www.trytreats.com\/\">www.trytreats.com<\/a><br>\r\n    1080 N 7th St, San Jose, CA 95112, EE.UU.<br>\r\n    <a href=\"mailto:hello@trytreats.com\">hello@trytreats.com<\/a>\r\n  <\/p>\r\n\r\n  <p><em>\u00daltima edici\u00f3n el 2021-12-15<\/em><\/p>\r\n<\/div>\r\n\t\t\t\t<\/div>\n\t\t\t\t<\/div>\n\t\t\t\t\t<\/div>\n\t\t\t\t<\/div>\n\t\t\t\t<\/div>","protected":false},"excerpt":{"rendered":"<p>Privacy Policy This privacy policy has been compiled to better serve those who are concerned with how their &#8216;Personally identifiable information&#8217; (PII) is being used online. PII, as used in US privacy law and information security, is information that can be used on its own or with other information to identify, contact, or locate a [&hellip;]<\/p>","protected":false},"author":1,"featured_media":0,"parent":0,"menu_order":0,"comment_status":"closed","ping_status":"closed","template":"","meta":{"_acf_changed":false,"footnotes":""},"class_list":["post-678","page","type-page","status-publish","hentry"],"acf":[],"_hostinger_reach_plugin_has_subscription_block":false,"_hostinger_reach_plugin_is_elementor":false,"_links":{"self":[{"href":"https:\/\/seamlessview.shop\/es\/wp-json\/wp\/v2\/pages\/678","targetHints":{"allow":["GET"]}}],"collection":[{"href":"https:\/\/seamlessview.shop\/es\/wp-json\/wp\/v2\/pages"}],"about":[{"href":"https:\/\/seamlessview.shop\/es\/wp-json\/wp\/v2\/types\/page"}],"author":[{"embeddable":true,"href":"https:\/\/seamlessview.shop\/es\/wp-json\/wp\/v2\/users\/1"}],"replies":[{"embeddable":true,"href":"https:\/\/seamlessview.shop\/es\/wp-json\/wp\/v2\/comments?post=678"}],"version-history":[{"count":13,"href":"https:\/\/seamlessview.shop\/es\/wp-json\/wp\/v2\/pages\/678\/revisions"}],"predecessor-version":[{"id":1198,"href":"https:\/\/seamlessview.shop\/es\/wp-json\/wp\/v2\/pages\/678\/revisions\/1198"}],"wp:attachment":[{"href":"https:\/\/seamlessview.shop\/es\/wp-json\/wp\/v2\/media?parent=678"}],"curies":[{"name":"wp","href":"https:\/\/api.w.org\/{rel}","templated":true}]}}