{"id":723,"date":"2025-05-11T16:57:18","date_gmt":"2025-05-11T16:57:18","guid":{"rendered":"https:\/\/seamlessview.shop\/?page_id=723"},"modified":"2025-05-14T11:54:04","modified_gmt":"2025-05-14T11:54:04","slug":"shipping-policy-trytre","status":"publish","type":"page","link":"https:\/\/seamlessview.shop\/es\/shipping-policy-trytre\/","title":{"rendered":"Pol\u00edtica de env\u00edos trytre"},"content":{"rendered":"<div data-elementor-type=\"wp-page\" data-elementor-id=\"723\" class=\"elementor elementor-723\" data-elementor-post-type=\"page\">\n\t\t\t\t<div class=\"elementor-element elementor-element-af8a5e3 e-flex e-con-boxed e-con e-parent\" data-id=\"af8a5e3\" data-element_type=\"container\" data-settings=\"{&quot;ekit_has_onepagescroll_dot&quot;:&quot;yes&quot;}\">\n\t\t\t\t\t<div class=\"e-con-inner\">\n\t\t\t\t<div class=\"elementor-element elementor-element-5a0a4d8 elementor-widget elementor-widget-html\" data-id=\"5a0a4d8\" data-element_type=\"widget\" data-settings=\"{&quot;ekit_we_effect_on&quot;:&quot;none&quot;}\" data-widget_type=\"html.default\">\n\t\t\t\t<div class=\"elementor-widget-container\">\n\t\t\t\t\t<div class=\"shipping-container\">\n  <p class=\"shipping-title\"><strong>Pol\u00edtica de env\u00edos<\/strong><\/p>\n\n  <h2>\u00bfCu\u00e1ndo se enviar\u00e1 mi primera caja?<\/h2>\n  <p>Su primera caja se enviar\u00e1 en cuanto nuestro equipo procese su pedido. Todas las cajas posteriores se enviar\u00e1n entre la segunda y la tercera semana de cada mes.<\/p>\n  <p>Nota: Para las suscripciones Mes a Mes, el d\u00eda 25 del mes es la fecha l\u00edmite para recibir la caja del mes siguiente. Si se suscribe despu\u00e9s del d\u00eda 25, su pr\u00f3xima facturaci\u00f3n ser\u00e1 el d\u00eda 1 del mes siguiente al siguiente. Por ejemplo, si se suscribe el 28 de enero, la pr\u00f3xima facturaci\u00f3n ser\u00e1 el 1 de marzo.<\/p>\n  <p>Para las suscripciones de prepago de 3, 6 o 12 meses, la fecha l\u00edmite es el d\u00eda 20 del mes.<\/p>\n  <p>Si desea que se le facture antes para evitar saltarse un mes, env\u00edenos un correo electr\u00f3nico a <a href=\"mailto:hello@trytreats.com\">hello@trytreats.com<\/a>.<\/p>\n\n  <h2>\u00bfLos gastos de env\u00edo son gratuitos en Estados Unidos?<\/h2>\n  <p>S\u00ed, el env\u00edo es gratuito a todas las direcciones de Estados Unidos.<\/p>\n\n  <h2>\u00bfHacen env\u00edos a todo el mundo?<\/h2>\n  <p>S\u00ed, lo hacemos. Se aplican tarifas de env\u00edo internacionales, y subvencionamos parte de los gastos de env\u00edo para reducir su coste.<\/p>\n\n\n\n  <h2>\u00bfCon qu\u00e9 frecuencia recibo una entrega de Treats?<\/h2>\n  <p>Recibir\u00e1 una caja cada mes. La primera se env\u00eda lo antes posible y las siguientes entre la segunda y la tercera semana de cada mes.<\/p>\n\n  <h2>\u00bfRealizan env\u00edos a direcciones APO\/FPO\/DPO\/MPO?<\/h2>\n  <p>Lamentablemente, no. Algunos productos contienen subproductos de cerdo, que no pueden enviarse a estas direcciones.<\/p>\n\n  <h2>\u00bfC\u00f3mo cambio mi direcci\u00f3n de env\u00edo?<\/h2>\n  <p>Accede a tu cuenta de Treats, ve a la p\u00e1gina de tu Cuenta y despl\u00e1zate hasta \"Direcci\u00f3n de env\u00edo\". Haz clic en \"Editar\", actualiza la informaci\u00f3n y guarda los cambios.<\/p>\n\n  <h2>\u00bfCu\u00e1nto tarda el env\u00edo?<\/h2>\n  <p><strong>Estados Unidos:<\/strong> Los paquetes se env\u00edan por USPS First Class Mail o FedEx SmartPost y pueden tardar entre unos d\u00edas y un par de semanas.<\/p>\n  <p><strong>Internacional:<\/strong> Los paquetes se env\u00edan a trav\u00e9s de USPS First Class International, International Priority Airmail o FedEx CrossBorders. La entrega puede tardar entre 1 y 4 semanas o m\u00e1s en funci\u00f3n de los retrasos locales.<\/p>\n  <p>El seguimiento est\u00e1 disponible para algunos pa\u00edses. Si tiene alg\u00fan problema, p\u00f3ngase en contacto con nosotros en <a href=\"mailto:hello@trytreats.com\">hello@trytreats.com<\/a> en busca de ayuda.<\/p>\n<\/div>\t\t\t\t<\/div>\n\t\t\t\t<\/div>\n\t\t\t\t\t<\/div>\n\t\t\t\t<\/div>\n\t\t\t\t<\/div>","protected":false},"excerpt":{"rendered":"<p>Shipping Policy When will my first box be shipped? Your first box will be shipped as soon as our fulfillment team processes your order. All subsequent boxes will be shipped between the second and third week of every month. Note: For Month-to-Month subscriptions, the 25th of the month is the cut-off date to receive the [&hellip;]<\/p>","protected":false},"author":1,"featured_media":0,"parent":0,"menu_order":0,"comment_status":"closed","ping_status":"closed","template":"","meta":{"_acf_changed":false,"footnotes":""},"class_list":["post-723","page","type-page","status-publish","hentry"],"acf":[],"_hostinger_reach_plugin_has_subscription_block":false,"_hostinger_reach_plugin_is_elementor":false,"_links":{"self":[{"href":"https:\/\/seamlessview.shop\/es\/wp-json\/wp\/v2\/pages\/723","targetHints":{"allow":["GET"]}}],"collection":[{"href":"https:\/\/seamlessview.shop\/es\/wp-json\/wp\/v2\/pages"}],"about":[{"href":"https:\/\/seamlessview.shop\/es\/wp-json\/wp\/v2\/types\/page"}],"author":[{"embeddable":true,"href":"https:\/\/seamlessview.shop\/es\/wp-json\/wp\/v2\/users\/1"}],"replies":[{"embeddable":true,"href":"https:\/\/seamlessview.shop\/es\/wp-json\/wp\/v2\/comments?post=723"}],"version-history":[{"count":7,"href":"https:\/\/seamlessview.shop\/es\/wp-json\/wp\/v2\/pages\/723\/revisions"}],"predecessor-version":[{"id":1204,"href":"https:\/\/seamlessview.shop\/es\/wp-json\/wp\/v2\/pages\/723\/revisions\/1204"}],"wp:attachment":[{"href":"https:\/\/seamlessview.shop\/es\/wp-json\/wp\/v2\/media?parent=723"}],"curies":[{"name":"wp","href":"https:\/\/api.w.org\/{rel}","templated":true}]}}