{"id":1233,"date":"2025-05-15T08:37:36","date_gmt":"2025-05-15T08:37:36","guid":{"rendered":"https:\/\/seamlessview.shop\/?post_type=product&#038;p=1233"},"modified":"2025-05-15T10:08:14","modified_gmt":"2025-05-15T10:08:14","slug":"a-must-have-for-lazy-people-the-bean-bag-sofa","status":"publish","type":"product","link":"https:\/\/seamlessview.shop\/es\/producto\/a-must-have-for-lazy-people-the-bean-bag-sofa\/","title":{"rendered":"Imprescindible para los perezosos: el sof\u00e1 bean bag"},"content":{"rendered":"<p><img fetchpriority=\"high\" decoding=\"async\" src=\"https:\/\/newbotay.shop\/wp-content\/uploads\/2025\/03\/71v2HT2xzbL._AC_SX679_.jpg\" sizes=\"(max-width: 679px) 100vw, 679px\" srcset=\"https:\/\/newbotay.shop\/wp-content\/uploads\/2025\/03\/71v2HT2xzbL._AC_SX679_.jpg 679w, https:\/\/newbotay.shop\/wp-content\/uploads\/2025\/03\/71v2HT2xzbL._AC_SX679_-300x300.jpg 300w, https:\/\/newbotay.shop\/wp-content\/uploads\/2025\/03\/71v2HT2xzbL._AC_SX679_-150x150.jpg 150w, https:\/\/newbotay.shop\/wp-content\/uploads\/2025\/03\/71v2HT2xzbL._AC_SX679_-60x60.jpg 60w, https:\/\/newbotay.shop\/wp-content\/uploads\/2025\/03\/71v2HT2xzbL._AC_SX679_-110x110.jpg 110w, https:\/\/newbotay.shop\/wp-content\/uploads\/2025\/03\/71v2HT2xzbL._AC_SX679_-600x600.jpg 600w, https:\/\/newbotay.shop\/wp-content\/uploads\/2025\/03\/71v2HT2xzbL._AC_SX679_-130x130.jpg 130w\" alt=\"\" width=\"679\" height=\"679\" \/><\/p>\n<ul>\n<li><strong>Hay cuatro colores para elegir.<\/strong><\/li>\n<\/ul>\n<p><img decoding=\"async\" src=\"https:\/\/newbotay.shop\/wp-content\/uploads\/2025\/03\/45543-1024x1024.jpg\" sizes=\"(max-width: 1024px) 100vw, 1024px\" srcset=\"https:\/\/newbotay.shop\/wp-content\/uploads\/2025\/03\/45543-1024x1024.jpg 1024w, https:\/\/newbotay.shop\/wp-content\/uploads\/2025\/03\/45543-300x300.jpg 300w, https:\/\/newbotay.shop\/wp-content\/uploads\/2025\/03\/45543-150x150.jpg 150w, https:\/\/newbotay.shop\/wp-content\/uploads\/2025\/03\/45543-768x768.jpg 768w, https:\/\/newbotay.shop\/wp-content\/uploads\/2025\/03\/45543-60x60.jpg 60w, https:\/\/newbotay.shop\/wp-content\/uploads\/2025\/03\/45543-110x110.jpg 110w, https:\/\/newbotay.shop\/wp-content\/uploads\/2025\/03\/45543-600x600.jpg 600w, https:\/\/newbotay.shop\/wp-content\/uploads\/2025\/03\/45543-130x130.jpg 130w, https:\/\/newbotay.shop\/wp-content\/uploads\/2025\/03\/45543.jpg 1200w\" alt=\"\" width=\"1024\" height=\"1024\" \/><br \/>\n<img decoding=\"async\" src=\"https:\/\/newbotay.shop\/wp-content\/uploads\/2025\/03\/65068239d8c84be0891b7e7a509e412btplv-omjb5zjo8w-resize-jpeg_800_800_.jpg\" sizes=\"(max-width: 800px) 100vw, 800px\" srcset=\"https:\/\/newbotay.shop\/wp-content\/uploads\/2025\/03\/65068239d8c84be0891b7e7a509e412btplv-omjb5zjo8w-resize-jpeg_800_800_.jpg 800w, https:\/\/newbotay.shop\/wp-content\/uploads\/2025\/03\/65068239d8c84be0891b7e7a509e412btplv-omjb5zjo8w-resize-jpeg_800_800_-300x300.jpg 300w, https:\/\/newbotay.shop\/wp-content\/uploads\/2025\/03\/65068239d8c84be0891b7e7a509e412btplv-omjb5zjo8w-resize-jpeg_800_800_-150x150.jpg 150w, https:\/\/newbotay.shop\/wp-content\/uploads\/2025\/03\/65068239d8c84be0891b7e7a509e412btplv-omjb5zjo8w-resize-jpeg_800_800_-768x768.jpg 768w, https:\/\/newbotay.shop\/wp-content\/uploads\/2025\/03\/65068239d8c84be0891b7e7a509e412btplv-omjb5zjo8w-resize-jpeg_800_800_-60x60.jpg 60w, https:\/\/newbotay.shop\/wp-content\/uploads\/2025\/03\/65068239d8c84be0891b7e7a509e412btplv-omjb5zjo8w-resize-jpeg_800_800_-110x110.jpg 110w, https:\/\/newbotay.shop\/wp-content\/uploads\/2025\/03\/65068239d8c84be0891b7e7a509e412btplv-omjb5zjo8w-resize-jpeg_800_800_-600x600.jpg 600w, https:\/\/newbotay.shop\/wp-content\/uploads\/2025\/03\/65068239d8c84be0891b7e7a509e412btplv-omjb5zjo8w-resize-jpeg_800_800_-130x130.jpg 130w\" alt=\"\" width=\"800\" height=\"800\" \/><\/p>\n<ul>\n<li>\u00a1Adecuado para diversos escenarios!<\/li>\n<\/ul>\n<p><img loading=\"lazy\" decoding=\"async\" src=\"https:\/\/newbotay.shop\/wp-content\/uploads\/2025\/03\/3-26-1024x1024.jpg\" sizes=\"(max-width: 1024px) 100vw, 1024px\" srcset=\"https:\/\/newbotay.shop\/wp-content\/uploads\/2025\/03\/3-26-1024x1024.jpg 1024w, https:\/\/newbotay.shop\/wp-content\/uploads\/2025\/03\/3-26-300x300.jpg 300w, https:\/\/newbotay.shop\/wp-content\/uploads\/2025\/03\/3-26-150x150.jpg 150w, https:\/\/newbotay.shop\/wp-content\/uploads\/2025\/03\/3-26-768x768.jpg 768w, https:\/\/newbotay.shop\/wp-content\/uploads\/2025\/03\/3-26-60x60.jpg 60w, https:\/\/newbotay.shop\/wp-content\/uploads\/2025\/03\/3-26-110x110.jpg 110w, https:\/\/newbotay.shop\/wp-content\/uploads\/2025\/03\/3-26-600x600.jpg 600w, https:\/\/newbotay.shop\/wp-content\/uploads\/2025\/03\/3-26-130x130.jpg 130w, https:\/\/newbotay.shop\/wp-content\/uploads\/2025\/03\/3-26.jpg 1500w\" alt=\"\" width=\"1024\" height=\"1024\" \/><\/p>\n<ul>\n<li>Ergon\u00f3mico: El \u00e1rea de fuerza entre la bolsa de frijoles y el cuerpo humano se incrementa, lo que puede adaptarse perfectamente a la curva de la espalda de la persona. Puede encontrar la postura m\u00e1s adecuada y relajarse por completo.<\/li>\n<li>Multifunci\u00f3nEl sill\u00f3n bean bag es f\u00e1cil de mover y limpiar. Puede colocarse en el dormitorio como cama creativa, o en el sal\u00f3n como sof\u00e1 perezoso o sill\u00f3n de lectura.<\/li>\n<li>Instrucciones de cuidadoLa funda de la silla bean bag se puede lavar a m\u00e1quina o a mano, y adem\u00e1s es antipilling y no es f\u00e1cil que se decolore. Se puede lavar f\u00e1cilmente en la lavadora.<\/li>\n<\/ul>","protected":false},"excerpt":{"rendered":"<p>There are four colors to choose from! Suitable for various scenarios! Ergonomic: The force area between the bean bag and the human body is increased, which can perfectly fit the curve of the back of the person. You can find the most suitable posture and relax completely. Multi-functionThe bean bag chair is easy to move [&hellip;]<\/p>","protected":false},"featured_media":1238,"comment_status":"open","ping_status":"closed","template":"","meta":{"_acf_changed":false},"product_brand":[],"product_cat":[35,41],"product_tag":[],"class_list":{"0":"post-1233","1":"product","2":"type-product","3":"status-publish","4":"has-post-thumbnail","6":"product_cat-sale","7":"product_cat-home-living","9":"first","10":"instock","11":"shipping-taxable","12":"purchasable","13":"product-type-variable","14":"has-default-attributes","15":"wvs-archive-product-wrapper"},"acf":[],"_links":{"self":[{"href":"https:\/\/seamlessview.shop\/es\/wp-json\/wp\/v2\/product\/1233","targetHints":{"allow":["GET"]}}],"collection":[{"href":"https:\/\/seamlessview.shop\/es\/wp-json\/wp\/v2\/product"}],"about":[{"href":"https:\/\/seamlessview.shop\/es\/wp-json\/wp\/v2\/types\/product"}],"replies":[{"embeddable":true,"href":"https:\/\/seamlessview.shop\/es\/wp-json\/wp\/v2\/comments?post=1233"}],"version-history":[{"count":1,"href":"https:\/\/seamlessview.shop\/es\/wp-json\/wp\/v2\/product\/1233\/revisions"}],"predecessor-version":[{"id":1239,"href":"https:\/\/seamlessview.shop\/es\/wp-json\/wp\/v2\/product\/1233\/revisions\/1239"}],"wp:featuredmedia":[{"embeddable":true,"href":"https:\/\/seamlessview.shop\/es\/wp-json\/wp\/v2\/media\/1238"}],"wp:attachment":[{"href":"https:\/\/seamlessview.shop\/es\/wp-json\/wp\/v2\/media?parent=1233"}],"wp:term":[{"taxonomy":"product_brand","embeddable":true,"href":"https:\/\/seamlessview.shop\/es\/wp-json\/wp\/v2\/product_brand?post=1233"},{"taxonomy":"product_cat","embeddable":true,"href":"https:\/\/seamlessview.shop\/es\/wp-json\/wp\/v2\/product_cat?post=1233"},{"taxonomy":"product_tag","embeddable":true,"href":"https:\/\/seamlessview.shop\/es\/wp-json\/wp\/v2\/product_tag?post=1233"}],"curies":[{"name":"wp","href":"https:\/\/api.w.org\/{rel}","templated":true}]}}