{"id":1250,"date":"2025-05-15T08:38:55","date_gmt":"2025-05-15T08:38:55","guid":{"rendered":"https:\/\/seamlessview.shop\/?post_type=product&#038;p=1250"},"modified":"2025-05-18T13:59:32","modified_gmt":"2025-05-18T13:59:32","slug":"songmics-chest-of-drawers-bedroom-cabinet-7-fabric-drawers-with-handles-metal-frame","status":"publish","type":"product","link":"https:\/\/seamlessview.shop\/es\/producto\/songmics-chest-of-drawers-bedroom-cabinet-7-fabric-drawers-with-handles-metal-frame\/","title":{"rendered":"SONGMICS C\u00f3moda, Armario de Dormitorio, 7 Cajones de Tela con Tiradores, Estructura de Metal"},"content":{"rendered":"<p><img fetchpriority=\"high\" decoding=\"async\" src=\"https:\/\/newbotay.shop\/wp-content\/uploads\/2025\/02\/74fcb28c-0dee-4032-bf09-536aa4725e86.__CR00970600_PT0_SX970_V1___.jpg\" sizes=\"(max-width: 970px) 100vw, 970px\" srcset=\"https:\/\/newbotay.shop\/wp-content\/uploads\/2025\/02\/74fcb28c-0dee-4032-bf09-536aa4725e86.__CR00970600_PT0_SX970_V1___.jpg 970w, https:\/\/newbotay.shop\/wp-content\/uploads\/2025\/02\/74fcb28c-0dee-4032-bf09-536aa4725e86.__CR00970600_PT0_SX970_V1___-300x186.jpg 300w, https:\/\/newbotay.shop\/wp-content\/uploads\/2025\/02\/74fcb28c-0dee-4032-bf09-536aa4725e86.__CR00970600_PT0_SX970_V1___-768x475.jpg 768w, https:\/\/newbotay.shop\/wp-content\/uploads\/2025\/02\/74fcb28c-0dee-4032-bf09-536aa4725e86.__CR00970600_PT0_SX970_V1___-60x37.jpg 60w, https:\/\/newbotay.shop\/wp-content\/uploads\/2025\/02\/74fcb28c-0dee-4032-bf09-536aa4725e86.__CR00970600_PT0_SX970_V1___-110x68.jpg 110w, https:\/\/newbotay.shop\/wp-content\/uploads\/2025\/02\/74fcb28c-0dee-4032-bf09-536aa4725e86.__CR00970600_PT0_SX970_V1___-600x371.jpg 600w, https:\/\/newbotay.shop\/wp-content\/uploads\/2025\/02\/74fcb28c-0dee-4032-bf09-536aa4725e86.__CR00970600_PT0_SX970_V1___-130x80.jpg 130w\" alt=\"\" width=\"970\" height=\"600\" \/><br \/>\n<img decoding=\"async\" src=\"https:\/\/newbotay.shop\/wp-content\/uploads\/2025\/02\/dbc6e70a-0389-45d3-82c5-391fd158e303.__CR00970600_PT0_SX970_V1___.jpg\" sizes=\"(max-width: 970px) 100vw, 970px\" srcset=\"https:\/\/newbotay.shop\/wp-content\/uploads\/2025\/02\/dbc6e70a-0389-45d3-82c5-391fd158e303.__CR00970600_PT0_SX970_V1___.jpg 970w, https:\/\/newbotay.shop\/wp-content\/uploads\/2025\/02\/dbc6e70a-0389-45d3-82c5-391fd158e303.__CR00970600_PT0_SX970_V1___-300x186.jpg 300w, https:\/\/newbotay.shop\/wp-content\/uploads\/2025\/02\/dbc6e70a-0389-45d3-82c5-391fd158e303.__CR00970600_PT0_SX970_V1___-768x475.jpg 768w, https:\/\/newbotay.shop\/wp-content\/uploads\/2025\/02\/dbc6e70a-0389-45d3-82c5-391fd158e303.__CR00970600_PT0_SX970_V1___-60x37.jpg 60w, https:\/\/newbotay.shop\/wp-content\/uploads\/2025\/02\/dbc6e70a-0389-45d3-82c5-391fd158e303.__CR00970600_PT0_SX970_V1___-110x68.jpg 110w, https:\/\/newbotay.shop\/wp-content\/uploads\/2025\/02\/dbc6e70a-0389-45d3-82c5-391fd158e303.__CR00970600_PT0_SX970_V1___-600x371.jpg 600w, https:\/\/newbotay.shop\/wp-content\/uploads\/2025\/02\/dbc6e70a-0389-45d3-82c5-391fd158e303.__CR00970600_PT0_SX970_V1___-130x80.jpg 130w\" alt=\"\" width=\"970\" height=\"600\" \/><br \/>\n<img decoding=\"async\" src=\"https:\/\/newbotay.shop\/wp-content\/uploads\/2025\/03\/101010101010-8-1024x410.webp\" sizes=\"(max-width: 1024px) 100vw, 1024px\" srcset=\"https:\/\/newbotay.shop\/wp-content\/uploads\/2025\/03\/101010101010-8-1024x410.webp 1024w, https:\/\/newbotay.shop\/wp-content\/uploads\/2025\/03\/101010101010-8-300x120.webp 300w, https:\/\/newbotay.shop\/wp-content\/uploads\/2025\/03\/101010101010-8-768x307.webp 768w, https:\/\/newbotay.shop\/wp-content\/uploads\/2025\/03\/101010101010-8-1536x614.webp 1536w, https:\/\/newbotay.shop\/wp-content\/uploads\/2025\/03\/101010101010-8-60x24.webp 60w, https:\/\/newbotay.shop\/wp-content\/uploads\/2025\/03\/101010101010-8-110x44.webp 110w, https:\/\/newbotay.shop\/wp-content\/uploads\/2025\/03\/101010101010-8-600x240.webp 600w, https:\/\/newbotay.shop\/wp-content\/uploads\/2025\/03\/101010101010-8-130x52.webp 130w, https:\/\/newbotay.shop\/wp-content\/uploads\/2025\/03\/101010101010-8.webp 1920w\" alt=\"\" width=\"1024\" height=\"410\" \/><br \/>\n<img loading=\"lazy\" decoding=\"async\" src=\"https:\/\/newbotay.shop\/wp-content\/uploads\/2025\/03\/20240822163928-5-507x1024.webp\" sizes=\"(max-width: 507px) 100vw, 507px\" srcset=\"https:\/\/newbotay.shop\/wp-content\/uploads\/2025\/03\/20240822163928-5-507x1024.webp 507w, https:\/\/newbotay.shop\/wp-content\/uploads\/2025\/03\/20240822163928-5-148x300.webp 148w, https:\/\/newbotay.shop\/wp-content\/uploads\/2025\/03\/20240822163928-5-768x1552.webp 768w, https:\/\/newbotay.shop\/wp-content\/uploads\/2025\/03\/20240822163928-5-760x1536.webp 760w, https:\/\/newbotay.shop\/wp-content\/uploads\/2025\/03\/20240822163928-5-1013x2048.webp 1013w, https:\/\/newbotay.shop\/wp-content\/uploads\/2025\/03\/20240822163928-5-60x121.webp 60w, https:\/\/newbotay.shop\/wp-content\/uploads\/2025\/03\/20240822163928-5-110x222.webp 110w, https:\/\/newbotay.shop\/wp-content\/uploads\/2025\/03\/20240822163928-5-600x1213.webp 600w, https:\/\/newbotay.shop\/wp-content\/uploads\/2025\/03\/20240822163928-5-130x263.webp 130w, https:\/\/newbotay.shop\/wp-content\/uploads\/2025\/03\/20240822163928-5.webp 1080w\" alt=\"\" width=\"507\" height=\"1024\" \/><\/p>\n<ul>\n<li>\u3010SPACIOUS &amp; SORTED\u3011Puede ordenar f\u00e1cilmente sus cosas con 7 cajones (4 grandes y 3 peque\u00f1os). Cada caj\u00f3n grande puede contener 60-70 calcetines, 13-16 camisetas, o 7-11 pares de pantalones. Cada peque\u00f1o puede contener 40-45 calcetines, 9-10 camisetas, o 4-7 pares de pantalones<\/li>\n<li>\u3010ESTABLE Y SEGURA\u3011Esta c\u00f3moda est\u00e1 equipada con pies ajustables para mayor estabilidad incluso en suelos ligeramente irregulares. El kit antivuelco incluido ofrece estabilidad y seguridad adicionales<\/li>\n<li>\u3010VERSATILE\u3011Utilice esta unidad de almacenamiento en el dormitorio o vestidor para guardar ropa, en la sala de estar para plantas y decoraciones, o como mueble de TV.<\/li>\n<li>\u3010F\u00c1CIL MONTAJE\u3011Gracias a las piezas individuales etiquetadas y a las instrucciones f\u00e1ciles de seguir, montar este mueble de almacenamiento con 7 cajones es un juego de ni\u00f1os.<\/li>\n<li>\u3010SIDE RAILS AND RAISED BACK EDGE\u3011Los rieles en los lados y el borde elevado en la parte posterior protegen sus objetos de caerse. Los rieles tambi\u00e9n se pueden utilizar como asas para facilitar el transporte<\/li>\n<\/ul>","protected":false},"excerpt":{"rendered":"<p>\u3010SPACIOUS &amp; SORTED\u3011You can easily sort your stuff with 7 drawers (4 large &amp; 3 small). Each large drawer can hold 60-70 socks, 13-16 T-shirts, or 7-11 pairs of trousers. Each small one can hold 40-45 socks, 9-10 T-shirts, or 4-7 pairs of trousers \u3010STABLE AND SAFE\u3011This chest of drawers is equipped with adjustable feet [&hellip;]<\/p>","protected":false},"featured_media":1254,"comment_status":"open","ping_status":"closed","template":"","meta":{"_acf_changed":false},"product_brand":[],"product_cat":[35,46],"product_tag":[],"class_list":{"0":"post-1250","1":"product","2":"type-product","3":"status-publish","4":"has-post-thumbnail","6":"product_cat-sale","7":"product_cat-cabinets-storage","9":"first","10":"instock","11":"shipping-taxable","12":"purchasable","13":"product-type-variable","14":"has-default-attributes","15":"wvs-archive-product-wrapper"},"acf":[],"_links":{"self":[{"href":"https:\/\/seamlessview.shop\/es\/wp-json\/wp\/v2\/product\/1250","targetHints":{"allow":["GET"]}}],"collection":[{"href":"https:\/\/seamlessview.shop\/es\/wp-json\/wp\/v2\/product"}],"about":[{"href":"https:\/\/seamlessview.shop\/es\/wp-json\/wp\/v2\/types\/product"}],"replies":[{"embeddable":true,"href":"https:\/\/seamlessview.shop\/es\/wp-json\/wp\/v2\/comments?post=1250"}],"version-history":[{"count":1,"href":"https:\/\/seamlessview.shop\/es\/wp-json\/wp\/v2\/product\/1250\/revisions"}],"predecessor-version":[{"id":1255,"href":"https:\/\/seamlessview.shop\/es\/wp-json\/wp\/v2\/product\/1250\/revisions\/1255"}],"wp:featuredmedia":[{"embeddable":true,"href":"https:\/\/seamlessview.shop\/es\/wp-json\/wp\/v2\/media\/1254"}],"wp:attachment":[{"href":"https:\/\/seamlessview.shop\/es\/wp-json\/wp\/v2\/media?parent=1250"}],"wp:term":[{"taxonomy":"product_brand","embeddable":true,"href":"https:\/\/seamlessview.shop\/es\/wp-json\/wp\/v2\/product_brand?post=1250"},{"taxonomy":"product_cat","embeddable":true,"href":"https:\/\/seamlessview.shop\/es\/wp-json\/wp\/v2\/product_cat?post=1250"},{"taxonomy":"product_tag","embeddable":true,"href":"https:\/\/seamlessview.shop\/es\/wp-json\/wp\/v2\/product_tag?post=1250"}],"curies":[{"name":"wp","href":"https:\/\/api.w.org\/{rel}","templated":true}]}}