{"id":136,"date":"2025-04-27T18:13:24","date_gmt":"2025-04-27T18:13:24","guid":{"rendered":"https:\/\/seamlessview.shop\/?post_type=product&#038;p=136"},"modified":"2025-05-15T10:08:34","modified_gmt":"2025-05-15T10:08:34","slug":"powerdashpetcompact-carpet-cleaner","status":"publish","type":"product","link":"https:\/\/seamlessview.shop\/es\/producto\/powerdashpetcompact-carpet-cleaner\/","title":{"rendered":"Limpiador de alfombras PowerDash\u2122Pet+Compact"},"content":{"rendered":"<div data-elementor-type=\"product-post\" data-elementor-id=\"136\" class=\"elementor elementor-136\" data-elementor-post-type=\"product\">\n\t\t\t\t<div class=\"elementor-element elementor-element-7f1cb968 e-grid e-con-boxed e-con e-parent\" data-id=\"7f1cb968\" data-element_type=\"container\" data-settings=\"{&quot;ekit_has_onepagescroll_dot&quot;:&quot;yes&quot;}\">\n\t\t\t\t\t<div class=\"e-con-inner\">\n\t\t<div class=\"elementor-element elementor-element-8f4a10a e-con-full e-flex e-con e-child\" data-id=\"8f4a10a\" data-element_type=\"container\" data-settings=\"{&quot;ekit_has_onepagescroll_dot&quot;:&quot;yes&quot;}\">\n\t\t\t\t<div class=\"elementor-element elementor-element-b67cd19 elementor-widget elementor-widget-video\" data-id=\"b67cd19\" data-element_type=\"widget\" data-settings=\"{&quot;video_type&quot;:&quot;hosted&quot;,&quot;controls&quot;:&quot;yes&quot;,&quot;ekit_we_effect_on&quot;:&quot;none&quot;}\" data-widget_type=\"video.default\">\n\t\t\t\t<div class=\"elementor-widget-container\">\n\t\t\t\t\t\t\t<div class=\"e-hosted-video elementor-wrapper elementor-open-inline\">\n\t\t\t\t\t<video class=\"elementor-video\" src=\"https:\/\/slategrey-otter-684018.hostingersite.com\/wp-content\/uploads\/2025\/04\/9e440538db034d739a447bc116da724a.SD-480p-0.9Mbps-16782949.mp4\" controls=\"\" preload=\"metadata\" controlslist=\"nodownload\"><\/video>\n\t\t\t\t<\/div>\n\t\t\t\t\t\t<\/div>\n\t\t\t\t<\/div>\n\t\t\t\t<\/div>\n\t\t\t\t<div class=\"elementor-element elementor-element-237f47d elementor-widget elementor-widget-text-editor\" data-id=\"237f47d\" data-element_type=\"widget\" data-settings=\"{&quot;ekit_we_effect_on&quot;:&quot;none&quot;}\" data-widget_type=\"text-editor.default\">\n\t\t\t\t<div class=\"elementor-widget-container\">\n\t\t\t\t\t\t\t\t\t<h3>Una limpieza potente y un dise\u00f1o ligero<\/h3><p>Enfr\u00e9ntate f\u00e1cilmente a la suciedad de las mascotas con 25% m\u00e1s de volumen de dep\u00f3sito<\/p><p>El nuevo y mejorado Hoover\u00ae PowerDash Pet es un limpiador de alfombras potente y compacto dise\u00f1ado para una limpieza c\u00f3moda y sin esfuerzo en cualquier lugar de su hogar. El cepillo antimicrobiano ayuda a combatir la acumulaci\u00f3n de bacterias que causan malos olores. Su ligereza y portabilidad facilita la limpieza de una habitaci\u00f3n a otra, mientras que su potente succi\u00f3n ayuda a eliminar las manchas m\u00e1s profundas. Nuestra tecnolog\u00eda HeatForce\u2122 tambi\u00e9n ayuda con el tiempo de secado para que pueda volver a sus alfombras m\u00e1s r\u00e1pido. Con una eficiencia a\u00fan mayor y un potente rendimiento de limpieza, el PowerDash Pet es perfecto para hacer frente a cualquier suciedad de mascotas con facilidad.<\/p>\t\t\t\t\t\t\t\t<\/div>\n\t\t\t\t<\/div>\n\t\t\t\t\t<\/div>\n\t\t\t\t<\/div>\n\t\t<div class=\"elementor-element elementor-element-6c1f655 e-flex e-con-boxed e-con e-parent\" data-id=\"6c1f655\" data-element_type=\"container\" data-settings=\"{&quot;ekit_has_onepagescroll_dot&quot;:&quot;yes&quot;}\">\n\t\t\t\t\t<div class=\"e-con-inner\">\n\t\t\t\t<div class=\"elementor-element elementor-element-1d6b9a9 elementor-widget elementor-widget-heading\" data-id=\"1d6b9a9\" data-element_type=\"widget\" data-settings=\"{&quot;ekit_we_effect_on&quot;:&quot;none&quot;}\" data-widget_type=\"heading.default\">\n\t\t\t\t<div class=\"elementor-widget-container\">\n\t\t\t\t\t<p class=\"elementor-heading-title elementor-size-default\">Detalles del producto<\/p>\t\t\t\t<\/div>\n\t\t\t\t<\/div>\n\t\t\t\t\t<\/div>\n\t\t\t\t<\/div>\n\t\t<div class=\"elementor-element elementor-element-6970020 e-flex e-con-boxed e-con e-parent\" data-id=\"6970020\" data-element_type=\"container\" data-settings=\"{&quot;ekit_has_onepagescroll_dot&quot;:&quot;yes&quot;}\">\n\t\t\t\t\t<div class=\"e-con-inner\">\n\t\t\t\t<div class=\"elementor-element elementor-element-00f5dc7 elementor--h-position-left elementor--v-position-bottom elementor-arrows-position-inside elementor-pagination-position-inside elementor-widget elementor-widget-slides\" data-id=\"00f5dc7\" data-element_type=\"widget\" data-settings=\"{&quot;navigation&quot;:&quot;both&quot;,&quot;autoplay&quot;:&quot;yes&quot;,&quot;pause_on_hover&quot;:&quot;yes&quot;,&quot;pause_on_interaction&quot;:&quot;yes&quot;,&quot;autoplay_speed&quot;:5000,&quot;infinite&quot;:&quot;yes&quot;,&quot;transition&quot;:&quot;slide&quot;,&quot;transition_speed&quot;:500,&quot;ekit_we_effect_on&quot;:&quot;none&quot;}\" data-widget_type=\"slides.default\">\n\t\t\t\t<div class=\"elementor-widget-container\">\n\t\t\t\t\t\t\t\t\t<div class=\"elementor-swiper\">\n\t\t\t\t\t<div class=\"elementor-slides-wrapper elementor-main-swiper swiper\" role=\"region\" aria-roledescription=\"carousel\" aria-label=\"Diapositivas\" dir=\"ltr\" data-animation=\"fadeInUp\">\n\t\t\t\t<div class=\"swiper-wrapper elementor-slides\">\n\t\t\t\t\t\t\t\t\t\t<div class=\"elementor-repeater-item-3ae9d3d swiper-slide\" role=\"group\" aria-roledescription=\"slide\"><div class=\"swiper-slide-bg\" role=\"img\"><\/div><div class=\"swiper-slide-inner\" ><div class=\"swiper-slide-contents\"><div class=\"elementor-slide-heading\">Perfecto para la suciedad de las mascotas<\/div><div class=\"elementor-slide-description\">Ya se trate de accidentes o de limpiar huellas,\nPowerDash Pet es el limpiador de alfombras ideal para las zonas de mucho tr\u00e1nsito de su hogar.<\/div><\/div><\/div><\/div><div class=\"elementor-repeater-item-c768a1f swiper-slide\" role=\"group\" aria-roledescription=\"slide\"><div class=\"swiper-slide-bg\" role=\"img\"><\/div><div class=\"swiper-slide-inner\" ><div class=\"swiper-slide-contents\"><div class=\"elementor-slide-heading\">Dise\u00f1o compacto<\/div><div class=\"elementor-slide-description\">Llega a todos los lugares de dif\u00edcil acceso que los aspiradores de alfombras m\u00e1s grandes no pueden limpiar.\nPowerDash Pet es ligero, compacto y perfecto para hogares peque\u00f1os con\ncon m\u00e1s obst\u00e1culos.<\/div><\/div><\/div><\/div><div class=\"elementor-repeater-item-bf4843a swiper-slide\" role=\"group\" aria-roledescription=\"slide\"><div class=\"swiper-slide-bg\" role=\"img\"><\/div><div class=\"swiper-slide-inner\" ><div class=\"swiper-slide-contents\"><div class=\"elementor-slide-heading\">Adi\u00f3s a los derrames de comida<\/div><div class=\"elementor-slide-description\">PowerDash Pet no es s\u00f3lo para casas de mascotas. Tambi\u00e9n hace maravillas limpiando\n4A\nderrames de comida, manchas misteriosas y la suciedad diaria.<\/div><\/div><\/div><\/div><div class=\"elementor-repeater-item-7ac6ed1 swiper-slide\" role=\"group\" aria-roledescription=\"slide\"><div class=\"swiper-slide-bg\" role=\"img\"><\/div><div class=\"swiper-slide-inner\" ><div class=\"swiper-slide-contents\"><div class=\"elementor-slide-heading\">F\u00e1cil montaje y limpieza<\/div><div class=\"elementor-slide-description\">Los dep\u00f3sitos dobles garantizan que el agua limpia y la leche maternizada se mantengan separadas del agua sucia\ny son f\u00e1ciles de llenar, vaciar y enjuagar.<\/div><\/div><\/div><\/div>\t\t\t\t<\/div>\n\t\t\t\t\t\t\t\t\t\t\t\t\t\t\t<div class=\"elementor-swiper-button elementor-swiper-button-prev\" role=\"button\" tabindex=\"0\" aria-label=\"Diapositiva anterior\">\n\t\t\t\t\t\t\t<svg aria-hidden=\"true\" class=\"e-font-icon-svg e-eicon-chevron-left\" viewbox=\"0 0 1000 1000\" xmlns=\"http:\/\/www.w3.org\/2000\/svg\"><path d=\"M646 125C629 125 613 133 604 142L308 442C296 454 292 471 292 487 292 504 296 521 308 533L604 854C617 867 629 875 646 875 663 875 679 871 692 858 704 846 713 829 713 812 713 796 708 779 692 767L438 487 692 225C700 217 708 204 708 187 708 171 704 154 692 142 675 129 663 125 646 125Z\"><\/path><\/svg>\t\t\t\t\t\t<\/div>\n\t\t\t\t\t\t<div class=\"elementor-swiper-button elementor-swiper-button-next\" role=\"button\" tabindex=\"0\" aria-label=\"Siguiente diapositiva\">\n\t\t\t\t\t\t\t<svg aria-hidden=\"true\" class=\"e-font-icon-svg e-eicon-chevron-right\" viewbox=\"0 0 1000 1000\" xmlns=\"http:\/\/www.w3.org\/2000\/svg\"><path d=\"M696 533C708 521 713 504 713 487 713 471 708 454 696 446L400 146C388 133 375 125 354 125 338 125 325 129 313 142 300 154 292 171 292 187 292 204 296 221 308 233L563 492 304 771C292 783 288 800 288 817 288 833 296 850 308 863 321 871 338 875 354 875 371 875 388 867 400 854L696 533Z\"><\/path><\/svg>\t\t\t\t\t\t<\/div>\n\t\t\t\t\t\t\t\t\t\t\t\t\t\t\t\t<div class=\"swiper-pagination\"><\/div>\n\t\t\t\t\t\t\t\t\t\t\t\t<\/div>\n\t\t\t\t<\/div>\n\t\t\t\t\t\t\t\t<\/div>\n\t\t\t\t<\/div>\n\t\t\t\t\t<\/div>\n\t\t\t\t<\/div>\n\t\t<div class=\"elementor-element elementor-element-8803180 e-flex e-con-boxed e-con e-parent\" data-id=\"8803180\" data-element_type=\"container\" data-settings=\"{&quot;ekit_has_onepagescroll_dot&quot;:&quot;yes&quot;}\">\n\t\t\t\t\t<div class=\"e-con-inner\">\n\t\t<div class=\"elementor-element elementor-element-d9b9fc8 e-con-full e-flex e-con e-child\" data-id=\"d9b9fc8\" data-element_type=\"container\" data-settings=\"{&quot;ekit_has_onepagescroll_dot&quot;:&quot;yes&quot;}\">\n\t\t\t\t<div class=\"elementor-element elementor-element-e72cd6e elementor-widget elementor-widget-image\" data-id=\"e72cd6e\" data-element_type=\"widget\" data-settings=\"{&quot;ekit_we_effect_on&quot;:&quot;none&quot;}\" data-widget_type=\"image.default\">\n\t\t\t\t<div class=\"elementor-widget-container\">\n\t\t\t\t\t\t\t\t\t\t\t\t\t\t\t<img fetchpriority=\"high\" decoding=\"async\" width=\"360\" height=\"360\" src=\"https:\/\/seamlessview.shop\/wp-content\/uploads\/2025\/04\/FH50704_Prod-Highlights-4Column_1-HeatForce.webp\" class=\"attachment-large size-large wp-image-171 wvs-archive-product-image\" alt=\"\" srcset=\"https:\/\/seamlessview.shop\/wp-content\/uploads\/2025\/04\/FH50704_Prod-Highlights-4Column_1-HeatForce.webp 360w, https:\/\/seamlessview.shop\/wp-content\/uploads\/2025\/04\/FH50704_Prod-Highlights-4Column_1-HeatForce-300x300.webp 300w, https:\/\/seamlessview.shop\/wp-content\/uploads\/2025\/04\/FH50704_Prod-Highlights-4Column_1-HeatForce-150x150.webp 150w, https:\/\/seamlessview.shop\/wp-content\/uploads\/2025\/04\/FH50704_Prod-Highlights-4Column_1-HeatForce-60x60.webp 60w, https:\/\/seamlessview.shop\/wp-content\/uploads\/2025\/04\/FH50704_Prod-Highlights-4Column_1-HeatForce-100x100.webp 100w\" sizes=\"(max-width: 360px) 100vw, 360px\" \/>\t\t\t\t\t\t\t\t\t\t\t\t\t\t\t<\/div>\n\t\t\t\t<\/div>\n\t\t\t\t<div class=\"elementor-element elementor-element-e1a3219 elementor-widget elementor-widget-text-editor\" data-id=\"e1a3219\" data-element_type=\"widget\" data-settings=\"{&quot;ekit_we_effect_on&quot;:&quot;none&quot;}\" data-widget_type=\"text-editor.default\">\n\t\t\t\t<div class=\"elementor-widget-container\">\n\t\t\t\t\t\t\t\t\t<h4 class=\"heading text-lg-2xl leading-tight tracking-tight\">Tecnolog\u00eda HeatForce<\/h4>\n<div class=\"rte leading-normal\">\n\nNuestra tecnolog\u00eda de secado patentada que le permite volver a sus alfombras lo antes posible: \u00a1menos de 45 minutos!\n\n<\/div>\t\t\t\t\t\t\t\t<\/div>\n\t\t\t\t<\/div>\n\t\t\t\t<\/div>\n\t\t<div class=\"elementor-element elementor-element-a2fff34 e-con-full e-flex e-con e-child\" data-id=\"a2fff34\" data-element_type=\"container\" data-settings=\"{&quot;ekit_has_onepagescroll_dot&quot;:&quot;yes&quot;}\">\n\t\t\t\t<div class=\"elementor-element elementor-element-ede5dd8 elementor-widget elementor-widget-image\" data-id=\"ede5dd8\" data-element_type=\"widget\" data-settings=\"{&quot;ekit_we_effect_on&quot;:&quot;none&quot;}\" data-widget_type=\"image.default\">\n\t\t\t\t<div class=\"elementor-widget-container\">\n\t\t\t\t\t\t\t\t\t\t\t\t\t\t\t<img decoding=\"async\" width=\"360\" height=\"360\" src=\"https:\/\/seamlessview.shop\/wp-content\/uploads\/2025\/04\/FH50704_Prod-Highlights-4Column_3-PowerSpin.webp\" class=\"attachment-large size-large wp-image-172 wvs-archive-product-image\" alt=\"\" srcset=\"https:\/\/seamlessview.shop\/wp-content\/uploads\/2025\/04\/FH50704_Prod-Highlights-4Column_3-PowerSpin.webp 360w, https:\/\/seamlessview.shop\/wp-content\/uploads\/2025\/04\/FH50704_Prod-Highlights-4Column_3-PowerSpin-300x300.webp 300w, https:\/\/seamlessview.shop\/wp-content\/uploads\/2025\/04\/FH50704_Prod-Highlights-4Column_3-PowerSpin-150x150.webp 150w, https:\/\/seamlessview.shop\/wp-content\/uploads\/2025\/04\/FH50704_Prod-Highlights-4Column_3-PowerSpin-60x60.webp 60w, https:\/\/seamlessview.shop\/wp-content\/uploads\/2025\/04\/FH50704_Prod-Highlights-4Column_3-PowerSpin-100x100.webp 100w\" sizes=\"(max-width: 360px) 100vw, 360px\" \/>\t\t\t\t\t\t\t\t\t\t\t\t\t\t\t<\/div>\n\t\t\t\t<\/div>\n\t\t\t\t<div class=\"elementor-element elementor-element-626c800 elementor-widget elementor-widget-text-editor\" data-id=\"626c800\" data-element_type=\"widget\" data-settings=\"{&quot;ekit_we_effect_on&quot;:&quot;none&quot;}\" data-widget_type=\"text-editor.default\">\n\t\t\t\t<div class=\"elementor-widget-container\">\n\t\t\t\t\t\t\t\t\t<h4 class=\"heading text-lg-2xl leading-tight tracking-tight\">Dep\u00f3sitos dobles<\/h4><div class=\"rte leading-normal\"><p>La limpieza es pan comido con un motor 25% m\u00e1s potente y la tecnolog\u00eda WindTunnel que crea una succi\u00f3n de borde a borde.<\/p><\/div>\t\t\t\t\t\t\t\t<\/div>\n\t\t\t\t<\/div>\n\t\t\t\t<\/div>\n\t\t<div class=\"elementor-element elementor-element-88493ef e-con-full e-flex e-con e-child\" data-id=\"88493ef\" data-element_type=\"container\" data-settings=\"{&quot;ekit_has_onepagescroll_dot&quot;:&quot;yes&quot;}\">\n\t\t\t\t<div class=\"elementor-element elementor-element-f9df187 elementor-widget elementor-widget-image\" data-id=\"f9df187\" data-element_type=\"widget\" data-settings=\"{&quot;ekit_we_effect_on&quot;:&quot;none&quot;}\" data-widget_type=\"image.default\">\n\t\t\t\t<div class=\"elementor-widget-container\">\n\t\t\t\t\t\t\t\t\t\t\t\t\t\t\t<img decoding=\"async\" width=\"360\" height=\"360\" src=\"https:\/\/seamlessview.shop\/wp-content\/uploads\/2025\/04\/FH50704_Prod-Highlights-4Column_4-Pet.webp\" class=\"attachment-large size-large wp-image-173 wvs-archive-product-image\" alt=\"\" srcset=\"https:\/\/seamlessview.shop\/wp-content\/uploads\/2025\/04\/FH50704_Prod-Highlights-4Column_4-Pet.webp 360w, https:\/\/seamlessview.shop\/wp-content\/uploads\/2025\/04\/FH50704_Prod-Highlights-4Column_4-Pet-300x300.webp 300w, https:\/\/seamlessview.shop\/wp-content\/uploads\/2025\/04\/FH50704_Prod-Highlights-4Column_4-Pet-150x150.webp 150w, https:\/\/seamlessview.shop\/wp-content\/uploads\/2025\/04\/FH50704_Prod-Highlights-4Column_4-Pet-60x60.webp 60w, https:\/\/seamlessview.shop\/wp-content\/uploads\/2025\/04\/FH50704_Prod-Highlights-4Column_4-Pet-100x100.webp 100w\" sizes=\"(max-width: 360px) 100vw, 360px\" \/>\t\t\t\t\t\t\t\t\t\t\t\t\t\t\t<\/div>\n\t\t\t\t<\/div>\n\t\t\t\t<div class=\"elementor-element elementor-element-38f554b elementor-widget elementor-widget-text-editor\" data-id=\"38f554b\" data-element_type=\"widget\" data-settings=\"{&quot;ekit_we_effect_on&quot;:&quot;none&quot;}\" data-widget_type=\"text-editor.default\">\n\t\t\t\t<div class=\"elementor-widget-container\">\n\t\t\t\t\t\t\t\t\t<h4 class=\"heading text-lg-2xl leading-tight tracking-tight\">Protector de cepillo extra\u00edble<\/h4><div class=\"rte leading-normal\"><p>Alcance f\u00e1cilmente el rodillo de cepillado para la limpieza y el mantenimiento de la m\u00e1quina.<\/p><\/div>\t\t\t\t\t\t\t\t<\/div>\n\t\t\t\t<\/div>\n\t\t\t\t<\/div>\n\t\t<div class=\"elementor-element elementor-element-38ac3d0 e-con-full e-flex e-con e-child\" data-id=\"38ac3d0\" data-element_type=\"container\" data-settings=\"{&quot;ekit_has_onepagescroll_dot&quot;:&quot;yes&quot;}\">\n\t\t\t\t<\/div>\n\t\t\t\t\t<\/div>\n\t\t\t\t<\/div>\n\t\t<div class=\"elementor-element elementor-element-738d19b e-flex e-con-boxed e-con e-parent\" data-id=\"738d19b\" data-element_type=\"container\" data-settings=\"{&quot;ekit_has_onepagescroll_dot&quot;:&quot;yes&quot;}\">\n\t\t\t\t\t<div class=\"e-con-inner\">\n\t\t<div class=\"elementor-element elementor-element-1465c39 e-con-full e-flex e-con e-child\" data-id=\"1465c39\" data-element_type=\"container\" data-settings=\"{&quot;ekit_has_onepagescroll_dot&quot;:&quot;yes&quot;}\">\n\t\t\t\t<div class=\"elementor-element elementor-element-ef1c98e elementor-widget elementor-widget-image\" data-id=\"ef1c98e\" data-element_type=\"widget\" data-settings=\"{&quot;ekit_we_effect_on&quot;:&quot;none&quot;}\" data-widget_type=\"image.default\">\n\t\t\t\t<div class=\"elementor-widget-container\">\n\t\t\t\t\t\t\t\t\t\t\t\t\t\t\t<img loading=\"lazy\" decoding=\"async\" width=\"720\" height=\"338\" src=\"https:\/\/seamlessview.shop\/wp-content\/uploads\/2025\/04\/Hoover_BTF_FH50704_Highlights_2column_1.webp\" class=\"attachment-large size-large wp-image-174 wvs-archive-product-image\" alt=\"\" srcset=\"https:\/\/seamlessview.shop\/wp-content\/uploads\/2025\/04\/Hoover_BTF_FH50704_Highlights_2column_1.webp 720w, https:\/\/seamlessview.shop\/wp-content\/uploads\/2025\/04\/Hoover_BTF_FH50704_Highlights_2column_1-300x141.webp 300w, https:\/\/seamlessview.shop\/wp-content\/uploads\/2025\/04\/Hoover_BTF_FH50704_Highlights_2column_1-60x28.webp 60w, https:\/\/seamlessview.shop\/wp-content\/uploads\/2025\/04\/Hoover_BTF_FH50704_Highlights_2column_1-600x282.webp 600w\" sizes=\"(max-width: 720px) 100vw, 720px\" \/>\t\t\t\t\t\t\t\t\t\t\t\t\t\t\t<\/div>\n\t\t\t\t<\/div>\n\t\t\t\t<div class=\"elementor-element elementor-element-4478da6 elementor-widget elementor-widget-text-editor\" data-id=\"4478da6\" data-element_type=\"widget\" data-settings=\"{&quot;ekit_we_effect_on&quot;:&quot;none&quot;}\" data-widget_type=\"text-editor.default\">\n\t\t\t\t<div class=\"elementor-widget-container\">\n\t\t\t\t\t\t\t\t\t<h4 class=\"heading text-lg-2xl leading-tight tracking-tight\">Compacto y ligero<\/h4><div class=\"rte leading-normal\"><p>Con un peso de menos de 13 libras, esta m\u00e1quina puede ir a casi cualquier lugar que usted haga, sin esfuerzo y sin comprometer la potencia.<\/p><\/div>\t\t\t\t\t\t\t\t<\/div>\n\t\t\t\t<\/div>\n\t\t\t\t<\/div>\n\t\t<div class=\"elementor-element elementor-element-fe255a8 e-con-full e-flex e-con e-child\" data-id=\"fe255a8\" data-element_type=\"container\" data-settings=\"{&quot;ekit_has_onepagescroll_dot&quot;:&quot;yes&quot;}\">\n\t\t\t\t<div class=\"elementor-element elementor-element-dab0890 elementor-widget elementor-widget-image\" data-id=\"dab0890\" data-element_type=\"widget\" data-settings=\"{&quot;ekit_we_effect_on&quot;:&quot;none&quot;}\" data-widget_type=\"image.default\">\n\t\t\t\t<div class=\"elementor-widget-container\">\n\t\t\t\t\t\t\t\t\t\t\t\t\t\t\t<img loading=\"lazy\" decoding=\"async\" width=\"720\" height=\"338\" src=\"https:\/\/seamlessview.shop\/wp-content\/uploads\/2025\/04\/Hoover_BTF_FH50704_Highlights_2column_2-2.webp\" class=\"attachment-large size-large wp-image-175 wvs-archive-product-image\" alt=\"\" srcset=\"https:\/\/seamlessview.shop\/wp-content\/uploads\/2025\/04\/Hoover_BTF_FH50704_Highlights_2column_2-2.webp 720w, https:\/\/seamlessview.shop\/wp-content\/uploads\/2025\/04\/Hoover_BTF_FH50704_Highlights_2column_2-2-300x141.webp 300w, https:\/\/seamlessview.shop\/wp-content\/uploads\/2025\/04\/Hoover_BTF_FH50704_Highlights_2column_2-2-60x28.webp 60w, https:\/\/seamlessview.shop\/wp-content\/uploads\/2025\/04\/Hoover_BTF_FH50704_Highlights_2column_2-2-600x282.webp 600w\" sizes=\"(max-width: 720px) 100vw, 720px\" \/>\t\t\t\t\t\t\t\t\t\t\t\t\t\t\t<\/div>\n\t\t\t\t<\/div>\n\t\t\t\t<div class=\"elementor-element elementor-element-bb146e6 elementor-widget elementor-widget-text-editor\" data-id=\"bb146e6\" data-element_type=\"widget\" data-settings=\"{&quot;ekit_we_effect_on&quot;:&quot;none&quot;}\" data-widget_type=\"text-editor.default\">\n\t\t\t\t<div class=\"elementor-widget-container\">\n\t\t\t\t\t\t\t\t\t<h4 class=\"heading text-lg-2xl leading-tight tracking-tight\">Mayor recorrido de limpieza<\/h4><div class=\"rte leading-normal\"><p>Cubre m\u00e1s superficie y limpia m\u00e1s en una sola pasada.<\/p><\/div>\t\t\t\t\t\t\t\t<\/div>\n\t\t\t\t<\/div>\n\t\t\t\t<\/div>\n\t\t\t\t\t<\/div>\n\t\t\t\t<\/div>\n\t\t<div class=\"elementor-element elementor-element-a44b699 e-grid e-con-boxed e-con e-parent\" data-id=\"a44b699\" data-element_type=\"container\" data-settings=\"{&quot;ekit_has_onepagescroll_dot&quot;:&quot;yes&quot;}\">\n\t\t\t\t\t<div class=\"e-con-inner\">\n\t\t\t\t<div class=\"elementor-element elementor-element-01950c1 elementor-widget elementor-widget-image\" data-id=\"01950c1\" data-element_type=\"widget\" data-settings=\"{&quot;ekit_we_effect_on&quot;:&quot;none&quot;}\" data-widget_type=\"image.default\">\n\t\t\t\t<div class=\"elementor-widget-container\">\n\t\t\t\t\t\t\t\t\t\t\t\t\t\t\t<img loading=\"lazy\" decoding=\"async\" width=\"540\" height=\"528\" src=\"https:\/\/seamlessview.shop\/wp-content\/uploads\/2025\/04\/Hoover_BTF_FH50704_Highlights_3column_1_1.webp\" class=\"attachment-large size-large wp-image-179 wvs-archive-product-image\" alt=\"\" srcset=\"https:\/\/seamlessview.shop\/wp-content\/uploads\/2025\/04\/Hoover_BTF_FH50704_Highlights_3column_1_1.webp 540w, https:\/\/seamlessview.shop\/wp-content\/uploads\/2025\/04\/Hoover_BTF_FH50704_Highlights_3column_1_1-300x293.webp 300w, https:\/\/seamlessview.shop\/wp-content\/uploads\/2025\/04\/Hoover_BTF_FH50704_Highlights_3column_1_1-60x59.webp 60w\" sizes=\"(max-width: 540px) 100vw, 540px\" \/>\t\t\t\t\t\t\t\t\t\t\t\t\t\t\t<\/div>\n\t\t\t\t<\/div>\n\t\t\t\t<div class=\"elementor-element elementor-element-4084fd3 elementor-widget elementor-widget-image\" data-id=\"4084fd3\" data-element_type=\"widget\" data-settings=\"{&quot;ekit_we_effect_on&quot;:&quot;none&quot;}\" data-widget_type=\"image.default\">\n\t\t\t\t<div class=\"elementor-widget-container\">\n\t\t\t\t\t\t\t\t\t\t\t\t\t\t\t<img loading=\"lazy\" decoding=\"async\" width=\"540\" height=\"528\" src=\"https:\/\/seamlessview.shop\/wp-content\/uploads\/2025\/04\/Hoover_BTF_FH50704_Highlights_3column_2.webp\" class=\"attachment-large size-large wp-image-180 wvs-archive-product-image\" alt=\"\" srcset=\"https:\/\/seamlessview.shop\/wp-content\/uploads\/2025\/04\/Hoover_BTF_FH50704_Highlights_3column_2.webp 540w, https:\/\/seamlessview.shop\/wp-content\/uploads\/2025\/04\/Hoover_BTF_FH50704_Highlights_3column_2-300x293.webp 300w, https:\/\/seamlessview.shop\/wp-content\/uploads\/2025\/04\/Hoover_BTF_FH50704_Highlights_3column_2-60x59.webp 60w\" sizes=\"(max-width: 540px) 100vw, 540px\" \/>\t\t\t\t\t\t\t\t\t\t\t\t\t\t\t<\/div>\n\t\t\t\t<\/div>\n\t\t\t\t<div class=\"elementor-element elementor-element-02e2a3c elementor-widget elementor-widget-image\" data-id=\"02e2a3c\" data-element_type=\"widget\" data-settings=\"{&quot;ekit_we_effect_on&quot;:&quot;none&quot;}\" data-widget_type=\"image.default\">\n\t\t\t\t<div class=\"elementor-widget-container\">\n\t\t\t\t\t\t\t\t\t\t\t\t\t\t\t<img loading=\"lazy\" decoding=\"async\" width=\"540\" height=\"528\" src=\"https:\/\/seamlessview.shop\/wp-content\/uploads\/2025\/04\/Hoover_BTF_FH50704_Highlights_3column_3.webp\" class=\"attachment-large size-large wp-image-181 wvs-archive-product-image\" alt=\"\" srcset=\"https:\/\/seamlessview.shop\/wp-content\/uploads\/2025\/04\/Hoover_BTF_FH50704_Highlights_3column_3.webp 540w, https:\/\/seamlessview.shop\/wp-content\/uploads\/2025\/04\/Hoover_BTF_FH50704_Highlights_3column_3-300x293.webp 300w, https:\/\/seamlessview.shop\/wp-content\/uploads\/2025\/04\/Hoover_BTF_FH50704_Highlights_3column_3-60x59.webp 60w\" sizes=\"(max-width: 540px) 100vw, 540px\" \/>\t\t\t\t\t\t\t\t\t\t\t\t\t\t\t<\/div>\n\t\t\t\t<\/div>\n\t\t\t\t\t<\/div>\n\t\t\t\t<\/div>\n\t\t\t\t<\/div>","protected":false},"excerpt":{"rendered":"<ul>\n<li class=\"\" data-start=\"581\" data-end=\"621\">\n<p class=\"\" data-start=\"584\" data-end=\"621\"><strong data-start=\"584\" data-end=\"604\">\u4e0d\u518d\u6dfb\u52a0 scroll-snap<\/strong>\uff0c\u56e0\u4e3a\u67d0\u4e9b\u4e3b\u9898\u6216\u63d2\u4ef6\u7ed3\u6784\u4e0e\u5b83\u51b2\u7a81\uff1b<\/p>\n<\/li>\n<li class=\"\" data-start=\"622\" data-end=\"686\">\n<p class=\"\" data-start=\"625\" data-end=\"686\"><strong data-start=\"625\" data-end=\"658\">\u53bb\u9664 cursor: agarrar \u548c espacio en blanco<\/strong>\uff0c\u907f\u514d Safari \u548c Elementor \u6837\u5f0f\u51b2\u7a81\uff1b<\/p>\n<\/li>\n<li class=\"\" data-start=\"687\" data-end=\"725\">\n<p class=\"\" data-start=\"690\" data-end=\"725\">\u4fdd\u7559 <code data-start=\"693\" data-end=\"699\">flex<\/code> + <code data-start=\"702\" data-end=\"720\">overflow-x: auto<\/code> \u662f\u5173\u952e\uff1b<\/p>\n<\/li>\n<li class=\"\" data-start=\"726\" data-end=\"767\">\n<p class=\"\" data-start=\"729\" data-end=\"767\"><strong data-start=\"729\" data-end=\"759\">\u4e0d\u8981\u6539 <code data-start=\"735\" data-end=\"749\">.e-con-inner<\/code> \u6216\u5176\u5b83\u7236\u7ea7\u6837\u5f0f<\/strong>\uff0c\u907f\u514d\u683c\u5f0f\u9519\u4e71\uff1b<\/p>\n<\/li>\n<li class=\"\" data-start=\"768\" data-end=\"824\">\n<p class=\"\" data-start=\"771\" data-end=\"824\">\u56fe\u7247\u4e0d\u8981\u7528 <code data-start=\"777\" data-end=\"800\">visualizaci\u00f3n: inline-block<\/code>\uff0c\u7528 <code data-start=\"803\" data-end=\"819\">flex: 0 0 auto<\/code> \u5c31\u591f\u4e86\u3002<\/p>\n<\/li>\n<\/ul>","protected":false},"featured_media":188,"comment_status":"open","ping_status":"closed","template":"","meta":{"_acf_changed":false},"product_brand":[],"product_cat":[35,44],"product_tag":[],"class_list":{"0":"post-136","1":"product","2":"type-product","3":"status-publish","4":"has-post-thumbnail","6":"product_cat-sale","7":"product_cat-cleaning-appliances","9":"first","10":"instock","11":"shipping-taxable","12":"purchasable","13":"product-type-variable","14":"has-default-attributes","15":"wvs-archive-product-wrapper"},"acf":[],"_links":{"self":[{"href":"https:\/\/seamlessview.shop\/es\/wp-json\/wp\/v2\/product\/136","targetHints":{"allow":["GET"]}}],"collection":[{"href":"https:\/\/seamlessview.shop\/es\/wp-json\/wp\/v2\/product"}],"about":[{"href":"https:\/\/seamlessview.shop\/es\/wp-json\/wp\/v2\/types\/product"}],"replies":[{"embeddable":true,"href":"https:\/\/seamlessview.shop\/es\/wp-json\/wp\/v2\/comments?post=136"}],"version-history":[{"count":21,"href":"https:\/\/seamlessview.shop\/es\/wp-json\/wp\/v2\/product\/136\/revisions"}],"predecessor-version":[{"id":612,"href":"https:\/\/seamlessview.shop\/es\/wp-json\/wp\/v2\/product\/136\/revisions\/612"}],"wp:featuredmedia":[{"embeddable":true,"href":"https:\/\/seamlessview.shop\/es\/wp-json\/wp\/v2\/media\/188"}],"wp:attachment":[{"href":"https:\/\/seamlessview.shop\/es\/wp-json\/wp\/v2\/media?parent=136"}],"wp:term":[{"taxonomy":"product_brand","embeddable":true,"href":"https:\/\/seamlessview.shop\/es\/wp-json\/wp\/v2\/product_brand?post=136"},{"taxonomy":"product_cat","embeddable":true,"href":"https:\/\/seamlessview.shop\/es\/wp-json\/wp\/v2\/product_cat?post=136"},{"taxonomy":"product_tag","embeddable":true,"href":"https:\/\/seamlessview.shop\/es\/wp-json\/wp\/v2\/product_tag?post=136"}],"curies":[{"name":"wp","href":"https:\/\/api.w.org\/{rel}","templated":true}]}}