{"id":1613,"date":"2025-05-18T15:38:34","date_gmt":"2025-05-18T15:38:34","guid":{"rendered":"https:\/\/seamlessview.shop\/?post_type=product&#038;p=1613"},"modified":"2025-05-18T16:00:08","modified_gmt":"2025-05-18T16:00:08","slug":"deerrun-a5-pro-smart-2-in-1-folding-treadmill","status":"publish","type":"product","link":"https:\/\/seamlessview.shop\/es\/producto\/deerrun-a5-pro-smart-2-in-1-folding-treadmill\/","title":{"rendered":"Cinta de correr plegable DeerRun A5 Pro Smart 2 en 1"},"content":{"rendered":"<div data-elementor-type=\"product-post\" data-elementor-id=\"1613\" class=\"elementor elementor-1613\" data-elementor-post-type=\"product\">\n\t\t\t\t<div class=\"elementor-element elementor-element-727185b9 e-flex e-con-boxed e-con e-parent\" data-id=\"727185b9\" data-element_type=\"container\" data-settings=\"{&quot;ekit_has_onepagescroll_dot&quot;:&quot;yes&quot;}\">\n\t\t\t\t\t<div class=\"e-con-inner\">\n\t\t\t\t<div class=\"elementor-element elementor-element-21c5e449 elementor-widget elementor-widget-text-editor\" data-id=\"21c5e449\" data-element_type=\"widget\" data-settings=\"{&quot;ekit_we_effect_on&quot;:&quot;none&quot;}\" data-widget_type=\"text-editor.default\">\n\t\t\t\t<div class=\"elementor-widget-container\">\n\t\t\t\t\t\t\t\t\t<div id=\"text-3458730615\" class=\"text\">\n<h2 style=\"text-align: center;\">Cinta de correr plegable A5 Pro Smart 2 en 1<\/h2>\n<\/div>\n<div id=\"text-2664645765\" class=\"text\">\n<p style=\"text-align: center;\">Pase de caminar a correr con un simple movimiento de mu\u00f1eca, transformando su cinta de correr tradicional en una eficaz y c\u00f3moda estaci\u00f3n de trabajo para caminar.<\/p>\n<\/div>\t\t\t\t\t\t\t\t<\/div>\n\t\t\t\t<\/div>\n\t\t\t\t<div class=\"elementor-element elementor-element-1fc2f97 elementor-widget elementor-widget-image\" data-id=\"1fc2f97\" data-element_type=\"widget\" data-settings=\"{&quot;ekit_we_effect_on&quot;:&quot;none&quot;}\" data-widget_type=\"image.default\">\n\t\t\t\t<div class=\"elementor-widget-container\">\n\t\t\t\t\t\t\t\t\t\t\t\t\t\t\t<img fetchpriority=\"high\" decoding=\"async\" width=\"1536\" height=\"680\" src=\"https:\/\/seamlessview.shop\/wp-content\/uploads\/2025\/05\/03187cfe8fbdb84aa703090166f2833d-1536x680-1.webp\" class=\"attachment-full size-full wp-image-1631 wvs-archive-product-image\" alt=\"\" srcset=\"https:\/\/seamlessview.shop\/wp-content\/uploads\/2025\/05\/03187cfe8fbdb84aa703090166f2833d-1536x680-1.webp 1536w, https:\/\/seamlessview.shop\/wp-content\/uploads\/2025\/05\/03187cfe8fbdb84aa703090166f2833d-1536x680-1-300x133.webp 300w, https:\/\/seamlessview.shop\/wp-content\/uploads\/2025\/05\/03187cfe8fbdb84aa703090166f2833d-1536x680-1-1024x453.webp 1024w, https:\/\/seamlessview.shop\/wp-content\/uploads\/2025\/05\/03187cfe8fbdb84aa703090166f2833d-1536x680-1-768x340.webp 768w, https:\/\/seamlessview.shop\/wp-content\/uploads\/2025\/05\/03187cfe8fbdb84aa703090166f2833d-1536x680-1-110x49.webp 110w, https:\/\/seamlessview.shop\/wp-content\/uploads\/2025\/05\/03187cfe8fbdb84aa703090166f2833d-1536x680-1-60x27.webp 60w, https:\/\/seamlessview.shop\/wp-content\/uploads\/2025\/05\/03187cfe8fbdb84aa703090166f2833d-1536x680-1-600x266.webp 600w\" sizes=\"(max-width: 1536px) 100vw, 1536px\" \/>\t\t\t\t\t\t\t\t\t\t\t\t\t\t\t<\/div>\n\t\t\t\t<\/div>\n\t\t\t\t<div class=\"elementor-element elementor-element-e7603cc elementor-widget elementor-widget-text-editor\" data-id=\"e7603cc\" data-element_type=\"widget\" data-settings=\"{&quot;ekit_we_effect_on&quot;:&quot;none&quot;}\" data-widget_type=\"text-editor.default\">\n\t\t\t\t<div class=\"elementor-widget-container\">\n\t\t\t\t\t\t\t\t\t<div id=\"text-2335129736\" class=\"text\"><h2 style=\"text-align: center;\">La pasi\u00f3n es el resultado de una formaci\u00f3n excelente<\/h2><\/div><div id=\"text-2055849213\" class=\"text\"><p style=\"text-align: center;\">Ofrece una plataforma c\u00f3moda y segura con un cintur\u00f3n de carrera dise\u00f1ado para reproducir la sensaci\u00f3n de correr en una pista real. \u00a1Disfrute de la mejor experiencia de ejercicio en casa!<\/p><\/div>\t\t\t\t\t\t\t\t<\/div>\n\t\t\t\t<\/div>\n\t\t\t\t<div class=\"elementor-element elementor-element-55ec64f elementor-widget elementor-widget-image\" data-id=\"55ec64f\" data-element_type=\"widget\" data-settings=\"{&quot;ekit_we_effect_on&quot;:&quot;none&quot;}\" data-widget_type=\"image.default\">\n\t\t\t\t<div class=\"elementor-widget-container\">\n\t\t\t\t\t\t\t\t\t\t\t\t\t\t\t<img decoding=\"async\" width=\"1536\" height=\"680\" src=\"https:\/\/seamlessview.shop\/wp-content\/uploads\/2025\/05\/5_i12-1536x680-1.webp\" class=\"attachment-full size-full wp-image-1632 wvs-archive-product-image\" alt=\"\" srcset=\"https:\/\/seamlessview.shop\/wp-content\/uploads\/2025\/05\/5_i12-1536x680-1.webp 1536w, https:\/\/seamlessview.shop\/wp-content\/uploads\/2025\/05\/5_i12-1536x680-1-300x133.webp 300w, https:\/\/seamlessview.shop\/wp-content\/uploads\/2025\/05\/5_i12-1536x680-1-1024x453.webp 1024w, https:\/\/seamlessview.shop\/wp-content\/uploads\/2025\/05\/5_i12-1536x680-1-768x340.webp 768w, https:\/\/seamlessview.shop\/wp-content\/uploads\/2025\/05\/5_i12-1536x680-1-110x49.webp 110w, https:\/\/seamlessview.shop\/wp-content\/uploads\/2025\/05\/5_i12-1536x680-1-60x27.webp 60w, https:\/\/seamlessview.shop\/wp-content\/uploads\/2025\/05\/5_i12-1536x680-1-600x266.webp 600w\" sizes=\"(max-width: 1536px) 100vw, 1536px\" \/>\t\t\t\t\t\t\t\t\t\t\t\t\t\t\t<\/div>\n\t\t\t\t<\/div>\n\t\t\t\t<div class=\"elementor-element elementor-element-f0696cc elementor-widget elementor-widget-text-editor\" data-id=\"f0696cc\" data-element_type=\"widget\" data-settings=\"{&quot;ekit_we_effect_on&quot;:&quot;none&quot;}\" data-widget_type=\"text-editor.default\">\n\t\t\t\t<div class=\"elementor-widget-container\">\n\t\t\t\t\t\t\t\t\t<div id=\"text-30439662\" class=\"text\"><h2 style=\"text-align: center;\">#Spotlight<\/h2><\/div><div id=\"text-4264472161\" class=\"text\"><p style=\"text-align: center;\">Dise\u00f1o m\u00e1s innovador, m\u00e1s atenci\u00f3n al detalle<\/p><\/div>\t\t\t\t\t\t\t\t<\/div>\n\t\t\t\t<\/div>\n\t\t\t\t<div class=\"elementor-element elementor-element-c47fdec elementor-widget elementor-widget-image\" data-id=\"c47fdec\" data-element_type=\"widget\" data-settings=\"{&quot;ekit_we_effect_on&quot;:&quot;none&quot;}\" data-widget_type=\"image.default\">\n\t\t\t\t<div class=\"elementor-widget-container\">\n\t\t\t\t\t\t\t\t\t\t\t\t\t\t\t<img decoding=\"async\" width=\"1504\" height=\"372\" src=\"https:\/\/seamlessview.shop\/wp-content\/uploads\/2025\/05\/QQ20250518-234525.png\" class=\"attachment-full size-full wp-image-1633 wvs-archive-product-image\" alt=\"\" srcset=\"https:\/\/seamlessview.shop\/wp-content\/uploads\/2025\/05\/QQ20250518-234525.png 1504w, https:\/\/seamlessview.shop\/wp-content\/uploads\/2025\/05\/QQ20250518-234525-300x74.png 300w, https:\/\/seamlessview.shop\/wp-content\/uploads\/2025\/05\/QQ20250518-234525-1024x253.png 1024w, https:\/\/seamlessview.shop\/wp-content\/uploads\/2025\/05\/QQ20250518-234525-768x190.png 768w, https:\/\/seamlessview.shop\/wp-content\/uploads\/2025\/05\/QQ20250518-234525-110x27.png 110w, https:\/\/seamlessview.shop\/wp-content\/uploads\/2025\/05\/QQ20250518-234525-60x15.png 60w, https:\/\/seamlessview.shop\/wp-content\/uploads\/2025\/05\/QQ20250518-234525-600x148.png 600w\" sizes=\"(max-width: 1504px) 100vw, 1504px\" \/>\t\t\t\t\t\t\t\t\t\t\t\t\t\t\t<\/div>\n\t\t\t\t<\/div>\n\t\t\t\t<div class=\"elementor-element elementor-element-7795cfd elementor-widget elementor-widget-image\" data-id=\"7795cfd\" data-element_type=\"widget\" data-settings=\"{&quot;ekit_we_effect_on&quot;:&quot;none&quot;}\" data-widget_type=\"image.default\">\n\t\t\t\t<div class=\"elementor-widget-container\">\n\t\t\t\t\t\t\t\t\t\t\t\t\t\t\t<img loading=\"lazy\" decoding=\"async\" width=\"1595\" height=\"531\" src=\"https:\/\/seamlessview.shop\/wp-content\/uploads\/2025\/05\/QQ20250518-234605.png\" class=\"attachment-full size-full wp-image-1634 wvs-archive-product-image\" alt=\"\" srcset=\"https:\/\/seamlessview.shop\/wp-content\/uploads\/2025\/05\/QQ20250518-234605.png 1595w, https:\/\/seamlessview.shop\/wp-content\/uploads\/2025\/05\/QQ20250518-234605-300x100.png 300w, https:\/\/seamlessview.shop\/wp-content\/uploads\/2025\/05\/QQ20250518-234605-1024x341.png 1024w, https:\/\/seamlessview.shop\/wp-content\/uploads\/2025\/05\/QQ20250518-234605-768x256.png 768w, https:\/\/seamlessview.shop\/wp-content\/uploads\/2025\/05\/QQ20250518-234605-1536x511.png 1536w, https:\/\/seamlessview.shop\/wp-content\/uploads\/2025\/05\/QQ20250518-234605-110x37.png 110w, https:\/\/seamlessview.shop\/wp-content\/uploads\/2025\/05\/QQ20250518-234605-60x20.png 60w, https:\/\/seamlessview.shop\/wp-content\/uploads\/2025\/05\/QQ20250518-234605-600x200.png 600w\" sizes=\"(max-width: 1595px) 100vw, 1595px\" \/>\t\t\t\t\t\t\t\t\t\t\t\t\t\t\t<\/div>\n\t\t\t\t<\/div>\n\t\t\t\t<div class=\"elementor-element elementor-element-48f25a5 elementor-widget elementor-widget-image\" data-id=\"48f25a5\" data-element_type=\"widget\" data-settings=\"{&quot;ekit_we_effect_on&quot;:&quot;none&quot;}\" data-widget_type=\"image.default\">\n\t\t\t\t<div class=\"elementor-widget-container\">\n\t\t\t\t\t\t\t\t\t\t\t\t\t\t\t<img loading=\"lazy\" decoding=\"async\" width=\"1596\" height=\"711\" src=\"https:\/\/seamlessview.shop\/wp-content\/uploads\/2025\/05\/QQ20250518-234613.png\" class=\"attachment-full size-full wp-image-1635 wvs-archive-product-image\" alt=\"\" srcset=\"https:\/\/seamlessview.shop\/wp-content\/uploads\/2025\/05\/QQ20250518-234613.png 1596w, https:\/\/seamlessview.shop\/wp-content\/uploads\/2025\/05\/QQ20250518-234613-300x134.png 300w, https:\/\/seamlessview.shop\/wp-content\/uploads\/2025\/05\/QQ20250518-234613-1024x456.png 1024w, https:\/\/seamlessview.shop\/wp-content\/uploads\/2025\/05\/QQ20250518-234613-768x342.png 768w, https:\/\/seamlessview.shop\/wp-content\/uploads\/2025\/05\/QQ20250518-234613-1536x684.png 1536w, https:\/\/seamlessview.shop\/wp-content\/uploads\/2025\/05\/QQ20250518-234613-110x49.png 110w, https:\/\/seamlessview.shop\/wp-content\/uploads\/2025\/05\/QQ20250518-234613-60x27.png 60w, https:\/\/seamlessview.shop\/wp-content\/uploads\/2025\/05\/QQ20250518-234613-600x267.png 600w\" sizes=\"(max-width: 1596px) 100vw, 1596px\" \/>\t\t\t\t\t\t\t\t\t\t\t\t\t\t\t<\/div>\n\t\t\t\t<\/div>\n\t\t\t\t<div class=\"elementor-element elementor-element-62c50bf elementor-widget elementor-widget-image\" data-id=\"62c50bf\" data-element_type=\"widget\" data-settings=\"{&quot;ekit_we_effect_on&quot;:&quot;none&quot;}\" data-widget_type=\"image.default\">\n\t\t\t\t<div class=\"elementor-widget-container\">\n\t\t\t\t\t\t\t\t\t\t\t\t\t\t\t<img loading=\"lazy\" decoding=\"async\" width=\"1400\" height=\"979\" src=\"https:\/\/seamlessview.shop\/wp-content\/uploads\/2025\/05\/cdc66220fd3f679b5113ce808eb73a9b.webp\" class=\"attachment-full size-full wp-image-1636 wvs-archive-product-image\" alt=\"\" srcset=\"https:\/\/seamlessview.shop\/wp-content\/uploads\/2025\/05\/cdc66220fd3f679b5113ce808eb73a9b.webp 1400w, https:\/\/seamlessview.shop\/wp-content\/uploads\/2025\/05\/cdc66220fd3f679b5113ce808eb73a9b-300x210.webp 300w, https:\/\/seamlessview.shop\/wp-content\/uploads\/2025\/05\/cdc66220fd3f679b5113ce808eb73a9b-1024x716.webp 1024w, https:\/\/seamlessview.shop\/wp-content\/uploads\/2025\/05\/cdc66220fd3f679b5113ce808eb73a9b-768x537.webp 768w, https:\/\/seamlessview.shop\/wp-content\/uploads\/2025\/05\/cdc66220fd3f679b5113ce808eb73a9b-110x77.webp 110w, https:\/\/seamlessview.shop\/wp-content\/uploads\/2025\/05\/cdc66220fd3f679b5113ce808eb73a9b-60x42.webp 60w, https:\/\/seamlessview.shop\/wp-content\/uploads\/2025\/05\/cdc66220fd3f679b5113ce808eb73a9b-600x420.webp 600w\" sizes=\"(max-width: 1400px) 100vw, 1400px\" \/>\t\t\t\t\t\t\t\t\t\t\t\t\t\t\t<\/div>\n\t\t\t\t<\/div>\n\t\t\t\t\t<\/div>\n\t\t\t\t<\/div>\n\t\t\t\t<\/div>","protected":false},"excerpt":{"rendered":"<p>A5 Pro Smart 2 in 1 Folding Treadmill Take your workout from walking to running with a simple flip of the wrist, transforming your traditional treadmill into an efficient and comfortable walking workstation! Passion Is The Result Of Excellent Training Offers a comfortable and secure platform with a running belt designed to replicate the feeling [&hellip;]<\/p>","protected":false},"featured_media":1614,"comment_status":"open","ping_status":"closed","template":"","meta":{"_acf_changed":false},"product_brand":[],"product_cat":[35,42],"product_tag":[],"class_list":{"0":"post-1613","1":"product","2":"type-product","3":"status-publish","4":"has-post-thumbnail","6":"product_cat-sale","7":"product_cat-fitness-wellness","9":"first","10":"instock","11":"shipping-taxable","12":"purchasable","13":"product-type-variable","14":"has-default-attributes","15":"wvs-archive-product-wrapper"},"acf":[],"_links":{"self":[{"href":"https:\/\/seamlessview.shop\/es\/wp-json\/wp\/v2\/product\/1613","targetHints":{"allow":["GET"]}}],"collection":[{"href":"https:\/\/seamlessview.shop\/es\/wp-json\/wp\/v2\/product"}],"about":[{"href":"https:\/\/seamlessview.shop\/es\/wp-json\/wp\/v2\/types\/product"}],"replies":[{"embeddable":true,"href":"https:\/\/seamlessview.shop\/es\/wp-json\/wp\/v2\/comments?post=1613"}],"version-history":[{"count":12,"href":"https:\/\/seamlessview.shop\/es\/wp-json\/wp\/v2\/product\/1613\/revisions"}],"predecessor-version":[{"id":1662,"href":"https:\/\/seamlessview.shop\/es\/wp-json\/wp\/v2\/product\/1613\/revisions\/1662"}],"wp:featuredmedia":[{"embeddable":true,"href":"https:\/\/seamlessview.shop\/es\/wp-json\/wp\/v2\/media\/1614"}],"wp:attachment":[{"href":"https:\/\/seamlessview.shop\/es\/wp-json\/wp\/v2\/media?parent=1613"}],"wp:term":[{"taxonomy":"product_brand","embeddable":true,"href":"https:\/\/seamlessview.shop\/es\/wp-json\/wp\/v2\/product_brand?post=1613"},{"taxonomy":"product_cat","embeddable":true,"href":"https:\/\/seamlessview.shop\/es\/wp-json\/wp\/v2\/product_cat?post=1613"},{"taxonomy":"product_tag","embeddable":true,"href":"https:\/\/seamlessview.shop\/es\/wp-json\/wp\/v2\/product_tag?post=1613"}],"curies":[{"name":"wp","href":"https:\/\/api.w.org\/{rel}","templated":true}]}}