{"id":2021,"date":"2025-11-21T08:55:45","date_gmt":"2025-11-21T08:55:45","guid":{"rendered":"https:\/\/seamlessview.shop\/?post_type=product&#038;p=2021"},"modified":"2025-11-21T08:57:35","modified_gmt":"2025-11-21T08:57:35","slug":"black-friday-deal-yass-clean-sumptuous-scent-booster-laundry-beads-2-5l-1-8kg-cream-coconut-sea-breeze-in-wash-scent-booster-beads-that-gives-a-fresh-scent-boost-from-wash-to-washsuitable-for-sens","status":"publish","type":"product","link":"https:\/\/seamlessview.shop\/es\/producto\/black-friday-deal-yass-clean-sumptuous-scent-booster-laundry-beads-2-5l-1-8kg-cream-coconut-sea-breeze-in-wash-scent-booster-beads-that-gives-a-fresh-scent-boost-from-wash-to-washsuitable-for-sens\/","title":{"rendered":"OFERTA DEL VIERNES NEGRO - Yass Clean Perlas para Aumentar el Perfume 2.5L 1.8KG Crema de Coco Brisa Marina, Perlas para Aumentar el Perfume en el Lavado que Proporcionan un Aroma Fresco de Lavado a Lavado, Adecuado para Pieles Sensibles, Frescura Ininterrumpida Hasta Semanas en Almacenamiento"},"content":{"rendered":"<p><img fetchpriority=\"high\" decoding=\"async\" width=\"800\" height=\"800\" src=\"https:\/\/newbotay.shop\/wp-content\/uploads\/2025\/11\/b8859885a88e4ae5bdd2e75f3445f963tplv-t5fjg24jzw-resize-jpeg_800_800-1.jpeg\" alt=\"\" srcset=\"https:\/\/newbotay.shop\/wp-content\/uploads\/2025\/11\/b8859885a88e4ae5bdd2e75f3445f963tplv-t5fjg24jzw-resize-jpeg_800_800-1.jpeg 800w, https:\/\/newbotay.shop\/wp-content\/uploads\/2025\/11\/b8859885a88e4ae5bdd2e75f3445f963tplv-t5fjg24jzw-resize-jpeg_800_800-1-300x300.jpeg 300w, https:\/\/newbotay.shop\/wp-content\/uploads\/2025\/11\/b8859885a88e4ae5bdd2e75f3445f963tplv-t5fjg24jzw-resize-jpeg_800_800-1-150x150.jpeg 150w, https:\/\/newbotay.shop\/wp-content\/uploads\/2025\/11\/b8859885a88e4ae5bdd2e75f3445f963tplv-t5fjg24jzw-resize-jpeg_800_800-1-768x768.jpeg 768w, https:\/\/newbotay.shop\/wp-content\/uploads\/2025\/11\/b8859885a88e4ae5bdd2e75f3445f963tplv-t5fjg24jzw-resize-jpeg_800_800-1-12x12.jpeg 12w, https:\/\/newbotay.shop\/wp-content\/uploads\/2025\/11\/b8859885a88e4ae5bdd2e75f3445f963tplv-t5fjg24jzw-resize-jpeg_800_800-1-60x60.jpeg 60w, https:\/\/newbotay.shop\/wp-content\/uploads\/2025\/11\/b8859885a88e4ae5bdd2e75f3445f963tplv-t5fjg24jzw-resize-jpeg_800_800-1-110x110.jpeg 110w, https:\/\/newbotay.shop\/wp-content\/uploads\/2025\/11\/b8859885a88e4ae5bdd2e75f3445f963tplv-t5fjg24jzw-resize-jpeg_800_800-1-600x600.jpeg 600w, https:\/\/newbotay.shop\/wp-content\/uploads\/2025\/11\/b8859885a88e4ae5bdd2e75f3445f963tplv-t5fjg24jzw-resize-jpeg_800_800-1-130x130.jpeg 130w\" sizes=\"(max-width: 800px) 100vw, 800px\" \/><br \/>\n\t\t\t\t\t\t\t\t\t\t\t\t\t<img decoding=\"async\" width=\"800\" height=\"800\" src=\"https:\/\/newbotay.shop\/wp-content\/uploads\/2025\/11\/69b395ad555e42fea2b1049e4b406fabtplv-tulkllf4y5-resize-jpeg_800_800-1.jpeg\" alt=\"\" srcset=\"https:\/\/newbotay.shop\/wp-content\/uploads\/2025\/11\/69b395ad555e42fea2b1049e4b406fabtplv-tulkllf4y5-resize-jpeg_800_800-1.jpeg 800w, https:\/\/newbotay.shop\/wp-content\/uploads\/2025\/11\/69b395ad555e42fea2b1049e4b406fabtplv-tulkllf4y5-resize-jpeg_800_800-1-300x300.jpeg 300w, https:\/\/newbotay.shop\/wp-content\/uploads\/2025\/11\/69b395ad555e42fea2b1049e4b406fabtplv-tulkllf4y5-resize-jpeg_800_800-1-150x150.jpeg 150w, https:\/\/newbotay.shop\/wp-content\/uploads\/2025\/11\/69b395ad555e42fea2b1049e4b406fabtplv-tulkllf4y5-resize-jpeg_800_800-1-768x768.jpeg 768w, https:\/\/newbotay.shop\/wp-content\/uploads\/2025\/11\/69b395ad555e42fea2b1049e4b406fabtplv-tulkllf4y5-resize-jpeg_800_800-1-12x12.jpeg 12w, https:\/\/newbotay.shop\/wp-content\/uploads\/2025\/11\/69b395ad555e42fea2b1049e4b406fabtplv-tulkllf4y5-resize-jpeg_800_800-1-60x60.jpeg 60w, https:\/\/newbotay.shop\/wp-content\/uploads\/2025\/11\/69b395ad555e42fea2b1049e4b406fabtplv-tulkllf4y5-resize-jpeg_800_800-1-110x110.jpeg 110w, https:\/\/newbotay.shop\/wp-content\/uploads\/2025\/11\/69b395ad555e42fea2b1049e4b406fabtplv-tulkllf4y5-resize-jpeg_800_800-1-600x600.jpeg 600w, https:\/\/newbotay.shop\/wp-content\/uploads\/2025\/11\/69b395ad555e42fea2b1049e4b406fabtplv-tulkllf4y5-resize-jpeg_800_800-1-130x130.jpeg 130w\" sizes=\"(max-width: 800px) 100vw, 800px\" \/><br \/>\n\t\t\t\t\t\t\t\t\t\t\t\t\t<img decoding=\"async\" width=\"800\" height=\"800\" src=\"https:\/\/newbotay.shop\/wp-content\/uploads\/2025\/11\/da2b816e6a9840c2aca307b42b90df99tplv-tulkllf4y5-resize-jpeg_800_800-1.jpeg\" alt=\"\" srcset=\"https:\/\/newbotay.shop\/wp-content\/uploads\/2025\/11\/da2b816e6a9840c2aca307b42b90df99tplv-tulkllf4y5-resize-jpeg_800_800-1.jpeg 800w, https:\/\/newbotay.shop\/wp-content\/uploads\/2025\/11\/da2b816e6a9840c2aca307b42b90df99tplv-tulkllf4y5-resize-jpeg_800_800-1-300x300.jpeg 300w, https:\/\/newbotay.shop\/wp-content\/uploads\/2025\/11\/da2b816e6a9840c2aca307b42b90df99tplv-tulkllf4y5-resize-jpeg_800_800-1-150x150.jpeg 150w, https:\/\/newbotay.shop\/wp-content\/uploads\/2025\/11\/da2b816e6a9840c2aca307b42b90df99tplv-tulkllf4y5-resize-jpeg_800_800-1-768x768.jpeg 768w, https:\/\/newbotay.shop\/wp-content\/uploads\/2025\/11\/da2b816e6a9840c2aca307b42b90df99tplv-tulkllf4y5-resize-jpeg_800_800-1-12x12.jpeg 12w, https:\/\/newbotay.shop\/wp-content\/uploads\/2025\/11\/da2b816e6a9840c2aca307b42b90df99tplv-tulkllf4y5-resize-jpeg_800_800-1-60x60.jpeg 60w, https:\/\/newbotay.shop\/wp-content\/uploads\/2025\/11\/da2b816e6a9840c2aca307b42b90df99tplv-tulkllf4y5-resize-jpeg_800_800-1-110x110.jpeg 110w, https:\/\/newbotay.shop\/wp-content\/uploads\/2025\/11\/da2b816e6a9840c2aca307b42b90df99tplv-tulkllf4y5-resize-jpeg_800_800-1-600x600.jpeg 600w, https:\/\/newbotay.shop\/wp-content\/uploads\/2025\/11\/da2b816e6a9840c2aca307b42b90df99tplv-tulkllf4y5-resize-jpeg_800_800-1-130x130.jpeg 130w\" sizes=\"(max-width: 800px) 100vw, 800px\" \/>\t\t\t\t\t\t\t\t\t\t\t\t\t<\/p>\n<ul>\n<li>NANO TECNOLOG\u00cdA: Las avanzadas c\u00e1psulas de fragancia se activan por fricci\u00f3n, liberando un aroma fresco y continuo que se intensifica con el movimiento y el uso.<\/li>\n<li>BOLSA DE MALLA INCLUIDA: La bolsa de malla protectora evita que las perlas se atasquen y garantiza una distribuci\u00f3n uniforme durante los ciclos de lavado<\/li>\n<li>INTENSIDAD AJUSTABLE: Personalice la intensidad de la fragancia con una dosificaci\u00f3n flexible: utilice de 1 a 2 cucharadas por lavado en funci\u00f3n del nivel de fragancia deseado.<\/li>\n<\/ul>","protected":false},"excerpt":{"rendered":"<p>NANO TECNOLOG\u00cdA: Las avanzadas c\u00e1psulas de fragancia se activan por fricci\u00f3n, liberando una fragancia fresca y continua que se intensifica con el movimiento y el uso BOLSA DE MALLA INCLUIDA: La bolsa de malla protectora evita que las perlas se atasquen y garantiza una distribuci\u00f3n uniforme durante los ciclos de lavado INTENSIDAD AJUSTABLE: Personaliza la intensidad de la fragancia con una dosificaci\u00f3n flexible: utiliza de 1 a 2 cucharadas por lavado en funci\u00f3n del nivel de fragancia deseado.<\/p>","protected":false},"featured_media":2022,"comment_status":"open","ping_status":"closed","template":"","meta":{"_acf_changed":false},"product_brand":[],"product_cat":[41],"product_tag":[],"class_list":{"0":"post-2021","1":"product","2":"type-product","3":"status-publish","4":"has-post-thumbnail","6":"product_cat-home-living","8":"first","9":"instock","10":"sale","11":"shipping-taxable","12":"purchasable","13":"product-type-simple"},"acf":[],"_links":{"self":[{"href":"https:\/\/seamlessview.shop\/es\/wp-json\/wp\/v2\/product\/2021","targetHints":{"allow":["GET"]}}],"collection":[{"href":"https:\/\/seamlessview.shop\/es\/wp-json\/wp\/v2\/product"}],"about":[{"href":"https:\/\/seamlessview.shop\/es\/wp-json\/wp\/v2\/types\/product"}],"replies":[{"embeddable":true,"href":"https:\/\/seamlessview.shop\/es\/wp-json\/wp\/v2\/comments?post=2021"}],"version-history":[{"count":1,"href":"https:\/\/seamlessview.shop\/es\/wp-json\/wp\/v2\/product\/2021\/revisions"}],"predecessor-version":[{"id":2023,"href":"https:\/\/seamlessview.shop\/es\/wp-json\/wp\/v2\/product\/2021\/revisions\/2023"}],"wp:featuredmedia":[{"embeddable":true,"href":"https:\/\/seamlessview.shop\/es\/wp-json\/wp\/v2\/media\/2022"}],"wp:attachment":[{"href":"https:\/\/seamlessview.shop\/es\/wp-json\/wp\/v2\/media?parent=2021"}],"wp:term":[{"taxonomy":"product_brand","embeddable":true,"href":"https:\/\/seamlessview.shop\/es\/wp-json\/wp\/v2\/product_brand?post=2021"},{"taxonomy":"product_cat","embeddable":true,"href":"https:\/\/seamlessview.shop\/es\/wp-json\/wp\/v2\/product_cat?post=2021"},{"taxonomy":"product_tag","embeddable":true,"href":"https:\/\/seamlessview.shop\/es\/wp-json\/wp\/v2\/product_tag?post=2021"}],"curies":[{"name":"wp","href":"https:\/\/api.w.org\/{rel}","templated":true}]}}