{"id":2031,"date":"2025-11-25T04:30:22","date_gmt":"2025-11-25T04:30:22","guid":{"rendered":"https:\/\/seamlessview.shop\/?post_type=product&#038;p=2031"},"modified":"2025-11-25T04:31:07","modified_gmt":"2025-11-25T04:31:07","slug":"football-themed-candy-tubs-of-pick-n-mix-snack-sweet-bonbon","status":"publish","type":"product","link":"https:\/\/seamlessview.shop\/es\/producto\/football-themed-candy-tubs-of-pick-n-mix-snack-sweet-bonbon\/","title":{"rendered":"Caramelos tem\u00e1ticos de f\u00fatbol Tubos de caramelos para picar y mezclar Bomb\u00f3n dulce"},"content":{"rendered":"<p><img fetchpriority=\"high\" decoding=\"async\" src=\"https:\/\/newbotay.shop\/wp-content\/uploads\/2025\/11\/087df953c3e14896b0a96a39d4a13bc6tplv-tulkllf4y5-resize-jpeg_800_800-1.jpeg\" sizes=\"(max-width: 800px) 100vw, 800px\" srcset=\"https:\/\/newbotay.shop\/wp-content\/uploads\/2025\/11\/087df953c3e14896b0a96a39d4a13bc6tplv-tulkllf4y5-resize-jpeg_800_800-1.jpeg 800w, https:\/\/newbotay.shop\/wp-content\/uploads\/2025\/11\/087df953c3e14896b0a96a39d4a13bc6tplv-tulkllf4y5-resize-jpeg_800_800-1-300x300.jpeg 300w, https:\/\/newbotay.shop\/wp-content\/uploads\/2025\/11\/087df953c3e14896b0a96a39d4a13bc6tplv-tulkllf4y5-resize-jpeg_800_800-1-150x150.jpeg 150w, https:\/\/newbotay.shop\/wp-content\/uploads\/2025\/11\/087df953c3e14896b0a96a39d4a13bc6tplv-tulkllf4y5-resize-jpeg_800_800-1-768x768.jpeg 768w, https:\/\/newbotay.shop\/wp-content\/uploads\/2025\/11\/087df953c3e14896b0a96a39d4a13bc6tplv-tulkllf4y5-resize-jpeg_800_800-1-12x12.jpeg 12w, https:\/\/newbotay.shop\/wp-content\/uploads\/2025\/11\/087df953c3e14896b0a96a39d4a13bc6tplv-tulkllf4y5-resize-jpeg_800_800-1-60x60.jpeg 60w, https:\/\/newbotay.shop\/wp-content\/uploads\/2025\/11\/087df953c3e14896b0a96a39d4a13bc6tplv-tulkllf4y5-resize-jpeg_800_800-1-110x110.jpeg 110w, https:\/\/newbotay.shop\/wp-content\/uploads\/2025\/11\/087df953c3e14896b0a96a39d4a13bc6tplv-tulkllf4y5-resize-jpeg_800_800-1-600x600.jpeg 600w, https:\/\/newbotay.shop\/wp-content\/uploads\/2025\/11\/087df953c3e14896b0a96a39d4a13bc6tplv-tulkllf4y5-resize-jpeg_800_800-1-130x130.jpeg 130w\" alt=\"\" width=\"800\" height=\"800\" \/><br \/>\n<img decoding=\"async\" src=\"https:\/\/newbotay.shop\/wp-content\/uploads\/2025\/11\/00b94ebfe3f244f19dfb78d4c93ab06atplv-tulkllf4y5-resize-jpeg_800_800-1.jpeg\" sizes=\"(max-width: 800px) 100vw, 800px\" srcset=\"https:\/\/newbotay.shop\/wp-content\/uploads\/2025\/11\/00b94ebfe3f244f19dfb78d4c93ab06atplv-tulkllf4y5-resize-jpeg_800_800-1.jpeg 800w, https:\/\/newbotay.shop\/wp-content\/uploads\/2025\/11\/00b94ebfe3f244f19dfb78d4c93ab06atplv-tulkllf4y5-resize-jpeg_800_800-1-300x300.jpeg 300w, https:\/\/newbotay.shop\/wp-content\/uploads\/2025\/11\/00b94ebfe3f244f19dfb78d4c93ab06atplv-tulkllf4y5-resize-jpeg_800_800-1-150x150.jpeg 150w, https:\/\/newbotay.shop\/wp-content\/uploads\/2025\/11\/00b94ebfe3f244f19dfb78d4c93ab06atplv-tulkllf4y5-resize-jpeg_800_800-1-768x768.jpeg 768w, https:\/\/newbotay.shop\/wp-content\/uploads\/2025\/11\/00b94ebfe3f244f19dfb78d4c93ab06atplv-tulkllf4y5-resize-jpeg_800_800-1-12x12.jpeg 12w, https:\/\/newbotay.shop\/wp-content\/uploads\/2025\/11\/00b94ebfe3f244f19dfb78d4c93ab06atplv-tulkllf4y5-resize-jpeg_800_800-1-60x60.jpeg 60w, https:\/\/newbotay.shop\/wp-content\/uploads\/2025\/11\/00b94ebfe3f244f19dfb78d4c93ab06atplv-tulkllf4y5-resize-jpeg_800_800-1-110x110.jpeg 110w, https:\/\/newbotay.shop\/wp-content\/uploads\/2025\/11\/00b94ebfe3f244f19dfb78d4c93ab06atplv-tulkllf4y5-resize-jpeg_800_800-1-600x600.jpeg 600w, https:\/\/newbotay.shop\/wp-content\/uploads\/2025\/11\/00b94ebfe3f244f19dfb78d4c93ab06atplv-tulkllf4y5-resize-jpeg_800_800-1-130x130.jpeg 130w\" alt=\"\" width=\"800\" height=\"800\" \/><br \/>\n<img decoding=\"async\" src=\"https:\/\/newbotay.shop\/wp-content\/uploads\/2025\/11\/c01067b0b0c945dbae0d914515a72b43tplv-tulkllf4y5-resize-jpeg_800_800-1.jpeg\" sizes=\"(max-width: 800px) 100vw, 800px\" srcset=\"https:\/\/newbotay.shop\/wp-content\/uploads\/2025\/11\/c01067b0b0c945dbae0d914515a72b43tplv-tulkllf4y5-resize-jpeg_800_800-1.jpeg 800w, https:\/\/newbotay.shop\/wp-content\/uploads\/2025\/11\/c01067b0b0c945dbae0d914515a72b43tplv-tulkllf4y5-resize-jpeg_800_800-1-300x300.jpeg 300w, https:\/\/newbotay.shop\/wp-content\/uploads\/2025\/11\/c01067b0b0c945dbae0d914515a72b43tplv-tulkllf4y5-resize-jpeg_800_800-1-150x150.jpeg 150w, https:\/\/newbotay.shop\/wp-content\/uploads\/2025\/11\/c01067b0b0c945dbae0d914515a72b43tplv-tulkllf4y5-resize-jpeg_800_800-1-768x768.jpeg 768w, https:\/\/newbotay.shop\/wp-content\/uploads\/2025\/11\/c01067b0b0c945dbae0d914515a72b43tplv-tulkllf4y5-resize-jpeg_800_800-1-12x12.jpeg 12w, https:\/\/newbotay.shop\/wp-content\/uploads\/2025\/11\/c01067b0b0c945dbae0d914515a72b43tplv-tulkllf4y5-resize-jpeg_800_800-1-60x60.jpeg 60w, https:\/\/newbotay.shop\/wp-content\/uploads\/2025\/11\/c01067b0b0c945dbae0d914515a72b43tplv-tulkllf4y5-resize-jpeg_800_800-1-110x110.jpeg 110w, https:\/\/newbotay.shop\/wp-content\/uploads\/2025\/11\/c01067b0b0c945dbae0d914515a72b43tplv-tulkllf4y5-resize-jpeg_800_800-1-600x600.jpeg 600w, https:\/\/newbotay.shop\/wp-content\/uploads\/2025\/11\/c01067b0b0c945dbae0d914515a72b43tplv-tulkllf4y5-resize-jpeg_800_800-1-130x130.jpeg 130w\" alt=\"\" width=\"800\" height=\"800\" \/><\/p>\n<ul>\n<li>Caja de dulces navide\u00f1os - Una selecci\u00f3n a granel repleta de dulces para pedir caramelos, para fiestas y para compartir en familia.<\/li>\n<li>Ahorre tiempo con un cubo preenvasado de golosinas, perfecto para el amigo invisible, para rellenar calcetines, para eventos escolares o para reuniones comunitarias.<\/li>\n<li>Variedad generosa para todos: una mezcla de bebidas gaseosas, afrutadas, \u00e1cidas y chocolateadas que encantar\u00e1 a ni\u00f1os y adultos.<\/li>\n<li>Perfectos para fiestas y colegios - Ideales para aulas, fiestas de Navidad, regalos de oficina o noches de cine en familia. Suficiente para mantener a todos sonriendo.<\/li>\n<\/ul>","protected":false},"excerpt":{"rendered":"<p>Caja de dulces navide\u00f1os - Una selecci\u00f3n a granel repleta de dulces para pedir caramelos, fiestas y para compartir en familia. Ahorre tiempo con un cubo preenvasado de golosinas, perfecto para el amigo invisible, rellenar calcetines, eventos escolares o reuniones comunitarias. Gran variedad para todos - Una mezcla de caramelos gaseosos, afrutados, \u00e1cidos y de chocolate que [...]<\/p>","protected":false},"featured_media":2036,"comment_status":"open","ping_status":"closed","template":"","meta":{"_acf_changed":false},"product_brand":[],"product_cat":[41],"product_tag":[],"class_list":{"0":"post-2031","1":"product","2":"type-product","3":"status-publish","4":"has-post-thumbnail","6":"product_cat-home-living","8":"first","9":"instock","10":"sale","11":"shipping-taxable","12":"purchasable","13":"product-type-variable","14":"has-default-attributes","15":"wvs-archive-product-wrapper"},"acf":[],"_links":{"self":[{"href":"https:\/\/seamlessview.shop\/es\/wp-json\/wp\/v2\/product\/2031","targetHints":{"allow":["GET"]}}],"collection":[{"href":"https:\/\/seamlessview.shop\/es\/wp-json\/wp\/v2\/product"}],"about":[{"href":"https:\/\/seamlessview.shop\/es\/wp-json\/wp\/v2\/types\/product"}],"replies":[{"embeddable":true,"href":"https:\/\/seamlessview.shop\/es\/wp-json\/wp\/v2\/comments?post=2031"}],"version-history":[{"count":1,"href":"https:\/\/seamlessview.shop\/es\/wp-json\/wp\/v2\/product\/2031\/revisions"}],"predecessor-version":[{"id":2037,"href":"https:\/\/seamlessview.shop\/es\/wp-json\/wp\/v2\/product\/2031\/revisions\/2037"}],"wp:featuredmedia":[{"embeddable":true,"href":"https:\/\/seamlessview.shop\/es\/wp-json\/wp\/v2\/media\/2036"}],"wp:attachment":[{"href":"https:\/\/seamlessview.shop\/es\/wp-json\/wp\/v2\/media?parent=2031"}],"wp:term":[{"taxonomy":"product_brand","embeddable":true,"href":"https:\/\/seamlessview.shop\/es\/wp-json\/wp\/v2\/product_brand?post=2031"},{"taxonomy":"product_cat","embeddable":true,"href":"https:\/\/seamlessview.shop\/es\/wp-json\/wp\/v2\/product_cat?post=2031"},{"taxonomy":"product_tag","embeddable":true,"href":"https:\/\/seamlessview.shop\/es\/wp-json\/wp\/v2\/product_tag?post=2031"}],"curies":[{"name":"wp","href":"https:\/\/api.w.org\/{rel}","templated":true}]}}