{"id":2047,"date":"2025-12-02T04:00:46","date_gmt":"2025-12-02T04:00:46","guid":{"rendered":"https:\/\/seamlessview.shop\/?post_type=product&#038;p=2047"},"modified":"2025-12-02T04:03:06","modified_gmt":"2025-12-02T04:03:06","slug":"kinder-bueno-chocolate-con-leche-y-crema-de-avellanas-3043gkinder-bueno-white-caja-de-30-unidadesbarritas-de-chocolate","status":"publish","type":"product","link":"https:\/\/seamlessview.shop\/es\/producto\/kinder-bueno-chocolate-con-leche-y-crema-de-avellanas-3043gkinder-bueno-white-caja-de-30-unidadesbarritas-de-chocolate\/","title":{"rendered":"Kinder Bueno Chocolate con leche y crema de avellanas 30*43g,Kinder Bueno Blanco ,Caja de 30 unidades,Barritas de Chocolate"},"content":{"rendered":"<p><img fetchpriority=\"high\" decoding=\"async\" src=\"https:\/\/newbotay.shop\/wp-content\/uploads\/2025\/09\/41OjbTXrgtL._AC_-1.jpg\" sizes=\"(max-width: 483px) 100vw, 483px\" srcset=\"https:\/\/newbotay.shop\/wp-content\/uploads\/2025\/09\/41OjbTXrgtL._AC_-1.jpg 483w, https:\/\/newbotay.shop\/wp-content\/uploads\/2025\/09\/41OjbTXrgtL._AC_-1-300x278.jpg 300w, https:\/\/newbotay.shop\/wp-content\/uploads\/2025\/09\/41OjbTXrgtL._AC_-1-13x12.jpg 13w, https:\/\/newbotay.shop\/wp-content\/uploads\/2025\/09\/41OjbTXrgtL._AC_-1-60x56.jpg 60w, https:\/\/newbotay.shop\/wp-content\/uploads\/2025\/09\/41OjbTXrgtL._AC_-1-110x102.jpg 110w, https:\/\/newbotay.shop\/wp-content\/uploads\/2025\/09\/41OjbTXrgtL._AC_-1-130x121.jpg 130w\" alt=\"\" width=\"483\" height=\"448\" \/><br \/>\n<img decoding=\"async\" src=\"https:\/\/newbotay.shop\/wp-content\/uploads\/2025\/09\/41zYqK95S1L._AC_-1.jpg\" sizes=\"(max-width: 470px) 100vw, 470px\" srcset=\"https:\/\/newbotay.shop\/wp-content\/uploads\/2025\/09\/41zYqK95S1L._AC_-1.jpg 470w, https:\/\/newbotay.shop\/wp-content\/uploads\/2025\/09\/41zYqK95S1L._AC_-1-300x271.jpg 300w, https:\/\/newbotay.shop\/wp-content\/uploads\/2025\/09\/41zYqK95S1L._AC_-1-13x12.jpg 13w, https:\/\/newbotay.shop\/wp-content\/uploads\/2025\/09\/41zYqK95S1L._AC_-1-60x54.jpg 60w, https:\/\/newbotay.shop\/wp-content\/uploads\/2025\/09\/41zYqK95S1L._AC_-1-110x99.jpg 110w, https:\/\/newbotay.shop\/wp-content\/uploads\/2025\/09\/41zYqK95S1L._AC_-1-130x117.jpg 130w\" alt=\"\" width=\"470\" height=\"424\" \/><br \/>\n<img decoding=\"async\" src=\"https:\/\/newbotay.shop\/wp-content\/uploads\/2025\/09\/43e707fbfcb34f759b766f3733ece9b5tplv-t5fjg24jzw-resize-webp_800_800-1.webp\" sizes=\"(max-width: 374px) 100vw, 374px\" srcset=\"https:\/\/newbotay.shop\/wp-content\/uploads\/2025\/09\/43e707fbfcb34f759b766f3733ece9b5tplv-t5fjg24jzw-resize-webp_800_800-1.webp 374w, https:\/\/newbotay.shop\/wp-content\/uploads\/2025\/09\/43e707fbfcb34f759b766f3733ece9b5tplv-t5fjg24jzw-resize-webp_800_800-1-226x300.webp 226w, https:\/\/newbotay.shop\/wp-content\/uploads\/2025\/09\/43e707fbfcb34f759b766f3733ece9b5tplv-t5fjg24jzw-resize-webp_800_800-1-9x12.webp 9w, https:\/\/newbotay.shop\/wp-content\/uploads\/2025\/09\/43e707fbfcb34f759b766f3733ece9b5tplv-t5fjg24jzw-resize-webp_800_800-1-60x80.webp 60w, https:\/\/newbotay.shop\/wp-content\/uploads\/2025\/09\/43e707fbfcb34f759b766f3733ece9b5tplv-t5fjg24jzw-resize-webp_800_800-1-110x146.webp 110w, https:\/\/newbotay.shop\/wp-content\/uploads\/2025\/09\/43e707fbfcb34f759b766f3733ece9b5tplv-t5fjg24jzw-resize-webp_800_800-1-130x173.webp 130w\" alt=\"\" width=\"374\" height=\"497\" \/><br \/>\n<img loading=\"lazy\" decoding=\"async\" src=\"https:\/\/newbotay.shop\/wp-content\/uploads\/2025\/09\/51B5AWo0eZL._AC_.jpg\" sizes=\"(max-width: 500px) 100vw, 500px\" srcset=\"https:\/\/newbotay.shop\/wp-content\/uploads\/2025\/09\/51B5AWo0eZL._AC_.jpg 500w, https:\/\/newbotay.shop\/wp-content\/uploads\/2025\/09\/51B5AWo0eZL._AC_-300x300.jpg 300w, https:\/\/newbotay.shop\/wp-content\/uploads\/2025\/09\/51B5AWo0eZL._AC_-150x150.jpg 150w, https:\/\/newbotay.shop\/wp-content\/uploads\/2025\/09\/51B5AWo0eZL._AC_-12x12.jpg 12w, https:\/\/newbotay.shop\/wp-content\/uploads\/2025\/09\/51B5AWo0eZL._AC_-60x60.jpg 60w, https:\/\/newbotay.shop\/wp-content\/uploads\/2025\/09\/51B5AWo0eZL._AC_-110x110.jpg 110w, https:\/\/newbotay.shop\/wp-content\/uploads\/2025\/09\/51B5AWo0eZL._AC_-130x130.jpg 130w\" alt=\"\" width=\"500\" height=\"500\" \/><\/p>\n<ul>\n<li>Barritas de chocolate Kinder Bueno, 44 g (paquete de 30), chocolate con leche, barquillo crujiente<\/li>\n<li>Suave relleno de leche y avellanas, Delicioso capricho de chocolate<\/li>\n<li>Barritas de chocolate Kinder Bueno, 44 g (paquete de 30)<\/li>\n<li>Suave relleno de leche y avellanas<\/li>\n<li>Delicioso capricho de chocolate<\/li>\n<li>Fabricados en Alemania con energ\u00eda verde ? Estos platillos llevan el sello Meinl y un peque\u00f1o logotipo grabado a l\u00e1ser con el texto: Fabricado en Alemania ? Nuestra f\u00e1brica de platillos Meinl en Gutenstetten funciona con energ\u00eda verde<\/li>\n<\/ul>","protected":false},"excerpt":{"rendered":"<p>Barritas de chocolate Kinder Bueno, 44 g (paquete de 30), Chocolate con leche, Oblea crujiente Suave relleno de leche y avellanas, Delicioso capricho de chocolate Barritas de chocolate Kinder Bueno, 44 g (paquete de 30) Suave relleno de leche y avellanas Delicioso capricho de chocolate Fabricado en Alemania con energ\u00eda verde? Estos platillos llevan el sello Meinl y un peque\u00f1o [...]<\/p>","protected":false},"featured_media":2050,"comment_status":"open","ping_status":"closed","template":"","meta":{"_acf_changed":false},"product_brand":[],"product_cat":[41],"product_tag":[],"class_list":{"0":"post-2047","1":"product","2":"type-product","3":"status-publish","4":"has-post-thumbnail","6":"product_cat-home-living","8":"first","9":"instock","10":"sale","11":"shipping-taxable","12":"purchasable","13":"product-type-variable","14":"has-default-attributes","15":"wvs-archive-product-wrapper"},"acf":[],"_links":{"self":[{"href":"https:\/\/seamlessview.shop\/es\/wp-json\/wp\/v2\/product\/2047","targetHints":{"allow":["GET"]}}],"collection":[{"href":"https:\/\/seamlessview.shop\/es\/wp-json\/wp\/v2\/product"}],"about":[{"href":"https:\/\/seamlessview.shop\/es\/wp-json\/wp\/v2\/types\/product"}],"replies":[{"embeddable":true,"href":"https:\/\/seamlessview.shop\/es\/wp-json\/wp\/v2\/comments?post=2047"}],"version-history":[{"count":1,"href":"https:\/\/seamlessview.shop\/es\/wp-json\/wp\/v2\/product\/2047\/revisions"}],"predecessor-version":[{"id":2051,"href":"https:\/\/seamlessview.shop\/es\/wp-json\/wp\/v2\/product\/2047\/revisions\/2051"}],"wp:featuredmedia":[{"embeddable":true,"href":"https:\/\/seamlessview.shop\/es\/wp-json\/wp\/v2\/media\/2050"}],"wp:attachment":[{"href":"https:\/\/seamlessview.shop\/es\/wp-json\/wp\/v2\/media?parent=2047"}],"wp:term":[{"taxonomy":"product_brand","embeddable":true,"href":"https:\/\/seamlessview.shop\/es\/wp-json\/wp\/v2\/product_brand?post=2047"},{"taxonomy":"product_cat","embeddable":true,"href":"https:\/\/seamlessview.shop\/es\/wp-json\/wp\/v2\/product_cat?post=2047"},{"taxonomy":"product_tag","embeddable":true,"href":"https:\/\/seamlessview.shop\/es\/wp-json\/wp\/v2\/product_tag?post=2047"}],"curies":[{"name":"wp","href":"https:\/\/api.w.org\/{rel}","templated":true}]}}