{"id":2061,"date":"2025-12-07T03:47:37","date_gmt":"2025-12-07T03:47:37","guid":{"rendered":"https:\/\/seamlessview.shop\/?post_type=product&#038;p=2061"},"modified":"2025-12-19T17:46:15","modified_gmt":"2025-12-19T17:46:15","slug":"widened-double-wing-neck-pillow-with-a-cool-breathable-design-and-a-removable-pillowcase-available-in-two-different-heights-enlarged-armrests-accommodate-both-supine-and-prone-sleepers-memory-foam","status":"publish","type":"product","link":"https:\/\/seamlessview.shop\/es\/producto\/widened-double-wing-neck-pillow-with-a-cool-breathable-design-and-a-removable-pillowcase-available-in-two-different-heights-enlarged-armrests-accommodate-both-supine-and-prone-sleepers-memory-foam\/","title":{"rendered":"Almohada cervical ensanchada de doble ala con un dise\u00f1o fresco y transpirable y una funda de almohada extra\u00edble. Disponible en dos alturas diferentes. Los reposabrazos alargados se adaptan tanto a durmientes en posici\u00f3n supina como prona.Almohada de espuma viscoel\u00e1stica. Regalos de San Valent\u00edn, Mam\u00e1 y Navidad."},"content":{"rendered":"<div data-elementor-type=\"product-post\" data-elementor-id=\"2061\" class=\"elementor elementor-2061\" data-elementor-post-type=\"product\">\n\t\t\t\t<div class=\"elementor-element elementor-element-38b99729 e-flex e-con-boxed e-con e-parent\" data-id=\"38b99729\" data-element_type=\"container\" data-settings=\"{&quot;ekit_has_onepagescroll_dot&quot;:&quot;yes&quot;}\">\n\t\t\t\t\t<div class=\"e-con-inner\">\n\t\t\t\t<div class=\"elementor-element elementor-element-fcced95 elementor-widget elementor-widget-image\" data-id=\"fcced95\" data-element_type=\"widget\" data-settings=\"{&quot;ekit_we_effect_on&quot;:&quot;none&quot;}\" data-widget_type=\"image.default\">\n\t\t\t\t<div class=\"elementor-widget-container\">\n\t\t\t\t\t\t\t\t\t\t\t\t\t\t\t<img fetchpriority=\"high\" decoding=\"async\" width=\"800\" height=\"328\" src=\"https:\/\/seamlessview.shop\/wp-content\/uploads\/2025\/12\/72ced1f8-4955-45c7-8e1e-d47ceba30d34.__CR001464600_PT0_SX1464_V1___-1024x420-1.webp\" class=\"attachment-large size-large wp-image-2071 wvs-archive-product-image\" alt=\"\" srcset=\"https:\/\/seamlessview.shop\/wp-content\/uploads\/2025\/12\/72ced1f8-4955-45c7-8e1e-d47ceba30d34.__CR001464600_PT0_SX1464_V1___-1024x420-1.webp 1024w, https:\/\/seamlessview.shop\/wp-content\/uploads\/2025\/12\/72ced1f8-4955-45c7-8e1e-d47ceba30d34.__CR001464600_PT0_SX1464_V1___-1024x420-1-300x123.webp 300w, https:\/\/seamlessview.shop\/wp-content\/uploads\/2025\/12\/72ced1f8-4955-45c7-8e1e-d47ceba30d34.__CR001464600_PT0_SX1464_V1___-1024x420-1-768x315.webp 768w, https:\/\/seamlessview.shop\/wp-content\/uploads\/2025\/12\/72ced1f8-4955-45c7-8e1e-d47ceba30d34.__CR001464600_PT0_SX1464_V1___-1024x420-1-18x7.webp 18w, https:\/\/seamlessview.shop\/wp-content\/uploads\/2025\/12\/72ced1f8-4955-45c7-8e1e-d47ceba30d34.__CR001464600_PT0_SX1464_V1___-1024x420-1-600x246.webp 600w\" sizes=\"(max-width: 800px) 100vw, 800px\" \/>\t\t\t\t\t\t\t\t\t\t\t\t\t\t\t<\/div>\n\t\t\t\t<\/div>\n\t\t\t\t<div class=\"elementor-element elementor-element-aa77a7d elementor-widget elementor-widget-image\" data-id=\"aa77a7d\" data-element_type=\"widget\" data-settings=\"{&quot;ekit_we_effect_on&quot;:&quot;none&quot;}\" data-widget_type=\"image.default\">\n\t\t\t\t<div class=\"elementor-widget-container\">\n\t\t\t\t\t\t\t\t\t\t\t\t\t\t\t<img decoding=\"async\" width=\"800\" height=\"328\" src=\"https:\/\/seamlessview.shop\/wp-content\/uploads\/2025\/12\/89a194b3-03c0-4097-b77d-9f4bd01f27b7.__CR001464600_PT0_SX1464_V1___-1024x420-1.webp\" class=\"attachment-large size-large wp-image-2072 wvs-archive-product-image\" alt=\"\" srcset=\"https:\/\/seamlessview.shop\/wp-content\/uploads\/2025\/12\/89a194b3-03c0-4097-b77d-9f4bd01f27b7.__CR001464600_PT0_SX1464_V1___-1024x420-1.webp 1024w, https:\/\/seamlessview.shop\/wp-content\/uploads\/2025\/12\/89a194b3-03c0-4097-b77d-9f4bd01f27b7.__CR001464600_PT0_SX1464_V1___-1024x420-1-300x123.webp 300w, https:\/\/seamlessview.shop\/wp-content\/uploads\/2025\/12\/89a194b3-03c0-4097-b77d-9f4bd01f27b7.__CR001464600_PT0_SX1464_V1___-1024x420-1-768x315.webp 768w, https:\/\/seamlessview.shop\/wp-content\/uploads\/2025\/12\/89a194b3-03c0-4097-b77d-9f4bd01f27b7.__CR001464600_PT0_SX1464_V1___-1024x420-1-18x7.webp 18w, https:\/\/seamlessview.shop\/wp-content\/uploads\/2025\/12\/89a194b3-03c0-4097-b77d-9f4bd01f27b7.__CR001464600_PT0_SX1464_V1___-1024x420-1-600x246.webp 600w\" sizes=\"(max-width: 800px) 100vw, 800px\" \/>\t\t\t\t\t\t\t\t\t\t\t\t\t\t\t<\/div>\n\t\t\t\t<\/div>\n\t\t\t\t<div class=\"elementor-element elementor-element-2e5502e elementor-widget elementor-widget-image\" data-id=\"2e5502e\" data-element_type=\"widget\" data-settings=\"{&quot;ekit_we_effect_on&quot;:&quot;none&quot;}\" data-widget_type=\"image.default\">\n\t\t\t\t<div class=\"elementor-widget-container\">\n\t\t\t\t\t\t\t\t\t\t\t\t\t\t\t<img decoding=\"async\" width=\"800\" height=\"328\" src=\"https:\/\/seamlessview.shop\/wp-content\/uploads\/2025\/12\/d09cf9fa-02c2-4fac-a793-c6d4f20a214e.__CR001464600_PT0_SX1464_V1___-1024x420-1.webp\" class=\"attachment-large size-large wp-image-2073 wvs-archive-product-image\" alt=\"\" srcset=\"https:\/\/seamlessview.shop\/wp-content\/uploads\/2025\/12\/d09cf9fa-02c2-4fac-a793-c6d4f20a214e.__CR001464600_PT0_SX1464_V1___-1024x420-1.webp 1024w, https:\/\/seamlessview.shop\/wp-content\/uploads\/2025\/12\/d09cf9fa-02c2-4fac-a793-c6d4f20a214e.__CR001464600_PT0_SX1464_V1___-1024x420-1-300x123.webp 300w, https:\/\/seamlessview.shop\/wp-content\/uploads\/2025\/12\/d09cf9fa-02c2-4fac-a793-c6d4f20a214e.__CR001464600_PT0_SX1464_V1___-1024x420-1-768x315.webp 768w, https:\/\/seamlessview.shop\/wp-content\/uploads\/2025\/12\/d09cf9fa-02c2-4fac-a793-c6d4f20a214e.__CR001464600_PT0_SX1464_V1___-1024x420-1-18x7.webp 18w, https:\/\/seamlessview.shop\/wp-content\/uploads\/2025\/12\/d09cf9fa-02c2-4fac-a793-c6d4f20a214e.__CR001464600_PT0_SX1464_V1___-1024x420-1-600x246.webp 600w\" sizes=\"(max-width: 800px) 100vw, 800px\" \/>\t\t\t\t\t\t\t\t\t\t\t\t\t\t\t<\/div>\n\t\t\t\t<\/div>\n\t\t\t\t<div class=\"elementor-element elementor-element-c58dd8d elementor-widget elementor-widget-image\" data-id=\"c58dd8d\" data-element_type=\"widget\" data-settings=\"{&quot;ekit_we_effect_on&quot;:&quot;none&quot;}\" data-widget_type=\"image.default\">\n\t\t\t\t<div class=\"elementor-widget-container\">\n\t\t\t\t\t\t\t\t\t\t\t\t\t\t\t<img loading=\"lazy\" decoding=\"async\" width=\"800\" height=\"328\" src=\"https:\/\/seamlessview.shop\/wp-content\/uploads\/2025\/12\/e35c6a96-d02e-48fb-be80-7362d783825b.__CR001464600_PT0_SX1464_V1___-1024x420-1.webp\" class=\"attachment-large size-large wp-image-2074 wvs-archive-product-image\" alt=\"\" srcset=\"https:\/\/seamlessview.shop\/wp-content\/uploads\/2025\/12\/e35c6a96-d02e-48fb-be80-7362d783825b.__CR001464600_PT0_SX1464_V1___-1024x420-1.webp 1024w, https:\/\/seamlessview.shop\/wp-content\/uploads\/2025\/12\/e35c6a96-d02e-48fb-be80-7362d783825b.__CR001464600_PT0_SX1464_V1___-1024x420-1-300x123.webp 300w, https:\/\/seamlessview.shop\/wp-content\/uploads\/2025\/12\/e35c6a96-d02e-48fb-be80-7362d783825b.__CR001464600_PT0_SX1464_V1___-1024x420-1-768x315.webp 768w, https:\/\/seamlessview.shop\/wp-content\/uploads\/2025\/12\/e35c6a96-d02e-48fb-be80-7362d783825b.__CR001464600_PT0_SX1464_V1___-1024x420-1-18x7.webp 18w, https:\/\/seamlessview.shop\/wp-content\/uploads\/2025\/12\/e35c6a96-d02e-48fb-be80-7362d783825b.__CR001464600_PT0_SX1464_V1___-1024x420-1-600x246.webp 600w\" sizes=\"(max-width: 800px) 100vw, 800px\" \/>\t\t\t\t\t\t\t\t\t\t\t\t\t\t\t<\/div>\n\t\t\t\t<\/div>\n\t\t\t\t<div class=\"elementor-element elementor-element-1e72753 elementor-widget elementor-widget-image\" data-id=\"1e72753\" data-element_type=\"widget\" data-settings=\"{&quot;ekit_we_effect_on&quot;:&quot;none&quot;}\" data-widget_type=\"image.default\">\n\t\t\t\t<div class=\"elementor-widget-container\">\n\t\t\t\t\t\t\t\t\t\t\t\t\t\t\t<img loading=\"lazy\" decoding=\"async\" width=\"800\" height=\"328\" src=\"https:\/\/seamlessview.shop\/wp-content\/uploads\/2025\/12\/ead7e84e-a5f2-472b-8d9a-0fe248e1de23.__CR001464600_PT0_SX1464_V1___-1024x420-1.webp\" class=\"attachment-large size-large wp-image-2075 wvs-archive-product-image\" alt=\"\" srcset=\"https:\/\/seamlessview.shop\/wp-content\/uploads\/2025\/12\/ead7e84e-a5f2-472b-8d9a-0fe248e1de23.__CR001464600_PT0_SX1464_V1___-1024x420-1.webp 1024w, https:\/\/seamlessview.shop\/wp-content\/uploads\/2025\/12\/ead7e84e-a5f2-472b-8d9a-0fe248e1de23.__CR001464600_PT0_SX1464_V1___-1024x420-1-300x123.webp 300w, https:\/\/seamlessview.shop\/wp-content\/uploads\/2025\/12\/ead7e84e-a5f2-472b-8d9a-0fe248e1de23.__CR001464600_PT0_SX1464_V1___-1024x420-1-768x315.webp 768w, https:\/\/seamlessview.shop\/wp-content\/uploads\/2025\/12\/ead7e84e-a5f2-472b-8d9a-0fe248e1de23.__CR001464600_PT0_SX1464_V1___-1024x420-1-18x7.webp 18w, https:\/\/seamlessview.shop\/wp-content\/uploads\/2025\/12\/ead7e84e-a5f2-472b-8d9a-0fe248e1de23.__CR001464600_PT0_SX1464_V1___-1024x420-1-600x246.webp 600w\" sizes=\"(max-width: 800px) 100vw, 800px\" \/>\t\t\t\t\t\t\t\t\t\t\t\t\t\t\t<\/div>\n\t\t\t\t<\/div>\n\t\t\t\t<div class=\"elementor-element elementor-element-3523b69e elementor-widget elementor-widget-text-editor\" data-id=\"3523b69e\" data-element_type=\"widget\" data-settings=\"{&quot;ekit_we_effect_on&quot;:&quot;none&quot;}\" data-widget_type=\"text-editor.default\">\n\t\t\t\t<div class=\"elementor-widget-container\">\n\t\t\t\t\t\t\t\t\t<ul><li>Almohada de mariposa de espuma viscoel\u00e1stica: Esta almohada ergon\u00f3mica tiene seis zonas que proporcionan un apoyo espec\u00edfico para la cabeza, el cuello, los hombros y los brazos, contorne\u00e1ndose a la curva del cuello en un \u00e1ngulo de 15 \u00b0 y aline\u00e1ndose con la columna vertebral para apoyar, estirar y relajar de manera m\u00e1s efectiva todo el cuerpo. El innovador orificio central acuna la cabeza 360\u00b0, mejorando el flujo de aire y regulando la temperatura de la cabeza durante el sue\u00f1o. La almohada para aliviar el dolor de cuello puede acelerar el sue\u00f1o y aumentar la duraci\u00f3n del sue\u00f1o profundo de manera efectiva.<\/li><li>Tecnolog\u00eda de forma de memoria mejorada: la almohada ergon\u00f3mica BSAFP es una mezcla perfecta de espuma viscoel\u00e1stica de presi\u00f3n 0 y tecnolog\u00eda de regulaci\u00f3n de densidad. La espuma viscoel\u00e1stica de rebote lento de 0 presi\u00f3n absorbe y libera la presi\u00f3n corporal de manera uniforme, relajando la columna cervical y los m\u00fasculos independientemente de la posici\u00f3n para dormir. La densidad del \u00e1rea de dormir lateral se ha reducido en un 15% para minimizar los tirones de la piel y las orejas. Adem\u00e1s, estas almohadas para dormir ortop\u00e9dicas no se aplanan ni perder\u00e1n firmeza despu\u00e9s de un uso prolongado.<\/li><li>Almohada de mariposa transpirable para el dolor de cuello: la almohada cervical para el cuello est\u00e1 hecha de espuma viscoel\u00e1stica de gel y tela de capa de aire \u00fanica, con muchos poros y canales peque\u00f1os que permiten que el aire circule libremente, descargando r\u00e1pidamente el calor y la humedad emitidos por el cuerpo y manteniendo la piel seca. La funda de almohada suave y agradable al tacto es extra\u00edble y lavable a m\u00e1quina.<\/li><li>Almohada para aliviar el contorno del sue\u00f1o Sleep Well: nuestra almohada de apoyo cervical est\u00e1 certificada por CertiPUR-US y Oeko-Tex sin ninguna sustancia nociva, lo que garantiza un ambiente de sue\u00f1o saludable. Elige esta almohada para el cuello para aliviar el dolor, y despu\u00e9s de un uso prolongado, la calidad de tu sue\u00f1o mejora inesperadamente. Adem\u00e1s, la almohada de cuello para dormir es un gran regalo para tus padres y amigos.<\/li><li>Servicio al cliente sin complicaciones: Durante la primera semana de uso de la almohada ortop\u00e9dica cervical, el cuerpo necesita adaptarse a la posici\u00f3n correcta. Sea paciente y supere el per\u00edodo de ajuste. Si por alguna raz\u00f3n no est\u00e1s satisfecho con nuestra acogedora almohada de espuma viscoel\u00e1stica para el cuello, no dudes en ponerte en contacto con nosotros, obtendr\u00e1s la soluci\u00f3n inmediatamente.<\/li><li>CONSEJOS: La almohada Ergo Derivada tendr\u00e1 un olor muy ligero despu\u00e9s de ser transportada en un ambiente herm\u00e9tico y de alta temperatura. Este es un fen\u00f3meno normal. Adem\u00e1s, toma tiempo para que la almohada de soporte para el cuello rebote despu\u00e9s de una alta compresi\u00f3n. Despu\u00e9s de recibirlo, gu\u00e1rdelo en un lugar fresco y ventilado durante 3-5 d\u00edas. No lave el n\u00facleo de espuma viscoel\u00e1stica.<\/li><\/ul>\t\t\t\t\t\t\t\t<\/div>\n\t\t\t\t<\/div>\n\t\t\t\t\t<\/div>\n\t\t\t\t<\/div>\n\t\t\t\t<\/div>","protected":false},"excerpt":{"rendered":"<p>Almohada de mariposa de espuma viscoel\u00e1stica: Esta almohada ergon\u00f3mica tiene seis zonas que proporcionan un apoyo espec\u00edfico para la cabeza, el cuello, los hombros y los brazos, contorne\u00e1ndose a la curva del cuello en un \u00e1ngulo de 15 \u00b0 y aline\u00e1ndose con la columna vertebral para apoyar, estirar y relajar de manera m\u00e1s efectiva todo [...].<\/p>","protected":false},"featured_media":2062,"comment_status":"open","ping_status":"closed","template":"","meta":{"_acf_changed":false},"product_brand":[],"product_cat":[41],"product_tag":[],"class_list":{"0":"post-2061","1":"product","2":"type-product","3":"status-publish","4":"has-post-thumbnail","6":"product_cat-home-living","8":"first","9":"instock","10":"sale","11":"shipping-taxable","12":"purchasable","13":"product-type-simple"},"acf":[],"_links":{"self":[{"href":"https:\/\/seamlessview.shop\/es\/wp-json\/wp\/v2\/product\/2061","targetHints":{"allow":["GET"]}}],"collection":[{"href":"https:\/\/seamlessview.shop\/es\/wp-json\/wp\/v2\/product"}],"about":[{"href":"https:\/\/seamlessview.shop\/es\/wp-json\/wp\/v2\/types\/product"}],"replies":[{"embeddable":true,"href":"https:\/\/seamlessview.shop\/es\/wp-json\/wp\/v2\/comments?post=2061"}],"version-history":[{"count":5,"href":"https:\/\/seamlessview.shop\/es\/wp-json\/wp\/v2\/product\/2061\/revisions"}],"predecessor-version":[{"id":2078,"href":"https:\/\/seamlessview.shop\/es\/wp-json\/wp\/v2\/product\/2061\/revisions\/2078"}],"wp:featuredmedia":[{"embeddable":true,"href":"https:\/\/seamlessview.shop\/es\/wp-json\/wp\/v2\/media\/2062"}],"wp:attachment":[{"href":"https:\/\/seamlessview.shop\/es\/wp-json\/wp\/v2\/media?parent=2061"}],"wp:term":[{"taxonomy":"product_brand","embeddable":true,"href":"https:\/\/seamlessview.shop\/es\/wp-json\/wp\/v2\/product_brand?post=2061"},{"taxonomy":"product_cat","embeddable":true,"href":"https:\/\/seamlessview.shop\/es\/wp-json\/wp\/v2\/product_cat?post=2061"},{"taxonomy":"product_tag","embeddable":true,"href":"https:\/\/seamlessview.shop\/es\/wp-json\/wp\/v2\/product_tag?post=2061"}],"curies":[{"name":"wp","href":"https:\/\/api.w.org\/{rel}","templated":true}]}}