{"id":3412,"date":"2026-02-03T15:10:26","date_gmt":"2026-02-03T15:10:26","guid":{"rendered":"https:\/\/seamlessview.shop\/?post_type=product&#038;p=3412"},"modified":"2026-03-10T11:07:21","modified_gmt":"2026-03-10T11:07:21","slug":"%e3%80%90ultima-version-de-android-16%e3%80%91doogee-u12-vip-tablet-android-16-tablet-12-inches-24gb-ram-128gb-2tb-gemini-ai-tablets-with-keyboard-and-pencil-9000mah-18w-13mp-8mp-children","status":"publish","type":"product","link":"https:\/\/seamlessview.shop\/es\/producto\/%e3%80%90ultima-version-de-android-16%e3%80%91doogee-u12-vip-tablet-android-16-tablet-12-inches-24gb-ram-128gb-2tb-gemini-ai-tablets-with-keyboard-and-pencil-9000mah-18w-13mp-8mp-children\/","title":{"rendered":"\u3010\u00daltima versi\u00f3n de Android 16\u3011DOOGEE U12 VIP Tablet Android 16, Tablet 12 Pulgadas, 24GB RAM + 128GB \/2TB, Gemini AI, Tablets con teclado y l\u00e1piz, 9000mAh \/18W, 13MP + 8MP, Tablet para ni\u00f1os Octa Core\/Widevine L1\/OTG\/Face ID."},"content":{"rendered":"<div data-elementor-type=\"product-post\" data-elementor-id=\"3412\" class=\"elementor elementor-3412\" data-elementor-post-type=\"product\">\n\t\t\t\t<div class=\"elementor-element elementor-element-3af65cd5 e-flex e-con-boxed e-con e-parent\" data-id=\"3af65cd5\" data-element_type=\"container\" data-settings=\"{&quot;ekit_has_onepagescroll_dot&quot;:&quot;yes&quot;}\">\n\t\t\t\t\t<div class=\"e-con-inner\">\n\t\t\t\t<div class=\"elementor-element elementor-element-71e7989a elementor-widget elementor-widget-image\" data-id=\"71e7989a\" data-element_type=\"widget\" data-settings=\"{&quot;ekit_we_effect_on&quot;:&quot;none&quot;}\" data-widget_type=\"image.default\">\n\t\t\t\t<div class=\"elementor-widget-container\">\n\t\t\t\t\t\t\t\t\t\t\t\t\t\t\t<img fetchpriority=\"high\" decoding=\"async\" width=\"800\" height=\"800\" src=\"https:\/\/seamlessview.shop\/wp-content\/uploads\/2026\/02\/71uBwuaq8yL._AC_SL1500_-1-1024x1024.jpg\" class=\"attachment-large size-large wp-image-3421 wvs-archive-product-image\" alt=\"\" srcset=\"https:\/\/seamlessview.shop\/wp-content\/uploads\/2026\/02\/71uBwuaq8yL._AC_SL1500_-1-1024x1024.jpg 1024w, https:\/\/seamlessview.shop\/wp-content\/uploads\/2026\/02\/71uBwuaq8yL._AC_SL1500_-1-300x300.jpg 300w, https:\/\/seamlessview.shop\/wp-content\/uploads\/2026\/02\/71uBwuaq8yL._AC_SL1500_-1-150x150.jpg 150w, https:\/\/seamlessview.shop\/wp-content\/uploads\/2026\/02\/71uBwuaq8yL._AC_SL1500_-1-768x768.jpg 768w, https:\/\/seamlessview.shop\/wp-content\/uploads\/2026\/02\/71uBwuaq8yL._AC_SL1500_-1-12x12.jpg 12w, https:\/\/seamlessview.shop\/wp-content\/uploads\/2026\/02\/71uBwuaq8yL._AC_SL1500_-1-600x600.jpg 600w, https:\/\/seamlessview.shop\/wp-content\/uploads\/2026\/02\/71uBwuaq8yL._AC_SL1500_-1-100x100.jpg 100w, https:\/\/seamlessview.shop\/wp-content\/uploads\/2026\/02\/71uBwuaq8yL._AC_SL1500_-1-50x50.jpg 50w, https:\/\/seamlessview.shop\/wp-content\/uploads\/2026\/02\/71uBwuaq8yL._AC_SL1500_-1.jpg 1500w\" sizes=\"(max-width: 800px) 100vw, 800px\" \/>\t\t\t\t\t\t\t\t\t\t\t\t\t\t\t<\/div>\n\t\t\t\t<\/div>\n\t\t\t\t<div class=\"elementor-element elementor-element-2ac3d288 elementor-widget elementor-widget-image\" data-id=\"2ac3d288\" data-element_type=\"widget\" data-settings=\"{&quot;ekit_we_effect_on&quot;:&quot;none&quot;}\" data-widget_type=\"image.default\">\n\t\t\t\t<div class=\"elementor-widget-container\">\n\t\t\t\t\t\t\t\t\t\t\t\t\t\t\t<img decoding=\"async\" width=\"800\" height=\"779\" src=\"https:\/\/seamlessview.shop\/wp-content\/uploads\/2026\/02\/71i29fRognL._AC_SL1500_-1-1024x997.jpg\" class=\"attachment-large size-large wp-image-3422 wvs-archive-product-image\" alt=\"\" srcset=\"https:\/\/seamlessview.shop\/wp-content\/uploads\/2026\/02\/71i29fRognL._AC_SL1500_-1-1024x997.jpg 1024w, https:\/\/seamlessview.shop\/wp-content\/uploads\/2026\/02\/71i29fRognL._AC_SL1500_-1-300x292.jpg 300w, https:\/\/seamlessview.shop\/wp-content\/uploads\/2026\/02\/71i29fRognL._AC_SL1500_-1-768x748.jpg 768w, https:\/\/seamlessview.shop\/wp-content\/uploads\/2026\/02\/71i29fRognL._AC_SL1500_-1-12x12.jpg 12w, https:\/\/seamlessview.shop\/wp-content\/uploads\/2026\/02\/71i29fRognL._AC_SL1500_-1-600x584.jpg 600w, https:\/\/seamlessview.shop\/wp-content\/uploads\/2026\/02\/71i29fRognL._AC_SL1500_-1-50x50.jpg 50w, https:\/\/seamlessview.shop\/wp-content\/uploads\/2026\/02\/71i29fRognL._AC_SL1500_-1.jpg 1500w\" sizes=\"(max-width: 800px) 100vw, 800px\" \/>\t\t\t\t\t\t\t\t\t\t\t\t\t\t\t<\/div>\n\t\t\t\t<\/div>\n\t\t\t\t<div class=\"elementor-element elementor-element-41579370 elementor-widget elementor-widget-image\" data-id=\"41579370\" data-element_type=\"widget\" data-settings=\"{&quot;ekit_we_effect_on&quot;:&quot;none&quot;}\" data-widget_type=\"image.default\">\n\t\t\t\t<div class=\"elementor-widget-container\">\n\t\t\t\t\t\t\t\t\t\t\t\t\t\t\t<img decoding=\"async\" width=\"800\" height=\"830\" src=\"https:\/\/seamlessview.shop\/wp-content\/uploads\/2026\/02\/71YQOtFuGXL._AC_SL1500_-1-987x1024.jpg\" class=\"attachment-large size-large wp-image-3423 wvs-archive-product-image\" alt=\"\" srcset=\"https:\/\/seamlessview.shop\/wp-content\/uploads\/2026\/02\/71YQOtFuGXL._AC_SL1500_-1-987x1024.jpg 987w, https:\/\/seamlessview.shop\/wp-content\/uploads\/2026\/02\/71YQOtFuGXL._AC_SL1500_-1-289x300.jpg 289w, https:\/\/seamlessview.shop\/wp-content\/uploads\/2026\/02\/71YQOtFuGXL._AC_SL1500_-1-768x797.jpg 768w, https:\/\/seamlessview.shop\/wp-content\/uploads\/2026\/02\/71YQOtFuGXL._AC_SL1500_-1-12x12.jpg 12w, https:\/\/seamlessview.shop\/wp-content\/uploads\/2026\/02\/71YQOtFuGXL._AC_SL1500_-1-600x622.jpg 600w, https:\/\/seamlessview.shop\/wp-content\/uploads\/2026\/02\/71YQOtFuGXL._AC_SL1500_-1.jpg 1446w\" sizes=\"(max-width: 800px) 100vw, 800px\" \/>\t\t\t\t\t\t\t\t\t\t\t\t\t\t\t<\/div>\n\t\t\t\t<\/div>\n\t\t\t\t<div class=\"elementor-element elementor-element-2587196a elementor-widget elementor-widget-image\" data-id=\"2587196a\" data-element_type=\"widget\" data-settings=\"{&quot;ekit_we_effect_on&quot;:&quot;none&quot;}\" data-widget_type=\"image.default\">\n\t\t\t\t<div class=\"elementor-widget-container\">\n\t\t\t\t\t\t\t\t\t\t\t\t\t\t\t<img loading=\"lazy\" decoding=\"async\" width=\"800\" height=\"838\" src=\"https:\/\/seamlessview.shop\/wp-content\/uploads\/2026\/02\/71UVkwsnBbL._AC_SL1500_-1-978x1024.jpg\" class=\"attachment-large size-large wp-image-3424 wvs-archive-product-image\" alt=\"\" srcset=\"https:\/\/seamlessview.shop\/wp-content\/uploads\/2026\/02\/71UVkwsnBbL._AC_SL1500_-1-978x1024.jpg 978w, https:\/\/seamlessview.shop\/wp-content\/uploads\/2026\/02\/71UVkwsnBbL._AC_SL1500_-1-286x300.jpg 286w, https:\/\/seamlessview.shop\/wp-content\/uploads\/2026\/02\/71UVkwsnBbL._AC_SL1500_-1-768x804.jpg 768w, https:\/\/seamlessview.shop\/wp-content\/uploads\/2026\/02\/71UVkwsnBbL._AC_SL1500_-1-11x12.jpg 11w, https:\/\/seamlessview.shop\/wp-content\/uploads\/2026\/02\/71UVkwsnBbL._AC_SL1500_-1-600x628.jpg 600w, https:\/\/seamlessview.shop\/wp-content\/uploads\/2026\/02\/71UVkwsnBbL._AC_SL1500_-1.jpg 1432w\" sizes=\"(max-width: 800px) 100vw, 800px\" \/>\t\t\t\t\t\t\t\t\t\t\t\t\t\t\t<\/div>\n\t\t\t\t<\/div>\n\t\t\t\t<div class=\"elementor-element elementor-element-3b1e00e4 elementor-widget elementor-widget-text-editor\" data-id=\"3b1e00e4\" data-element_type=\"widget\" data-settings=\"{&quot;ekit_we_effect_on&quot;:&quot;none&quot;}\" data-widget_type=\"text-editor.default\">\n\t\t\t\t<div class=\"elementor-widget-container\">\n\t\t\t\t\t\t\t\t\t&nbsp;\r\n<ul class=\"a-unordered-list a-vertical a-spacing-mini\">\r\n \t<li class=\"a-spacing-mini\">[Pantalla Incell de 10.1\u2033: Teatro y espacio de trabajo port\u00e1til] Sum\u00e9rgete en una pantalla InCell con una relaci\u00f3n pantalla-cuerpo del 84% (1280\u00d7800) con colores vivos y detalles n\u00edtidos para maratones de Netflix o llamadas de Zoom. Con solo 412 g, es m\u00e1s ligera que la mayor\u00eda de las tablets de 10\u2033. La certificaci\u00f3n Widevine L1 garantiza la transmisi\u00f3n en HD de Netflix\/Disney+, mientras que el revestimiento antirreflejos reduce la fatiga visual durante las sesiones de trabajo nocturnas. Extra: Utiliza el l\u00e1piz \u00f3ptico (incluido) para tomar notas o dibujar con precisi\u00f3n de rechazo de palma.<\/li>\r\n \t<li class=\"a-spacing-mini\">[Paquete completo + 2 a\u00f1os de garant\u00eda] Esta tableta 2 en 1 est\u00e1 equipada con GPS para una navegaci\u00f3n precisa. \u00bfListo para trabajar o jugar? El teclado Bluetooth, el rat\u00f3n t\u00e1ctil sensible y el l\u00e1piz \u00f3ptico transforman tu tableta en un port\u00e1til al instante, ideal para estudiantes, teletrabajadores o compradores navide\u00f1os. Presentada como un elegante set de regalo con una resistente funda tipo folio, es un \u00e9xito para cumplea\u00f1os o para la vuelta al cole. Adem\u00e1s, disfruta de soporte 24\/7 en EE. UU. y Canad\u00e1 y una garant\u00eda de 2 a\u00f1os para una propiedad sin riesgos.<\/li>\r\n<\/ul>\t\t\t\t\t\t\t\t<\/div>\n\t\t\t\t<\/div>\n\t\t\t\t\t<\/div>\n\t\t\t\t<\/div>\n\t\t\t\t<\/div>","protected":false},"excerpt":{"rendered":"<p>&nbsp; [Pantalla Incell de 10.1&#8243;: Teatro y espacio de trabajo port\u00e1til] Sum\u00e9rgete en una pantalla InCell con una relaci\u00f3n pantalla-cuerpo del 84% (1280&#215;800) con colores vivos y detalles n\u00edtidos para maratones de Netflix o llamadas de Zoom. Con solo 412 g, es m\u00e1s ligera que la mayor\u00eda de las tablets de 10&#8243;. La certificaci\u00f3n Widevine [&hellip;]<\/p>","protected":false},"featured_media":3413,"comment_status":"open","ping_status":"closed","template":"","meta":{"_acf_changed":false},"product_brand":[],"product_cat":[35],"product_tag":[],"class_list":{"0":"post-3412","1":"product","2":"type-product","3":"status-publish","4":"has-post-thumbnail","6":"product_cat-sale","8":"first","9":"instock","10":"sale","11":"shipping-taxable","12":"purchasable","13":"product-type-simple"},"acf":[],"_links":{"self":[{"href":"https:\/\/seamlessview.shop\/es\/wp-json\/wp\/v2\/product\/3412","targetHints":{"allow":["GET"]}}],"collection":[{"href":"https:\/\/seamlessview.shop\/es\/wp-json\/wp\/v2\/product"}],"about":[{"href":"https:\/\/seamlessview.shop\/es\/wp-json\/wp\/v2\/types\/product"}],"replies":[{"embeddable":true,"href":"https:\/\/seamlessview.shop\/es\/wp-json\/wp\/v2\/comments?post=3412"}],"version-history":[{"count":4,"href":"https:\/\/seamlessview.shop\/es\/wp-json\/wp\/v2\/product\/3412\/revisions"}],"predecessor-version":[{"id":3432,"href":"https:\/\/seamlessview.shop\/es\/wp-json\/wp\/v2\/product\/3412\/revisions\/3432"}],"wp:featuredmedia":[{"embeddable":true,"href":"https:\/\/seamlessview.shop\/es\/wp-json\/wp\/v2\/media\/3413"}],"wp:attachment":[{"href":"https:\/\/seamlessview.shop\/es\/wp-json\/wp\/v2\/media?parent=3412"}],"wp:term":[{"taxonomy":"product_brand","embeddable":true,"href":"https:\/\/seamlessview.shop\/es\/wp-json\/wp\/v2\/product_brand?post=3412"},{"taxonomy":"product_cat","embeddable":true,"href":"https:\/\/seamlessview.shop\/es\/wp-json\/wp\/v2\/product_cat?post=3412"},{"taxonomy":"product_tag","embeddable":true,"href":"https:\/\/seamlessview.shop\/es\/wp-json\/wp\/v2\/product_tag?post=3412"}],"curies":[{"name":"wp","href":"https:\/\/api.w.org\/{rel}","templated":true}]}}