{"id":3950,"date":"2026-03-24T03:31:32","date_gmt":"2026-03-24T03:31:32","guid":{"rendered":"https:\/\/seamlessview.shop\/?post_type=product&#038;p=3950"},"modified":"2026-03-24T03:40:49","modified_gmt":"2026-03-24T03:40:49","slug":"aigostar-freidora-1000w-ventana-maxivision-1-5l-gran-ventana-transparente-y-temperatura-ajustable-acero-inoxidable-de-tipo-304","status":"publish","type":"product","link":"https:\/\/seamlessview.shop\/es\/producto\/aigostar-freidora-1000w-ventana-maxivision-1-5l-gran-ventana-transparente-y-temperatura-ajustable-acero-inoxidable-de-tipo-304\/","title":{"rendered":"AIGOSTAR Freidora 1000W | Ventana MaxiVision +1.5L | Gran Ventana Transparente y Temperatura Ajustable | Acero inoxidable de Tipo 304"},"content":{"rendered":"<div data-elementor-type=\"product-post\" data-elementor-id=\"3950\" class=\"elementor elementor-3950\" data-elementor-post-type=\"product\">\n\t\t\t\t<div class=\"elementor-element elementor-element-29f6a54c e-flex e-con-boxed e-con e-parent\" data-id=\"29f6a54c\" data-element_type=\"container\" data-settings=\"{&quot;ekit_has_onepagescroll_dot&quot;:&quot;yes&quot;}\">\n\t\t\t\t\t<div class=\"e-con-inner\">\n\t\t<div class=\"elementor-element elementor-element-68aa379c e-con-full e-flex e-con e-child\" data-id=\"68aa379c\" data-element_type=\"container\" data-settings=\"{&quot;ekit_has_onepagescroll_dot&quot;:&quot;yes&quot;}\">\n\t\t\t\t<div class=\"elementor-element elementor-element-7c247cce elementor-widget elementor-widget-video\" data-id=\"7c247cce\" data-element_type=\"widget\" data-settings=\"{&quot;video_type&quot;:&quot;hosted&quot;,&quot;controls&quot;:&quot;yes&quot;,&quot;ekit_we_effect_on&quot;:&quot;none&quot;}\" data-widget_type=\"video.default\">\n\t\t\t\t<div class=\"elementor-widget-container\">\n\t\t\t\t\t\t\t<div class=\"e-hosted-video elementor-wrapper elementor-open-inline\">\n\t\t\t\t\t<video class=\"elementor-video\" src=\"https:\/\/seamlessview.shop\/wp-content\/uploads\/2026\/03\/1-3.mp4\" controls=\"\" preload=\"metadata\" controlslist=\"nodownload\"><\/video>\n\t\t\t\t<\/div>\n\t\t\t\t\t\t<\/div>\n\t\t\t\t<\/div>\n\t\t\t\t<\/div>\n\t\t<div class=\"elementor-element elementor-element-54a0cbfb e-con-full e-flex e-con e-child\" data-id=\"54a0cbfb\" data-element_type=\"container\" data-settings=\"{&quot;ekit_has_onepagescroll_dot&quot;:&quot;yes&quot;}\">\n\t\t\t\t<div class=\"elementor-element elementor-element-320c472b elementor-widget elementor-widget-text-editor\" data-id=\"320c472b\" data-element_type=\"widget\" data-settings=\"{&quot;ekit_we_effect_on&quot;:&quot;none&quot;}\" data-widget_type=\"text-editor.default\">\n\t\t\t\t<div class=\"elementor-widget-container\">\n\t\t\t\t\t\t\t\t\t<div class=\"elementor-widget-container\">\n Informaci\u00f3n sobre el producto\n<div class=\"product-table\">\n<div class=\"product-row\">\n<div class=\"product-label\"><strong>Peso<\/strong><\/div>\n<div class=\"product-value\">Ligero<\/div>\n<\/div>\n<div class=\"product-row\">\n<div class=\"product-label\"><strong>Uso<\/strong><\/div>\n<div class=\"product-value\">Fre\u00edr alimentos sin aceite, cocinar en casa<\/div>\n<\/div>\n<div class=\"product-row\">\n<div class=\"product-label\"><strong>Para qui\u00e9n<\/strong><\/div>\n<div class=\"product-value\">Familias, amantes de la cocina saludable<\/div>\n<\/div>\n<div class=\"product-row\">\n<div class=\"product-label\"><strong>Material<\/strong><\/div>\n<div class=\"product-value\">Acero inoxidable 304, pl\u00e1stico resistente<\/div>\n<\/div>\n<\/div>\n<style>\n.product-table {\nwidth: 100%;\nborder-top: 1px solid #000;\nfont-family: Arial, sans-serif;\n}\n.product-row {\ndisplay: flex;\nborder-bottom: 1px solid #000;\npadding: 12px 0;\n}\n.product-label {\nflex: 1;\nfont-weight: bold;\nmin-width: 200px;\npadding-right: 20px;\n}\n.product-value {\nflex: 1;\nmin-width: 200px;\n}\n<\/style>\n<\/div>\t\t\t\t\t\t\t\t<\/div>\n\t\t\t\t<\/div>\n\t\t\t\t<\/div>\n\t\t\t\t\t<\/div>\n\t\t\t\t<\/div>\n\t\t<div class=\"elementor-element elementor-element-624ba281 e-flex e-con-boxed e-con e-parent\" data-id=\"624ba281\" data-element_type=\"container\" data-settings=\"{&quot;ekit_has_onepagescroll_dot&quot;:&quot;yes&quot;}\">\n\t\t\t\t\t<div class=\"e-con-inner\">\n\t\t\t\t<div class=\"elementor-element elementor-element-28365c04 elementor-widget elementor-widget-image\" data-id=\"28365c04\" data-element_type=\"widget\" data-settings=\"{&quot;ekit_we_effect_on&quot;:&quot;none&quot;}\" data-widget_type=\"image.default\">\n\t\t\t\t<div class=\"elementor-widget-container\">\n\t\t\t\t\t\t\t\t\t\t\t\t\t\t\t<img fetchpriority=\"high\" decoding=\"async\" width=\"1500\" height=\"1500\" src=\"https:\/\/seamlessview.shop\/wp-content\/uploads\/2026\/03\/71C9PWE6mWL._AC_SL1500_.jpg\" class=\"attachment-full size-full wp-image-3960 wvs-archive-product-image\" alt=\"\" srcset=\"https:\/\/seamlessview.shop\/wp-content\/uploads\/2026\/03\/71C9PWE6mWL._AC_SL1500_.jpg 1500w, https:\/\/seamlessview.shop\/wp-content\/uploads\/2026\/03\/71C9PWE6mWL._AC_SL1500_-300x300.jpg 300w, https:\/\/seamlessview.shop\/wp-content\/uploads\/2026\/03\/71C9PWE6mWL._AC_SL1500_-1024x1024.jpg 1024w, https:\/\/seamlessview.shop\/wp-content\/uploads\/2026\/03\/71C9PWE6mWL._AC_SL1500_-150x150.jpg 150w, https:\/\/seamlessview.shop\/wp-content\/uploads\/2026\/03\/71C9PWE6mWL._AC_SL1500_-768x768.jpg 768w, https:\/\/seamlessview.shop\/wp-content\/uploads\/2026\/03\/71C9PWE6mWL._AC_SL1500_-12x12.jpg 12w, https:\/\/seamlessview.shop\/wp-content\/uploads\/2026\/03\/71C9PWE6mWL._AC_SL1500_-600x600.jpg 600w, https:\/\/seamlessview.shop\/wp-content\/uploads\/2026\/03\/71C9PWE6mWL._AC_SL1500_-100x100.jpg 100w, https:\/\/seamlessview.shop\/wp-content\/uploads\/2026\/03\/71C9PWE6mWL._AC_SL1500_-50x50.jpg 50w\" sizes=\"(max-width: 1500px) 100vw, 1500px\" \/>\t\t\t\t\t\t\t\t\t\t\t\t\t\t\t<\/div>\n\t\t\t\t<\/div>\n\t\t\t\t<div class=\"elementor-element elementor-element-7c7036b elementor-widget elementor-widget-image\" data-id=\"7c7036b\" data-element_type=\"widget\" data-settings=\"{&quot;ekit_we_effect_on&quot;:&quot;none&quot;}\" data-widget_type=\"image.default\">\n\t\t\t\t<div class=\"elementor-widget-container\">\n\t\t\t\t\t\t\t\t\t\t\t\t\t\t\t<img decoding=\"async\" width=\"1500\" height=\"1500\" src=\"https:\/\/seamlessview.shop\/wp-content\/uploads\/2026\/03\/71axe5cevEL._AC_SL1500_.jpg\" class=\"attachment-full size-full wp-image-3961 wvs-archive-product-image\" alt=\"\" srcset=\"https:\/\/seamlessview.shop\/wp-content\/uploads\/2026\/03\/71axe5cevEL._AC_SL1500_.jpg 1500w, https:\/\/seamlessview.shop\/wp-content\/uploads\/2026\/03\/71axe5cevEL._AC_SL1500_-300x300.jpg 300w, https:\/\/seamlessview.shop\/wp-content\/uploads\/2026\/03\/71axe5cevEL._AC_SL1500_-1024x1024.jpg 1024w, https:\/\/seamlessview.shop\/wp-content\/uploads\/2026\/03\/71axe5cevEL._AC_SL1500_-150x150.jpg 150w, https:\/\/seamlessview.shop\/wp-content\/uploads\/2026\/03\/71axe5cevEL._AC_SL1500_-768x768.jpg 768w, https:\/\/seamlessview.shop\/wp-content\/uploads\/2026\/03\/71axe5cevEL._AC_SL1500_-12x12.jpg 12w, https:\/\/seamlessview.shop\/wp-content\/uploads\/2026\/03\/71axe5cevEL._AC_SL1500_-600x600.jpg 600w, https:\/\/seamlessview.shop\/wp-content\/uploads\/2026\/03\/71axe5cevEL._AC_SL1500_-100x100.jpg 100w, https:\/\/seamlessview.shop\/wp-content\/uploads\/2026\/03\/71axe5cevEL._AC_SL1500_-50x50.jpg 50w\" sizes=\"(max-width: 1500px) 100vw, 1500px\" \/>\t\t\t\t\t\t\t\t\t\t\t\t\t\t\t<\/div>\n\t\t\t\t<\/div>\n\t\t\t\t<div class=\"elementor-element elementor-element-5f33c0d3 elementor-widget elementor-widget-image\" data-id=\"5f33c0d3\" data-element_type=\"widget\" data-settings=\"{&quot;ekit_we_effect_on&quot;:&quot;none&quot;}\" data-widget_type=\"image.default\">\n\t\t\t\t<div class=\"elementor-widget-container\">\n\t\t\t\t\t\t\t\t\t\t\t\t\t\t\t<img decoding=\"async\" width=\"1500\" height=\"1500\" src=\"https:\/\/seamlessview.shop\/wp-content\/uploads\/2026\/03\/81a1k5rR5L._AC_SL1500_.jpg\" class=\"attachment-full size-full wp-image-3962 wvs-archive-product-image\" alt=\"\" srcset=\"https:\/\/seamlessview.shop\/wp-content\/uploads\/2026\/03\/81a1k5rR5L._AC_SL1500_.jpg 1500w, https:\/\/seamlessview.shop\/wp-content\/uploads\/2026\/03\/81a1k5rR5L._AC_SL1500_-300x300.jpg 300w, https:\/\/seamlessview.shop\/wp-content\/uploads\/2026\/03\/81a1k5rR5L._AC_SL1500_-1024x1024.jpg 1024w, https:\/\/seamlessview.shop\/wp-content\/uploads\/2026\/03\/81a1k5rR5L._AC_SL1500_-150x150.jpg 150w, https:\/\/seamlessview.shop\/wp-content\/uploads\/2026\/03\/81a1k5rR5L._AC_SL1500_-768x768.jpg 768w, https:\/\/seamlessview.shop\/wp-content\/uploads\/2026\/03\/81a1k5rR5L._AC_SL1500_-12x12.jpg 12w, https:\/\/seamlessview.shop\/wp-content\/uploads\/2026\/03\/81a1k5rR5L._AC_SL1500_-600x600.jpg 600w, https:\/\/seamlessview.shop\/wp-content\/uploads\/2026\/03\/81a1k5rR5L._AC_SL1500_-100x100.jpg 100w, https:\/\/seamlessview.shop\/wp-content\/uploads\/2026\/03\/81a1k5rR5L._AC_SL1500_-50x50.jpg 50w\" sizes=\"(max-width: 1500px) 100vw, 1500px\" \/>\t\t\t\t\t\t\t\t\t\t\t\t\t\t\t<\/div>\n\t\t\t\t<\/div>\n\t\t\t\t<div class=\"elementor-element elementor-element-5a8d154 elementor-widget elementor-widget-image\" data-id=\"5a8d154\" data-element_type=\"widget\" data-settings=\"{&quot;ekit_we_effect_on&quot;:&quot;none&quot;}\" data-widget_type=\"image.default\">\n\t\t\t\t<div class=\"elementor-widget-container\">\n\t\t\t\t\t\t\t\t\t\t\t\t\t\t\t<img loading=\"lazy\" decoding=\"async\" width=\"1024\" height=\"1007\" src=\"https:\/\/seamlessview.shop\/wp-content\/uploads\/2026\/03\/S40ec2ffc0b634d0e85368f4dbe985e39l-1024x1007-1.webp\" class=\"attachment-full size-full wp-image-3963 wvs-archive-product-image\" alt=\"\" srcset=\"https:\/\/seamlessview.shop\/wp-content\/uploads\/2026\/03\/S40ec2ffc0b634d0e85368f4dbe985e39l-1024x1007-1.webp 1024w, https:\/\/seamlessview.shop\/wp-content\/uploads\/2026\/03\/S40ec2ffc0b634d0e85368f4dbe985e39l-1024x1007-1-300x295.webp 300w, https:\/\/seamlessview.shop\/wp-content\/uploads\/2026\/03\/S40ec2ffc0b634d0e85368f4dbe985e39l-1024x1007-1-768x755.webp 768w, https:\/\/seamlessview.shop\/wp-content\/uploads\/2026\/03\/S40ec2ffc0b634d0e85368f4dbe985e39l-1024x1007-1-12x12.webp 12w, https:\/\/seamlessview.shop\/wp-content\/uploads\/2026\/03\/S40ec2ffc0b634d0e85368f4dbe985e39l-1024x1007-1-600x590.webp 600w, https:\/\/seamlessview.shop\/wp-content\/uploads\/2026\/03\/S40ec2ffc0b634d0e85368f4dbe985e39l-1024x1007-1-50x50.webp 50w\" sizes=\"(max-width: 1024px) 100vw, 1024px\" \/>\t\t\t\t\t\t\t\t\t\t\t\t\t\t\t<\/div>\n\t\t\t\t<\/div>\n\t\t\t\t<div class=\"elementor-element elementor-element-370c36bd elementor-widget elementor-widget-image\" data-id=\"370c36bd\" data-element_type=\"widget\" data-settings=\"{&quot;ekit_we_effect_on&quot;:&quot;none&quot;}\" data-widget_type=\"image.default\">\n\t\t\t\t<div class=\"elementor-widget-container\">\n\t\t\t\t\t\t\t\t\t\t\t\t\t\t\t<img loading=\"lazy\" decoding=\"async\" width=\"1024\" height=\"1006\" src=\"https:\/\/seamlessview.shop\/wp-content\/uploads\/2026\/03\/Sfd2e89c5c76b42c38e4a1749b2bffadco-1024x1006-1.webp\" class=\"attachment-full size-full wp-image-3964 wvs-archive-product-image\" alt=\"\" srcset=\"https:\/\/seamlessview.shop\/wp-content\/uploads\/2026\/03\/Sfd2e89c5c76b42c38e4a1749b2bffadco-1024x1006-1.webp 1024w, https:\/\/seamlessview.shop\/wp-content\/uploads\/2026\/03\/Sfd2e89c5c76b42c38e4a1749b2bffadco-1024x1006-1-300x295.webp 300w, https:\/\/seamlessview.shop\/wp-content\/uploads\/2026\/03\/Sfd2e89c5c76b42c38e4a1749b2bffadco-1024x1006-1-768x755.webp 768w, https:\/\/seamlessview.shop\/wp-content\/uploads\/2026\/03\/Sfd2e89c5c76b42c38e4a1749b2bffadco-1024x1006-1-12x12.webp 12w, https:\/\/seamlessview.shop\/wp-content\/uploads\/2026\/03\/Sfd2e89c5c76b42c38e4a1749b2bffadco-1024x1006-1-600x589.webp 600w, https:\/\/seamlessview.shop\/wp-content\/uploads\/2026\/03\/Sfd2e89c5c76b42c38e4a1749b2bffadco-1024x1006-1-50x50.webp 50w\" sizes=\"(max-width: 1024px) 100vw, 1024px\" \/>\t\t\t\t\t\t\t\t\t\t\t\t\t\t\t<\/div>\n\t\t\t\t<\/div>\n\t\t\t\t<div class=\"elementor-element elementor-element-77031951 elementor-widget elementor-widget-image\" data-id=\"77031951\" data-element_type=\"widget\" data-settings=\"{&quot;ekit_we_effect_on&quot;:&quot;none&quot;}\" data-widget_type=\"image.default\">\n\t\t\t\t<div class=\"elementor-widget-container\">\n\t\t\t\t\t\t\t\t\t\t\t\t\t\t\t<img loading=\"lazy\" decoding=\"async\" width=\"1000\" height=\"1000\" src=\"https:\/\/seamlessview.shop\/wp-content\/uploads\/2026\/03\/Sce0362bac2b34e90a6f9775225e97faeh-1.webp\" class=\"attachment-full size-full wp-image-3965 wvs-archive-product-image\" alt=\"\" srcset=\"https:\/\/seamlessview.shop\/wp-content\/uploads\/2026\/03\/Sce0362bac2b34e90a6f9775225e97faeh-1.webp 1000w, https:\/\/seamlessview.shop\/wp-content\/uploads\/2026\/03\/Sce0362bac2b34e90a6f9775225e97faeh-1-300x300.webp 300w, https:\/\/seamlessview.shop\/wp-content\/uploads\/2026\/03\/Sce0362bac2b34e90a6f9775225e97faeh-1-150x150.webp 150w, https:\/\/seamlessview.shop\/wp-content\/uploads\/2026\/03\/Sce0362bac2b34e90a6f9775225e97faeh-1-768x768.webp 768w, https:\/\/seamlessview.shop\/wp-content\/uploads\/2026\/03\/Sce0362bac2b34e90a6f9775225e97faeh-1-12x12.webp 12w, https:\/\/seamlessview.shop\/wp-content\/uploads\/2026\/03\/Sce0362bac2b34e90a6f9775225e97faeh-1-600x600.webp 600w, https:\/\/seamlessview.shop\/wp-content\/uploads\/2026\/03\/Sce0362bac2b34e90a6f9775225e97faeh-1-100x100.webp 100w, https:\/\/seamlessview.shop\/wp-content\/uploads\/2026\/03\/Sce0362bac2b34e90a6f9775225e97faeh-1-50x50.webp 50w\" sizes=\"(max-width: 1000px) 100vw, 1000px\" \/>\t\t\t\t\t\t\t\t\t\t\t\t\t\t\t<\/div>\n\t\t\t\t<\/div>\n\t\t\t\t\t<\/div>\n\t\t\t\t<\/div>\n\t\t\t\t<\/div>","protected":false},"excerpt":{"rendered":"<p>https:\/\/seamlessview.shop\/wp-content\/uploads\/2026\/03\/1-3.mp4 Informaci\u00f3n del producto Peso Ligero Uso Fre\u00edr alimentos sin aceite, cocinar en el hogar Para qui\u00e9n Familias, amantes de la cocina saludable Material Acero inoxidable 304, pl\u00e1stico resistente<\/p>","protected":false},"featured_media":3951,"comment_status":"open","ping_status":"closed","template":"","meta":{"_acf_changed":false},"product_brand":[],"product_cat":[35],"product_tag":[],"class_list":{"0":"post-3950","1":"product","2":"type-product","3":"status-publish","4":"has-post-thumbnail","6":"product_cat-sale","8":"first","9":"instock","10":"sale","11":"shipping-taxable","12":"purchasable","13":"product-type-simple"},"acf":[],"_links":{"self":[{"href":"https:\/\/seamlessview.shop\/es\/wp-json\/wp\/v2\/product\/3950","targetHints":{"allow":["GET"]}}],"collection":[{"href":"https:\/\/seamlessview.shop\/es\/wp-json\/wp\/v2\/product"}],"about":[{"href":"https:\/\/seamlessview.shop\/es\/wp-json\/wp\/v2\/types\/product"}],"replies":[{"embeddable":true,"href":"https:\/\/seamlessview.shop\/es\/wp-json\/wp\/v2\/comments?post=3950"}],"version-history":[{"count":4,"href":"https:\/\/seamlessview.shop\/es\/wp-json\/wp\/v2\/product\/3950\/revisions"}],"predecessor-version":[{"id":3973,"href":"https:\/\/seamlessview.shop\/es\/wp-json\/wp\/v2\/product\/3950\/revisions\/3973"}],"wp:featuredmedia":[{"embeddable":true,"href":"https:\/\/seamlessview.shop\/es\/wp-json\/wp\/v2\/media\/3951"}],"wp:attachment":[{"href":"https:\/\/seamlessview.shop\/es\/wp-json\/wp\/v2\/media?parent=3950"}],"wp:term":[{"taxonomy":"product_brand","embeddable":true,"href":"https:\/\/seamlessview.shop\/es\/wp-json\/wp\/v2\/product_brand?post=3950"},{"taxonomy":"product_cat","embeddable":true,"href":"https:\/\/seamlessview.shop\/es\/wp-json\/wp\/v2\/product_cat?post=3950"},{"taxonomy":"product_tag","embeddable":true,"href":"https:\/\/seamlessview.shop\/es\/wp-json\/wp\/v2\/product_tag?post=3950"}],"curies":[{"name":"wp","href":"https:\/\/api.w.org\/{rel}","templated":true}]}}